{"id":102,"date":"2025-07-16T07:33:55","date_gmt":"2025-07-16T07:33:55","guid":{"rendered":"http:\/\/kece-dunyasi.local\/?page_id=102"},"modified":"2026-02-09T11:43:36","modified_gmt":"2026-02-09T11:43:36","slug":"home","status":"publish","type":"page","link":"https:\/\/kecedunyasi.com\/ar\/","title":{"rendered":"Home"},"content":{"rendered":"","protected":false},"excerpt":{"rendered":"","protected":false},"author":1,"featured_media":0,"parent":0,"menu_order":0,"comment_status":"closed","ping_status":"closed","template":"front-page.php","meta":{"_acf_changed":false,"footnotes":""},"class_list":["post-102","page","type-page","status-publish","hentry"],"acf":[],"yoast_head":"<!-- This site is optimized with the Yoast SEO plugin v26.9 - https:\/\/yoast.com\/product\/yoast-seo-wordpress\/ -->\n<title>\u0639\u0627\u0644\u0645 \u0627\u0644\u0644\u0628\u0627\u062f | \u062a\u0635\u0646\u064a\u0639 \u0627\u0644\u0644\u0628\u0627\u062f \u0628\u0627\u0644\u062c\u0645\u0644\u0629 \u0648\u062d\u0644\u0648\u0644 \u0627\u0644\u0644\u0628\u0627\u062f \u0627\u0644\u062a\u0642\u0646\u064a\u0629<\/title>\n<meta name=\"description\" content=\"Ke\u00e7e D\u00fcnyas\u0131: \u0625\u0646\u062a\u0627\u062c \u0627\u0644\u0644\u0628\u0627\u062f \u0628\u0627\u0644\u062c\u0645\u0644\u0629 \u0648\u062d\u0644\u0648\u0644 \u0627\u0644\u0644\u0628\u0627\u062f \u0627\u0644\u062a\u0642\u0646\u064a\u0629. \u062a\u0648\u0631\u064a\u062f \u0633\u0631\u064a\u0639 \u0639\u0644\u0649 \u0645\u0633\u062a\u0648\u0649 \u062a\u0631\u0643\u064a\u0627 \u0644\u0650\u0644\u0651\u0628\u0627\u062f \u0627\u0644\u0635\u0646\u0627\u0639\u064a \u0648\u0627\u0644\u0646\u0633\u064a\u062c\u064a \u0648\u0627\u0644\u0635\u0648\u062a\u064a \u0648\u0644\u0628\u0627\u062f \u0627\u0644\u0647\u0648\u0627\u064a\u0627\u062a.\" \/>\n<meta name=\"robots\" content=\"index, follow, max-snippet:-1, max-image-preview:large, max-video-preview:-1\" \/>\n<link rel=\"canonical\" href=\"https:\/\/kecedunyasi.com\/ar\/\" \/>\n<meta property=\"og:locale\" content=\"ar_AR\" \/>\n<meta property=\"og:type\" content=\"article\" \/>\n<meta property=\"og:title\" content=\"\u0639\u0627\u0644\u0645 \u0627\u0644\u0644\u0628\u0627\u062f | \u062a\u0635\u0646\u064a\u0639 \u0627\u0644\u0644\u0628\u0627\u062f \u0628\u0627\u0644\u062c\u0645\u0644\u0629 \u0648\u062d\u0644\u0648\u0644 \u0627\u0644\u0644\u0628\u0627\u062f \u0627\u0644\u062a\u0642\u0646\u064a\u0629\" \/>\n<meta property=\"og:description\" content=\"Ke\u00e7e D\u00fcnyas\u0131: \u0625\u0646\u062a\u0627\u062c \u0627\u0644\u0644\u0628\u0627\u062f \u0628\u0627\u0644\u062c\u0645\u0644\u0629 \u0648\u062d\u0644\u0648\u0644 \u0627\u0644\u0644\u0628\u0627\u062f \u0627\u0644\u062a\u0642\u0646\u064a\u0629. \u062a\u0648\u0631\u064a\u062f \u0633\u0631\u064a\u0639 \u0639\u0644\u0649 \u0645\u0633\u062a\u0648\u0649 \u062a\u0631\u0643\u064a\u0627 \u0644\u0650\u0644\u0651\u0628\u0627\u062f \u0627\u0644\u0635\u0646\u0627\u0639\u064a \u0648\u0627\u0644\u0646\u0633\u064a\u062c\u064a \u0648\u0627\u0644\u0635\u0648\u062a\u064a \u0648\u0644\u0628\u0627\u062f \u0627\u0644\u0647\u0648\u0627\u064a\u0627\u062a.\" \/>\n<meta property=\"og:url\" content=\"https:\/\/kecedunyasi.com\/ar\/\" \/>\n<meta property=\"og:site_name\" content=\"Ke\u00e7e D\u00fcnyas\u0131\" \/>\n<meta property=\"article:publisher\" content=\"https:\/\/www.facebook.com\/profile.php?id=100093286748515\" \/>\n<meta property=\"article:modified_time\" content=\"2026-02-09T11:43:36+00:00\" \/>\n<meta name=\"twitter:card\" content=\"summary_large_image\" \/>\n<script type=\"application\/ld+json\" class=\"yoast-schema-graph\">{\"@context\":\"https:\/\/schema.org\",\"@graph\":[{\"@type\":\"WebPage\",\"@id\":\"https:\/\/kecedunyasi.com\/ar\/\",\"url\":\"https:\/\/kecedunyasi.com\/ar\/\",\"name\":\"\u0639\u0627\u0644\u0645 \u0627\u0644\u0644\u0628\u0627\u062f | \u062a\u0635\u0646\u064a\u0639 \u0627\u0644\u0644\u0628\u0627\u062f \u0628\u0627\u0644\u062c\u0645\u0644\u0629 \u0648\u062d\u0644\u0648\u0644 \u0627\u0644\u0644\u0628\u0627\u062f \u0627\u0644\u062a\u0642\u0646\u064a\u0629\",\"isPartOf\":{\"@id\":\"https:\/\/kecedunyasi.com\/ar\/#website\"},\"datePublished\":\"2025-07-16T07:33:55+00:00\",\"dateModified\":\"2026-02-09T11:43:36+00:00\",\"description\":\"Ke\u00e7e D\u00fcnyas\u0131: \u0625\u0646\u062a\u0627\u062c \u0627\u0644\u0644\u0628\u0627\u062f \u0628\u0627\u0644\u062c\u0645\u0644\u0629 \u0648\u062d\u0644\u0648\u0644 \u0627\u0644\u0644\u0628\u0627\u062f \u0627\u0644\u062a\u0642\u0646\u064a\u0629. \u062a\u0648\u0631\u064a\u062f \u0633\u0631\u064a\u0639 \u0639\u0644\u0649 \u0645\u0633\u062a\u0648\u0649 \u062a\u0631\u0643\u064a\u0627 \u0644\u0650\u0644\u0651\u0628\u0627\u062f \u0627\u0644\u0635\u0646\u0627\u0639\u064a \u0648\u0627\u0644\u0646\u0633\u064a\u062c\u064a \u0648\u0627\u0644\u0635\u0648\u062a\u064a \u0648\u0644\u0628\u0627\u062f \u0627\u0644\u0647\u0648\u0627\u064a\u0627\u062a.\",\"breadcrumb\":{\"@id\":\"https:\/\/kecedunyasi.com\/ar\/#breadcrumb\"},\"inLanguage\":\"ar\",\"potentialAction\":[{\"@type\":\"ReadAction\",\"target\":[\"https:\/\/kecedunyasi.com\/ar\/\"]}]},{\"@type\":\"BreadcrumbList\",\"@id\":\"https:\/\/kecedunyasi.com\/ar\/#breadcrumb\",\"itemListElement\":[{\"@type\":\"ListItem\",\"position\":1,\"name\":\"Home\",\"item\":\"https:\/\/kecedunyasi.com\/ar\/\"},{\"@type\":\"ListItem\",\"position\":2,\"name\":\"Home\"}]},{\"@type\":\"WebSite\",\"@id\":\"https:\/\/kecedunyasi.com\/ar\/#website\",\"url\":\"https:\/\/kecedunyasi.com\/ar\/\",\"name\":\"Ke\u00e7e D\u00fcnyas\u0131\",\"description\":\"\",\"publisher\":{\"@id\":\"https:\/\/kecedunyasi.com\/ar\/#organization\"},\"potentialAction\":[{\"@type\":\"SearchAction\",\"target\":{\"@type\":\"EntryPoint\",\"urlTemplate\":\"https:\/\/kecedunyasi.com\/ar\/?s={search_term_string}\"},\"query-input\":{\"@type\":\"PropertyValueSpecification\",\"valueRequired\":true,\"valueName\":\"search_term_string\"}}],\"inLanguage\":\"ar\"},{\"@type\":\"Organization\",\"@id\":\"https:\/\/kecedunyasi.com\/ar\/#organization\",\"name\":\"Ke\u00e7e D\u00fcnyas\u0131\",\"url\":\"https:\/\/kecedunyasi.com\/ar\/\",\"logo\":{\"@type\":\"ImageObject\",\"inLanguage\":\"ar\",\"@id\":\"https:\/\/kecedunyasi.com\/ar\/#\/schema\/logo\/image\/\",\"url\":\"https:\/\/kecedunyasi.bootests.com\/wp-content\/uploads\/kece-dunyasi-og-image.webp\",\"contentUrl\":\"https:\/\/kecedunyasi.bootests.com\/wp-content\/uploads\/kece-dunyasi-og-image.webp\",\"width\":1200,\"height\":625,\"caption\":\"Ke\u00e7e D\u00fcnyas\u0131\"},\"image\":{\"@id\":\"https:\/\/kecedunyasi.com\/ar\/#\/schema\/logo\/image\/\"},\"sameAs\":[\"https:\/\/www.facebook.com\/profile.php?id=100093286748515\",\"https:\/\/www.instagram.com\/tekspa.com.tr\/\"]}]}<\/script>\n<!-- \/ Yoast SEO plugin. -->","yoast_head_json":{"title":"\u0639\u0627\u0644\u0645 \u0627\u0644\u0644\u0628\u0627\u062f | \u062a\u0635\u0646\u064a\u0639 \u0627\u0644\u0644\u0628\u0627\u062f \u0628\u0627\u0644\u062c\u0645\u0644\u0629 \u0648\u062d\u0644\u0648\u0644 \u0627\u0644\u0644\u0628\u0627\u062f \u0627\u0644\u062a\u0642\u0646\u064a\u0629","description":"Ke\u00e7e D\u00fcnyas\u0131: \u0625\u0646\u062a\u0627\u062c \u0627\u0644\u0644\u0628\u0627\u062f \u0628\u0627\u0644\u062c\u0645\u0644\u0629 \u0648\u062d\u0644\u0648\u0644 \u0627\u0644\u0644\u0628\u0627\u062f \u0627\u0644\u062a\u0642\u0646\u064a\u0629. \u062a\u0648\u0631\u064a\u062f \u0633\u0631\u064a\u0639 \u0639\u0644\u0649 \u0645\u0633\u062a\u0648\u0649 \u062a\u0631\u0643\u064a\u0627 \u0644\u0650\u0644\u0651\u0628\u0627\u062f \u0627\u0644\u0635\u0646\u0627\u0639\u064a \u0648\u0627\u0644\u0646\u0633\u064a\u062c\u064a \u0648\u0627\u0644\u0635\u0648\u062a\u064a \u0648\u0644\u0628\u0627\u062f \u0627\u0644\u0647\u0648\u0627\u064a\u0627\u062a.","robots":{"index":"index","follow":"follow","max-snippet":"max-snippet:-1","max-image-preview":"max-image-preview:large","max-video-preview":"max-video-preview:-1"},"canonical":"https:\/\/kecedunyasi.com\/ar\/","og_locale":"ar_AR","og_type":"article","og_title":"\u0639\u0627\u0644\u0645 \u0627\u0644\u0644\u0628\u0627\u062f | \u062a\u0635\u0646\u064a\u0639 \u0627\u0644\u0644\u0628\u0627\u062f \u0628\u0627\u0644\u062c\u0645\u0644\u0629 \u0648\u062d\u0644\u0648\u0644 \u0627\u0644\u0644\u0628\u0627\u062f \u0627\u0644\u062a\u0642\u0646\u064a\u0629","og_description":"Ke\u00e7e D\u00fcnyas\u0131: \u0625\u0646\u062a\u0627\u062c \u0627\u0644\u0644\u0628\u0627\u062f \u0628\u0627\u0644\u062c\u0645\u0644\u0629 \u0648\u062d\u0644\u0648\u0644 \u0627\u0644\u0644\u0628\u0627\u062f \u0627\u0644\u062a\u0642\u0646\u064a\u0629. \u062a\u0648\u0631\u064a\u062f \u0633\u0631\u064a\u0639 \u0639\u0644\u0649 \u0645\u0633\u062a\u0648\u0649 \u062a\u0631\u0643\u064a\u0627 \u0644\u0650\u0644\u0651\u0628\u0627\u062f \u0627\u0644\u0635\u0646\u0627\u0639\u064a \u0648\u0627\u0644\u0646\u0633\u064a\u062c\u064a \u0648\u0627\u0644\u0635\u0648\u062a\u064a \u0648\u0644\u0628\u0627\u062f \u0627\u0644\u0647\u0648\u0627\u064a\u0627\u062a.","og_url":"https:\/\/kecedunyasi.com\/ar\/","og_site_name":"Ke\u00e7e D\u00fcnyas\u0131","article_publisher":"https:\/\/www.facebook.com\/profile.php?id=100093286748515","article_modified_time":"2026-02-09T11:43:36+00:00","twitter_card":"summary_large_image","schema":{"@context":"https:\/\/schema.org","@graph":[{"@type":"WebPage","@id":"https:\/\/kecedunyasi.com\/ar\/","url":"https:\/\/kecedunyasi.com\/ar\/","name":"\u0639\u0627\u0644\u0645 \u0627\u0644\u0644\u0628\u0627\u062f | \u062a\u0635\u0646\u064a\u0639 \u0627\u0644\u0644\u0628\u0627\u062f \u0628\u0627\u0644\u062c\u0645\u0644\u0629 \u0648\u062d\u0644\u0648\u0644 \u0627\u0644\u0644\u0628\u0627\u062f \u0627\u0644\u062a\u0642\u0646\u064a\u0629","isPartOf":{"@id":"https:\/\/kecedunyasi.com\/ar\/#website"},"datePublished":"2025-07-16T07:33:55+00:00","dateModified":"2026-02-09T11:43:36+00:00","description":"Ke\u00e7e D\u00fcnyas\u0131: \u0625\u0646\u062a\u0627\u062c \u0627\u0644\u0644\u0628\u0627\u062f \u0628\u0627\u0644\u062c\u0645\u0644\u0629 \u0648\u062d\u0644\u0648\u0644 \u0627\u0644\u0644\u0628\u0627\u062f \u0627\u0644\u062a\u0642\u0646\u064a\u0629. \u062a\u0648\u0631\u064a\u062f \u0633\u0631\u064a\u0639 \u0639\u0644\u0649 \u0645\u0633\u062a\u0648\u0649 \u062a\u0631\u0643\u064a\u0627 \u0644\u0650\u0644\u0651\u0628\u0627\u062f \u0627\u0644\u0635\u0646\u0627\u0639\u064a \u0648\u0627\u0644\u0646\u0633\u064a\u062c\u064a \u0648\u0627\u0644\u0635\u0648\u062a\u064a \u0648\u0644\u0628\u0627\u062f \u0627\u0644\u0647\u0648\u0627\u064a\u0627\u062a.","breadcrumb":{"@id":"https:\/\/kecedunyasi.com\/ar\/#breadcrumb"},"inLanguage":"ar","potentialAction":[{"@type":"ReadAction","target":["https:\/\/kecedunyasi.com\/ar\/"]}]},{"@type":"BreadcrumbList","@id":"https:\/\/kecedunyasi.com\/ar\/#breadcrumb","itemListElement":[{"@type":"ListItem","position":1,"name":"Home","item":"https:\/\/kecedunyasi.com\/ar\/"},{"@type":"ListItem","position":2,"name":"Home"}]},{"@type":"WebSite","@id":"https:\/\/kecedunyasi.com\/ar\/#website","url":"https:\/\/kecedunyasi.com\/ar\/","name":"Ke\u00e7e D\u00fcnyas\u0131","description":"","publisher":{"@id":"https:\/\/kecedunyasi.com\/ar\/#organization"},"potentialAction":[{"@type":"SearchAction","target":{"@type":"EntryPoint","urlTemplate":"https:\/\/kecedunyasi.com\/ar\/?s={search_term_string}"},"query-input":{"@type":"PropertyValueSpecification","valueRequired":true,"valueName":"search_term_string"}}],"inLanguage":"ar"},{"@type":"Organization","@id":"https:\/\/kecedunyasi.com\/ar\/#organization","name":"Ke\u00e7e D\u00fcnyas\u0131","url":"https:\/\/kecedunyasi.com\/ar\/","logo":{"@type":"ImageObject","inLanguage":"ar","@id":"https:\/\/kecedunyasi.com\/ar\/#\/schema\/logo\/image\/","url":"https:\/\/kecedunyasi.bootests.com\/wp-content\/uploads\/kece-dunyasi-og-image.webp","contentUrl":"https:\/\/kecedunyasi.bootests.com\/wp-content\/uploads\/kece-dunyasi-og-image.webp","width":1200,"height":625,"caption":"Ke\u00e7e D\u00fcnyas\u0131"},"image":{"@id":"https:\/\/kecedunyasi.com\/ar\/#\/schema\/logo\/image\/"},"sameAs":["https:\/\/www.facebook.com\/profile.php?id=100093286748515","https:\/\/www.instagram.com\/tekspa.com.tr\/"]}]}},"_links":{"self":[{"href":"https:\/\/kecedunyasi.com\/ar\/wp-json\/wp\/v2\/pages\/102","targetHints":{"allow":["GET"]}}],"collection":[{"href":"https:\/\/kecedunyasi.com\/ar\/wp-json\/wp\/v2\/pages"}],"about":[{"href":"https:\/\/kecedunyasi.com\/ar\/wp-json\/wp\/v2\/types\/page"}],"author":[{"embeddable":true,"href":"https:\/\/kecedunyasi.com\/ar\/wp-json\/wp\/v2\/users\/1"}],"replies":[{"embeddable":true,"href":"https:\/\/kecedunyasi.com\/ar\/wp-json\/wp\/v2\/comments?post=102"}],"version-history":[{"count":2,"href":"https:\/\/kecedunyasi.com\/ar\/wp-json\/wp\/v2\/pages\/102\/revisions"}],"predecessor-version":[{"id":13446,"href":"https:\/\/kecedunyasi.com\/ar\/wp-json\/wp\/v2\/pages\/102\/revisions\/13446"}],"wp:attachment":[{"href":"https:\/\/kecedunyasi.com\/ar\/wp-json\/wp\/v2\/media?parent=102"}],"curies":[{"name":"wp","href":"https:\/\/api.w.org\/{rel}","templated":true}]}}