{"id":381,"date":"2025-08-04T12:03:19","date_gmt":"2025-08-04T12:03:19","guid":{"rendered":"https:\/\/kecedunyasi.bootests.com\/?page_id=381"},"modified":"2026-02-09T07:19:04","modified_gmt":"2026-02-09T07:19:04","slug":"contact-us","status":"publish","type":"page","link":"https:\/\/kecedunyasi.com\/ar\/contact-us\/","title":{"rendered":"\u0627\u062a\u0635\u0644 \u0628\u0646\u0627"},"content":{"rendered":"    <section class=\"acfiletisim\">\n    <div class=\"container\">\n    <div class=\"section-header  d-lg-flex\">\n            <div class=\"section-header-content\">\n                <h2 class=\"section-title wow animate__fadeInUp\">\u0627\u062a\u0635\u0644 \u0628\u0646\u0627<\/h2>\n            <\/div>\n           \n            <p class=\"section-description-acf wow animate__fadeInUp\" data-wow-delay=\"0.1s\">\u0627\u0644\u062a\u0648\u0627\u0635\u0644 \u0645\u0639\u0646\u0627 \u0633\u0647\u0644 \u0644\u0644\u063a\u0627\u064a\u0629! \u0644\u0623\u064a \u0627\u0633\u062a\u0641\u0633\u0627\u0631\u0627\u062a \u0623\u0648 \u0627\u0642\u062a\u0631\u0627\u062d\u0627\u062a \u0623\u0648 \u0637\u0644\u0628\u0627\u062a \u062a\u0639\u0627\u0648\u0646\u060c \u064a\u0645\u0643\u0646\u0643\u0645 \u0627\u0644\u062a\u0648\u0627\u0635\u0644 \u0645\u0639\u0646\u0627 \u0628\u0627\u0633\u062a\u062e\u062f\u0627\u0645 \u0627\u0644\u0645\u0639\u0644\u0648\u0645\u0627\u062a \u0623\u062f\u0646\u0627\u0647.<\/p>\n        <\/div>\n    <div class=\"tasarlab-form-content-ik wow animate__fadeInUp\" data-wow-delay=\"0.2s\">\n      \n    <div class=\"form-iletisim wow animate__fadeInUp\" data-wow-delay=\"0.3s\">\n        \n<div class=\"wpcf7 no-js\" id=\"wpcf7-f372-o1\" lang=\"en-US\" dir=\"ltr\" data-wpcf7-id=\"372\">\n<div class=\"screen-reader-response\"><p role=\"status\" aria-live=\"polite\" aria-atomic=\"true\"><\/p> <ul><\/ul><\/div>\n<form action=\"\/ar\/wp-json\/wp\/v2\/pages\/381#wpcf7-f372-o1\" method=\"post\" class=\"wpcf7-form init\" aria-label=\"Contact form\" novalidate=\"novalidate\" data-status=\"init\">\n<fieldset class=\"hidden-fields-container\"><input type=\"hidden\" name=\"_wpcf7\" value=\"372\" \/><input type=\"hidden\" name=\"_wpcf7_version\" value=\"6.1.4\" \/><input type=\"hidden\" name=\"_wpcf7_locale\" value=\"en_US\" \/><input type=\"hidden\" name=\"_wpcf7_unit_tag\" value=\"wpcf7-f372-o1\" \/><input type=\"hidden\" name=\"_wpcf7_container_post\" value=\"0\" \/><input type=\"hidden\" name=\"_wpcf7_posted_data_hash\" value=\"\" \/>\n<\/fieldset>\n<div class=\"row\">\n\t<div class=\"col-lg-12\">\n\t\t<p><label> \u0627\u0644\u0627\u0633\u0645 \u0627\u0644\u0643\u0627\u0645\u0644*<\/label><span class=\"wpcf7-form-control-wrap\" data-name=\"your-name\"><input size=\"40\" maxlength=\"400\" class=\"wpcf7-form-control wpcf7-text wpcf7-validates-as-required\" aria-required=\"true\" aria-invalid=\"false\" value=\"\" type=\"text\" name=\"your-name\" \/><\/span>\n\t\t<\/p>\n\t<\/div>\n\t<div class=\"col-lg-12\">\n\t\t<p><label> \u0639\u0646\u0648\u0627\u0646 \u0627\u0644\u0628\u0631\u064a\u062f \u0627\u0644\u0625\u0644\u0643\u062a\u0631\u0648\u0646\u064a<\/label><span class=\"wpcf7-form-control-wrap\" data-name=\"your-email\"><input size=\"40\" maxlength=\"400\" class=\"wpcf7-form-control wpcf7-email wpcf7-validates-as-required wpcf7-text wpcf7-validates-as-email\" aria-required=\"true\" aria-invalid=\"false\" value=\"\" type=\"email\" name=\"your-email\" \/><\/span>\n\t\t<\/p>\n\t<\/div>\n\t<div class=\"col-lg-12\">\n\t\t<p><label> \u0627\u0644\u0645\u0648\u0636\u0648\u0639*<\/label><span class=\"wpcf7-form-control-wrap\" data-name=\"konu\"><input size=\"40\" maxlength=\"400\" class=\"wpcf7-form-control wpcf7-text\" aria-invalid=\"false\" value=\"\" type=\"text\" name=\"konu\" \/><\/span>\n\t\t<\/p>\n\t<\/div>\n\t<div class=\"col-lg-12\">\n\t\t<p><label> \u0627\u0644\u0631\u0633\u0627\u0644\u0629*<\/label><span class=\"wpcf7-form-control-wrap\" data-name=\"textarea-440\"><textarea cols=\"40\" rows=\"3\" maxlength=\"2000\" class=\"wpcf7-form-control wpcf7-textarea\" aria-invalid=\"false\" name=\"textarea-440\"><\/textarea><\/span>\n\t\t<\/p>\n\t<\/div>\n\t<p><span class=\"wpcf7-form-control-wrap\" data-name=\"your-consent\"><span class=\"wpcf7-form-control wpcf7-acceptance\"><span class=\"wpcf7-list-item\"><label><input type=\"checkbox\" name=\"your-consent\" value=\"1\" aria-invalid=\"false\" \/><span class=\"wpcf7-list-item-label\">\u0644\u0642\u062f \u0642\u0631\u0623\u062a \u0648\u0641\u0647\u0645\u062a <a href=\"\/ar\/gdpr\/\" target=\"_blank\">GDPR<\/a> \u0648 <a href=\"\/ar\/privacy-policy\/\" target=\"_blank\">\u0633\u064a\u0627\u0633\u0629 \u0627\u0644\u062e\u0635\u0648\u0635\u064a\u0629<\/a>\u060c \u0648\u0623\u0648\u0627\u0641\u0642 \u0628\u0645\u0648\u062c\u0628 \u0647\u0630\u0627 \u0639\u0644\u0649 \u0645\u0639\u0627\u0644\u062c\u0629 \u0628\u064a\u0627\u0646\u0627\u062a\u064a \u0627\u0644\u0634\u062e\u0635\u064a\u0629.<\/span><\/label><\/span><\/span><\/span>\n\t<\/p>\n\t<p><input class=\"wpcf7-form-control wpcf7-submit has-spinner\" type=\"submit\" value=\"\u0625\u0631\u0633\u0627\u0644\" \/>\n\t<\/p>\n<\/div><div class=\"wpcf7-response-output\" aria-hidden=\"true\"><\/div>\n<\/form>\n<\/div>\n    <\/div>    \n    <div class=\"form-iletisim-info wow animate__fadeInUp\" data-wow-delay=\"0.4s\">\n    \n        <div class=\"genel-list-sirketler\">\n            <div class=\"description-info\">\n                <div class=\"iletisim-title\">\u0627\u0644\u0645\u0628\u064a\u0639\u0627\u062a \u0648\u0627\u0644\u062a\u0633\u0648\u064a\u0642<\/div>\n                <div class=\"iletisim-tel\">\n                    <img decoding=\"async\" src=\"\/wp-content\/uploads\/Frame.svg\" alt=\"Telefon\" class=\"iletisim-icon\" \/>\n                    <a href=\"tel:+905446374904\">+90 (544) 637 49 04<\/a>   <a href=\"tel:+902126374904\">+90 (212) 637 49 04<\/a>\n                <\/div>\n                <div class=\"iletisim-mail\">\n                    <img decoding=\"async\" src=\"\/wp-content\/uploads\/mail-icon-1.svg\" alt=\"Mail\" class=\"iletisim-icon\" \/>\n                    <a href=\"mailto:bilgi@keced\u00fcnyasi.com\">bilgi@keced\u00fcnyasi.com<\/a>\n                <\/div>\n            <\/div>\n        <\/div>\n        \n        <div class=\"genel-list-sirketler\">\n            <div class=\"description-info\">\n                <div class=\"iletisim-title\">\u0642\u0633\u0645 \u0627\u0644\u0645\u0628\u064a\u0639\u0627\u062a \u0627\u0644\u062f\u0648\u0644\u064a\u0629<\/div>\n                <div class=\"iletisim-tel\">\n                    <img decoding=\"async\" src=\"\/wp-content\/uploads\/Frame.svg\" alt=\"Telefon\" class=\"iletisim-icon\" \/>\n                    <a href=\"tel:+905436374904\">+90 (543) 637 49 04<\/a>   <a href=\"tel:\"><\/a>\n                <\/div>\n                <div class=\"iletisim-mail\">\n                    <img decoding=\"async\" src=\"\/wp-content\/uploads\/mail-icon-1.svg\" alt=\"Mail\" class=\"iletisim-icon\" \/>\n                    <a href=\"mailto:sales@tekspa.com.tr\">sales@tekspa.com.tr<\/a>\n                <\/div>\n            <\/div>\n        <\/div>\n        \n        <div class=\"genel-list-sirketler\">\n            <div class=\"description-info\">\n                <div class=\"iletisim-title\">\u0627\u0644\u0645\u062d\u0627\u0633\u0628\u0629 \/ \u0627\u0644\u0645\u0627\u0644\u064a\u0629<\/div>\n                <div class=\"iletisim-tel\">\n                    <img decoding=\"async\" src=\"\/wp-content\/uploads\/Frame.svg\" alt=\"Telefon\" class=\"iletisim-icon\" \/>\n                    <a href=\"tel:+905426374904\">+90 (542) 637 49 04<\/a>   <a href=\"tel:\"><\/a>\n                <\/div>\n                \n            <\/div>\n        <\/div>\n            <\/div>\n<\/div>\n    <\/div>\n<\/section>\n\n<p><iframe src=\"https:\/\/www.google.com\/maps\/embed?pb=!1m14!1m8!1m3!1d3010.244522860379!2d28.883342!3d41.019906!3m2!1i1024!2i768!4f13.1!3m3!1m2!1s0x14cabbf0202e36b5%3A0x3ec9bdf1d1288165!2zS2XDp2UgRMO8bnlhc8SxIC0gVG9wdGFuIEtlw6dlIMSwbWFsYXTEsSB2ZSBTYXTEscWfxLE!5e0!3m2!1str!2sus!4v1754306353243!5m2!1str!2sus\" width=\"100%\" height=\"450\" style=\"border:0;\" allowfullscreen=\"\" loading=\"lazy\" referrerpolicy=\"no-referrer-when-downgrade\"><\/iframe><\/p>\n","protected":false},"excerpt":{"rendered":"","protected":false},"author":1,"featured_media":417,"parent":0,"menu_order":0,"comment_status":"closed","ping_status":"closed","template":"","meta":{"_acf_changed":false,"footnotes":""},"class_list":["post-381","page","type-page","status-publish","has-post-thumbnail","hentry"],"acf":[],"yoast_head":"<!-- This site is optimized with the Yoast SEO plugin v26.9 - https:\/\/yoast.com\/product\/yoast-seo-wordpress\/ -->\n<title>\u0627\u062a\u0635\u0644 \u0628\u0646\u0627 - Ke\u00e7e D\u00fcnyas\u0131<\/title>\n<meta name=\"description\" content=\"Getting in touch with us is easy! For any questions, suggestions, or collaboration requests, you can contact us using the information below.\" \/>\n<meta name=\"robots\" content=\"index, follow, max-snippet:-1, max-image-preview:large, max-video-preview:-1\" \/>\n<link rel=\"canonical\" href=\"https:\/\/kecedunyasi.com\/ar\/contact-us\/\" \/>\n<meta property=\"og:locale\" content=\"ar_AR\" \/>\n<meta property=\"og:type\" content=\"article\" \/>\n<meta property=\"og:title\" content=\"\u0627\u062a\u0635\u0644 \u0628\u0646\u0627 - Ke\u00e7e D\u00fcnyas\u0131\" \/>\n<meta property=\"og:description\" content=\"Getting in touch with us is easy! For any questions, suggestions, or collaboration requests, you can contact us using the information below.\" \/>\n<meta property=\"og:url\" content=\"https:\/\/kecedunyasi.com\/ar\/contact-us\/\" \/>\n<meta property=\"og:site_name\" content=\"Ke\u00e7e D\u00fcnyas\u0131\" \/>\n<meta property=\"article:publisher\" content=\"https:\/\/www.facebook.com\/profile.php?id=100093286748515\" \/>\n<meta property=\"article:modified_time\" content=\"2026-02-09T07:19:04+00:00\" \/>\n<meta property=\"og:image\" content=\"https:\/\/kecedunyasi.com\/ar\/wp-content\/uploads\/iletisim-scaled.webp\" \/>\n\t<meta property=\"og:image:width\" content=\"2560\" \/>\n\t<meta property=\"og:image:height\" content=\"600\" \/>\n\t<meta property=\"og:image:type\" content=\"image\/webp\" \/>\n<meta name=\"twitter:card\" content=\"summary_large_image\" \/>\n<meta name=\"twitter:label1\" content=\"\u0648\u0642\u062a \u0627\u0644\u0642\u0631\u0627\u0621\u0629 \u0627\u0644\u0645\u064f\u0642\u062f\u0651\u0631\" \/>\n\t<meta name=\"twitter:data1\" content=\"\u062f\u0642\u064a\u0642\u0629 \u0648\u0627\u062d\u062f\u0629\" \/>\n<script type=\"application\/ld+json\" class=\"yoast-schema-graph\">{\"@context\":\"https:\/\/schema.org\",\"@graph\":[{\"@type\":\"WebPage\",\"@id\":\"https:\/\/kecedunyasi.com\/ar\/contact-us\/\",\"url\":\"https:\/\/kecedunyasi.com\/ar\/contact-us\/\",\"name\":\"\u0627\u062a\u0635\u0644 \u0628\u0646\u0627 - Ke\u00e7e D\u00fcnyas\u0131\",\"isPartOf\":{\"@id\":\"https:\/\/kecedunyasi.com\/ar\/#website\"},\"primaryImageOfPage\":{\"@id\":\"https:\/\/kecedunyasi.com\/ar\/contact-us\/#primaryimage\"},\"image\":{\"@id\":\"https:\/\/kecedunyasi.com\/ar\/contact-us\/#primaryimage\"},\"thumbnailUrl\":\"https:\/\/kecedunyasi.com\/ar\/wp-content\/uploads\/iletisim-scaled.webp\",\"datePublished\":\"2025-08-04T12:03:19+00:00\",\"dateModified\":\"2026-02-09T07:19:04+00:00\",\"description\":\"Getting in touch with us is easy! For any questions, suggestions, or collaboration requests, you can contact us using the information below.\",\"breadcrumb\":{\"@id\":\"https:\/\/kecedunyasi.com\/ar\/contact-us\/#breadcrumb\"},\"inLanguage\":\"ar\",\"potentialAction\":[{\"@type\":\"ReadAction\",\"target\":[\"https:\/\/kecedunyasi.com\/ar\/contact-us\/\"]}]},{\"@type\":\"ImageObject\",\"inLanguage\":\"ar\",\"@id\":\"https:\/\/kecedunyasi.com\/ar\/contact-us\/#primaryimage\",\"url\":\"https:\/\/kecedunyasi.com\/ar\/wp-content\/uploads\/iletisim-scaled.webp\",\"contentUrl\":\"https:\/\/kecedunyasi.com\/ar\/wp-content\/uploads\/iletisim-scaled.webp\",\"width\":2560,\"height\":600},{\"@type\":\"BreadcrumbList\",\"@id\":\"https:\/\/kecedunyasi.com\/ar\/contact-us\/#breadcrumb\",\"itemListElement\":[{\"@type\":\"ListItem\",\"position\":1,\"name\":\"Home\",\"item\":\"https:\/\/kecedunyasi.com\/ar\/\"},{\"@type\":\"ListItem\",\"position\":2,\"name\":\"\u0627\u062a\u0635\u0644 \u0628\u0646\u0627\"}]},{\"@type\":\"WebSite\",\"@id\":\"https:\/\/kecedunyasi.com\/ar\/#website\",\"url\":\"https:\/\/kecedunyasi.com\/ar\/\",\"name\":\"Ke\u00e7e D\u00fcnyas\u0131\",\"description\":\"\",\"publisher\":{\"@id\":\"https:\/\/kecedunyasi.com\/ar\/#organization\"},\"potentialAction\":[{\"@type\":\"SearchAction\",\"target\":{\"@type\":\"EntryPoint\",\"urlTemplate\":\"https:\/\/kecedunyasi.com\/ar\/?s={search_term_string}\"},\"query-input\":{\"@type\":\"PropertyValueSpecification\",\"valueRequired\":true,\"valueName\":\"search_term_string\"}}],\"inLanguage\":\"ar\"},{\"@type\":\"Organization\",\"@id\":\"https:\/\/kecedunyasi.com\/ar\/#organization\",\"name\":\"Ke\u00e7e D\u00fcnyas\u0131\",\"url\":\"https:\/\/kecedunyasi.com\/ar\/\",\"logo\":{\"@type\":\"ImageObject\",\"inLanguage\":\"ar\",\"@id\":\"https:\/\/kecedunyasi.com\/ar\/#\/schema\/logo\/image\/\",\"url\":\"https:\/\/kecedunyasi.bootests.com\/wp-content\/uploads\/kece-dunyasi-og-image.webp\",\"contentUrl\":\"https:\/\/kecedunyasi.bootests.com\/wp-content\/uploads\/kece-dunyasi-og-image.webp\",\"width\":1200,\"height\":625,\"caption\":\"Ke\u00e7e D\u00fcnyas\u0131\"},\"image\":{\"@id\":\"https:\/\/kecedunyasi.com\/ar\/#\/schema\/logo\/image\/\"},\"sameAs\":[\"https:\/\/www.facebook.com\/profile.php?id=100093286748515\",\"https:\/\/www.instagram.com\/tekspa.com.tr\/\"]}]}<\/script>\n<!-- \/ Yoast SEO plugin. -->","yoast_head_json":{"title":"\u0627\u062a\u0635\u0644 \u0628\u0646\u0627 - Ke\u00e7e D\u00fcnyas\u0131","description":"Getting in touch with us is easy! For any questions, suggestions, or collaboration requests, you can contact us using the information below.","robots":{"index":"index","follow":"follow","max-snippet":"max-snippet:-1","max-image-preview":"max-image-preview:large","max-video-preview":"max-video-preview:-1"},"canonical":"https:\/\/kecedunyasi.com\/ar\/contact-us\/","og_locale":"ar_AR","og_type":"article","og_title":"\u0627\u062a\u0635\u0644 \u0628\u0646\u0627 - Ke\u00e7e D\u00fcnyas\u0131","og_description":"Getting in touch with us is easy! For any questions, suggestions, or collaboration requests, you can contact us using the information below.","og_url":"https:\/\/kecedunyasi.com\/ar\/contact-us\/","og_site_name":"Ke\u00e7e D\u00fcnyas\u0131","article_publisher":"https:\/\/www.facebook.com\/profile.php?id=100093286748515","article_modified_time":"2026-02-09T07:19:04+00:00","og_image":[{"width":2560,"height":600,"url":"https:\/\/kecedunyasi.com\/ar\/wp-content\/uploads\/iletisim-scaled.webp","type":"image\/webp"}],"twitter_card":"summary_large_image","twitter_misc":{"\u0648\u0642\u062a \u0627\u0644\u0642\u0631\u0627\u0621\u0629 \u0627\u0644\u0645\u064f\u0642\u062f\u0651\u0631":"\u062f\u0642\u064a\u0642\u0629 \u0648\u0627\u062d\u062f\u0629"},"schema":{"@context":"https:\/\/schema.org","@graph":[{"@type":"WebPage","@id":"https:\/\/kecedunyasi.com\/ar\/contact-us\/","url":"https:\/\/kecedunyasi.com\/ar\/contact-us\/","name":"\u0627\u062a\u0635\u0644 \u0628\u0646\u0627 - Ke\u00e7e D\u00fcnyas\u0131","isPartOf":{"@id":"https:\/\/kecedunyasi.com\/ar\/#website"},"primaryImageOfPage":{"@id":"https:\/\/kecedunyasi.com\/ar\/contact-us\/#primaryimage"},"image":{"@id":"https:\/\/kecedunyasi.com\/ar\/contact-us\/#primaryimage"},"thumbnailUrl":"https:\/\/kecedunyasi.com\/ar\/wp-content\/uploads\/iletisim-scaled.webp","datePublished":"2025-08-04T12:03:19+00:00","dateModified":"2026-02-09T07:19:04+00:00","description":"Getting in touch with us is easy! For any questions, suggestions, or collaboration requests, you can contact us using the information below.","breadcrumb":{"@id":"https:\/\/kecedunyasi.com\/ar\/contact-us\/#breadcrumb"},"inLanguage":"ar","potentialAction":[{"@type":"ReadAction","target":["https:\/\/kecedunyasi.com\/ar\/contact-us\/"]}]},{"@type":"ImageObject","inLanguage":"ar","@id":"https:\/\/kecedunyasi.com\/ar\/contact-us\/#primaryimage","url":"https:\/\/kecedunyasi.com\/ar\/wp-content\/uploads\/iletisim-scaled.webp","contentUrl":"https:\/\/kecedunyasi.com\/ar\/wp-content\/uploads\/iletisim-scaled.webp","width":2560,"height":600},{"@type":"BreadcrumbList","@id":"https:\/\/kecedunyasi.com\/ar\/contact-us\/#breadcrumb","itemListElement":[{"@type":"ListItem","position":1,"name":"Home","item":"https:\/\/kecedunyasi.com\/ar\/"},{"@type":"ListItem","position":2,"name":"\u0627\u062a\u0635\u0644 \u0628\u0646\u0627"}]},{"@type":"WebSite","@id":"https:\/\/kecedunyasi.com\/ar\/#website","url":"https:\/\/kecedunyasi.com\/ar\/","name":"Ke\u00e7e D\u00fcnyas\u0131","description":"","publisher":{"@id":"https:\/\/kecedunyasi.com\/ar\/#organization"},"potentialAction":[{"@type":"SearchAction","target":{"@type":"EntryPoint","urlTemplate":"https:\/\/kecedunyasi.com\/ar\/?s={search_term_string}"},"query-input":{"@type":"PropertyValueSpecification","valueRequired":true,"valueName":"search_term_string"}}],"inLanguage":"ar"},{"@type":"Organization","@id":"https:\/\/kecedunyasi.com\/ar\/#organization","name":"Ke\u00e7e D\u00fcnyas\u0131","url":"https:\/\/kecedunyasi.com\/ar\/","logo":{"@type":"ImageObject","inLanguage":"ar","@id":"https:\/\/kecedunyasi.com\/ar\/#\/schema\/logo\/image\/","url":"https:\/\/kecedunyasi.bootests.com\/wp-content\/uploads\/kece-dunyasi-og-image.webp","contentUrl":"https:\/\/kecedunyasi.bootests.com\/wp-content\/uploads\/kece-dunyasi-og-image.webp","width":1200,"height":625,"caption":"Ke\u00e7e D\u00fcnyas\u0131"},"image":{"@id":"https:\/\/kecedunyasi.com\/ar\/#\/schema\/logo\/image\/"},"sameAs":["https:\/\/www.facebook.com\/profile.php?id=100093286748515","https:\/\/www.instagram.com\/tekspa.com.tr\/"]}]}},"_links":{"self":[{"href":"https:\/\/kecedunyasi.com\/ar\/wp-json\/wp\/v2\/pages\/381","targetHints":{"allow":["GET"]}}],"collection":[{"href":"https:\/\/kecedunyasi.com\/ar\/wp-json\/wp\/v2\/pages"}],"about":[{"href":"https:\/\/kecedunyasi.com\/ar\/wp-json\/wp\/v2\/types\/page"}],"author":[{"embeddable":true,"href":"https:\/\/kecedunyasi.com\/ar\/wp-json\/wp\/v2\/users\/1"}],"replies":[{"embeddable":true,"href":"https:\/\/kecedunyasi.com\/ar\/wp-json\/wp\/v2\/comments?post=381"}],"version-history":[{"count":12,"href":"https:\/\/kecedunyasi.com\/ar\/wp-json\/wp\/v2\/pages\/381\/revisions"}],"predecessor-version":[{"id":14255,"href":"https:\/\/kecedunyasi.com\/ar\/wp-json\/wp\/v2\/pages\/381\/revisions\/14255"}],"wp:featuredmedia":[{"embeddable":true,"href":"https:\/\/kecedunyasi.com\/ar\/wp-json\/wp\/v2\/media\/417"}],"wp:attachment":[{"href":"https:\/\/kecedunyasi.com\/ar\/wp-json\/wp\/v2\/media?parent=381"}],"curies":[{"name":"wp","href":"https:\/\/api.w.org\/{rel}","templated":true}]}}