{"id":326,"date":"2025-08-04T08:30:04","date_gmt":"2025-08-04T08:30:04","guid":{"rendered":"https:\/\/kecedunyasi.bootests.com\/?page_id=326"},"modified":"2026-02-04T06:36:59","modified_gmt":"2026-02-04T06:36:59","slug":"get-an-offer","status":"publish","type":"page","link":"https:\/\/kecedunyasi.com\/en\/get-an-offer\/","title":{"rendered":"Get an Offer"},"content":{"rendered":"    <section class=\"acfteklifformu\">\n    <div class=\"container\">\n    <div class=\"section-header  d-lg-flex\">\n            <div class=\"section-header-content\">\n                <h2 class=\"section-title wow animate__fadeInUp\">QUOTE REQUEST FORM<\/h2>\n            <\/div>\n           \n            <p class=\"section-description-acf wow animate__fadeInUp\">     You can easily submit a quote request by filling out the form below for solutions tailored to your needs. Our team will contact you as soon as possible.<\/p>\n        <\/div>\n    <div class=\"tasarlab-form-content wow animate__fadeInUp\" data-wow-delay=\"0.2s\">\n        \n<div class=\"wpcf7 no-js\" id=\"wpcf7-f325-o1\" lang=\"en-US\" dir=\"ltr\" data-wpcf7-id=\"325\">\n<div class=\"screen-reader-response\"><p role=\"status\" aria-live=\"polite\" aria-atomic=\"true\"><\/p> <ul><\/ul><\/div>\n<form action=\"\/en\/wp-json\/wp\/v2\/pages\/326#wpcf7-f325-o1\" method=\"post\" class=\"wpcf7-form init\" aria-label=\"Contact form\" novalidate=\"novalidate\" data-status=\"init\">\n<fieldset class=\"hidden-fields-container\"><input type=\"hidden\" name=\"_wpcf7\" value=\"325\" \/><input type=\"hidden\" name=\"_wpcf7_version\" value=\"6.1.4\" \/><input type=\"hidden\" name=\"_wpcf7_locale\" value=\"en_US\" \/><input type=\"hidden\" name=\"_wpcf7_unit_tag\" value=\"wpcf7-f325-o1\" \/><input type=\"hidden\" name=\"_wpcf7_container_post\" value=\"0\" \/><input type=\"hidden\" name=\"_wpcf7_posted_data_hash\" value=\"\" \/>\n<\/fieldset>\n<div class=\"row\">\n\t<div class=\"col-lg-6\">\n\t\t<p><label> Name*<\/label><span class=\"wpcf7-form-control-wrap\" data-name=\"your-name\"><input size=\"40\" maxlength=\"400\" class=\"wpcf7-form-control wpcf7-text wpcf7-validates-as-required\" aria-required=\"true\" aria-invalid=\"false\" value=\"\" type=\"text\" name=\"your-name\" \/><\/span>\n\t\t<\/p>\n\t<\/div>\n\t<div class=\"col-lg-6\">\n\t\t<p><label> Surname*<\/label><span class=\"wpcf7-form-control-wrap\" data-name=\"your-lastname\"><input size=\"40\" maxlength=\"400\" class=\"wpcf7-form-control wpcf7-text wpcf7-validates-as-required\" aria-required=\"true\" aria-invalid=\"false\" value=\"\" type=\"text\" name=\"your-lastname\" \/><\/span>\n\t\t<\/p>\n\t<\/div>\n\t<div class=\"col-lg-6\">\n\t\t<p><label> Email Address*<\/label><span class=\"wpcf7-form-control-wrap\" data-name=\"your-email\"><input size=\"40\" maxlength=\"400\" class=\"wpcf7-form-control wpcf7-email wpcf7-validates-as-required wpcf7-text wpcf7-validates-as-email\" aria-required=\"true\" aria-invalid=\"false\" value=\"\" type=\"email\" name=\"your-email\" \/><\/span>\n\t\t<\/p>\n\t<\/div>\n\t<div class=\"col-lg-6\">\n\t\t<p><label> Phone*<\/label><span class=\"wpcf7-form-control-wrap\" data-name=\"your-phone\"><input size=\"40\" maxlength=\"400\" class=\"wpcf7-form-control wpcf7-tel wpcf7-text wpcf7-validates-as-tel\" aria-invalid=\"false\" value=\"\" type=\"tel\" name=\"your-phone\" \/><\/span>\n\t\t<\/p>\n\t<\/div>\n\t<div class=\"col-lg-12\">\n\t\t<p><label> Message*<\/label><span class=\"wpcf7-form-control-wrap\" data-name=\"textarea-440\"><textarea cols=\"40\" rows=\"3\" maxlength=\"2000\" class=\"wpcf7-form-control wpcf7-textarea\" aria-invalid=\"false\" name=\"textarea-440\"><\/textarea><\/span>\n\t\t<\/p>\n\t<\/div>\n\t<p><span class=\"wpcf7-form-control-wrap\" data-name=\"your-consent\"><span class=\"wpcf7-form-control wpcf7-acceptance\"><span class=\"wpcf7-list-item\"><label><input type=\"checkbox\" name=\"your-consent\" value=\"1\" aria-invalid=\"false\" \/><span class=\"wpcf7-list-item-label\">I have read and understood the <a href=\"\/en\/gdpr\/\" target=\"_blank\">GDPR<\/a> and the <a href=\"\/en\/privacy-policy\/\" target=\"_blank\">Privacy Policy<\/a>, and I hereby consent to the processing of my personal data.<\/span><\/label><\/span><\/span><\/span>\n\t<\/p>\n\t<p><input class=\"wpcf7-form-control wpcf7-submit has-spinner\" type=\"submit\" value=\"Submit\" \/>\n\t<\/p>\n<\/div><div class=\"wpcf7-response-output\" aria-hidden=\"true\"><\/div>\n<\/form>\n<\/div>\n    <\/div>\n    <\/div>\n<\/section>","protected":false},"excerpt":{"rendered":"","protected":false},"author":1,"featured_media":416,"parent":0,"menu_order":0,"comment_status":"closed","ping_status":"closed","template":"","meta":{"_acf_changed":false,"footnotes":""},"class_list":["post-326","page","type-page","status-publish","has-post-thumbnail","hentry"],"acf":[],"yoast_head":"<!-- This site is optimized with the Yoast SEO plugin v26.9 - https:\/\/yoast.com\/product\/yoast-seo-wordpress\/ -->\n<title>Get an Offer - Ke\u00e7e D\u00fcnyas\u0131<\/title>\n<meta name=\"description\" content=\"You can easily submit a quote request by filling out the form below for solutions tailored to your needs. Our team will contact you as soon as possible.\" \/>\n<meta name=\"robots\" content=\"index, follow, max-snippet:-1, max-image-preview:large, max-video-preview:-1\" \/>\n<link rel=\"canonical\" href=\"https:\/\/kecedunyasi.com\/en\/get-an-offer\/\" \/>\n<meta property=\"og:locale\" content=\"en_US\" \/>\n<meta property=\"og:type\" content=\"article\" \/>\n<meta property=\"og:title\" content=\"Get an Offer - Ke\u00e7e D\u00fcnyas\u0131\" \/>\n<meta property=\"og:description\" content=\"You can easily submit a quote request by filling out the form below for solutions tailored to your needs. Our team will contact you as soon as possible.\" \/>\n<meta property=\"og:url\" content=\"https:\/\/kecedunyasi.com\/en\/get-an-offer\/\" \/>\n<meta property=\"og:site_name\" content=\"Ke\u00e7e D\u00fcnyas\u0131\" \/>\n<meta property=\"article:publisher\" content=\"https:\/\/www.facebook.com\/profile.php?id=100093286748515\" \/>\n<meta property=\"article:modified_time\" content=\"2026-02-04T06:36:59+00:00\" \/>\n<meta property=\"og:image\" content=\"https:\/\/kecedunyasi.com\/en\/wp-content\/uploads\/bizden_haberler-scaled.webp\" \/>\n\t<meta property=\"og:image:width\" content=\"2560\" \/>\n\t<meta property=\"og:image:height\" content=\"600\" \/>\n\t<meta property=\"og:image:type\" content=\"image\/webp\" \/>\n<meta name=\"twitter:card\" content=\"summary_large_image\" \/>\n<meta name=\"twitter:label1\" content=\"Est. reading time\" \/>\n\t<meta name=\"twitter:data1\" content=\"1 minute\" \/>\n<script type=\"application\/ld+json\" class=\"yoast-schema-graph\">{\"@context\":\"https:\/\/schema.org\",\"@graph\":[{\"@type\":\"WebPage\",\"@id\":\"https:\/\/kecedunyasi.com\/en\/get-an-offer\/\",\"url\":\"https:\/\/kecedunyasi.com\/en\/get-an-offer\/\",\"name\":\"Get an Offer - Ke\u00e7e D\u00fcnyas\u0131\",\"isPartOf\":{\"@id\":\"https:\/\/kecedunyasi.com\/en\/#website\"},\"primaryImageOfPage\":{\"@id\":\"https:\/\/kecedunyasi.com\/en\/get-an-offer\/#primaryimage\"},\"image\":{\"@id\":\"https:\/\/kecedunyasi.com\/en\/get-an-offer\/#primaryimage\"},\"thumbnailUrl\":\"https:\/\/kecedunyasi.com\/en\/wp-content\/uploads\/bizden_haberler-scaled.webp\",\"datePublished\":\"2025-08-04T08:30:04+00:00\",\"dateModified\":\"2026-02-04T06:36:59+00:00\",\"description\":\"You can easily submit a quote request by filling out the form below for solutions tailored to your needs. Our team will contact you as soon as possible.\",\"breadcrumb\":{\"@id\":\"https:\/\/kecedunyasi.com\/en\/get-an-offer\/#breadcrumb\"},\"inLanguage\":\"en-US\",\"potentialAction\":[{\"@type\":\"ReadAction\",\"target\":[\"https:\/\/kecedunyasi.com\/en\/get-an-offer\/\"]}]},{\"@type\":\"ImageObject\",\"inLanguage\":\"en-US\",\"@id\":\"https:\/\/kecedunyasi.com\/en\/get-an-offer\/#primaryimage\",\"url\":\"https:\/\/kecedunyasi.com\/en\/wp-content\/uploads\/bizden_haberler-scaled.webp\",\"contentUrl\":\"https:\/\/kecedunyasi.com\/en\/wp-content\/uploads\/bizden_haberler-scaled.webp\",\"width\":2560,\"height\":600},{\"@type\":\"BreadcrumbList\",\"@id\":\"https:\/\/kecedunyasi.com\/en\/get-an-offer\/#breadcrumb\",\"itemListElement\":[{\"@type\":\"ListItem\",\"position\":1,\"name\":\"Home\",\"item\":\"https:\/\/kecedunyasi.com\/en\/\"},{\"@type\":\"ListItem\",\"position\":2,\"name\":\"Get an Offer\"}]},{\"@type\":\"WebSite\",\"@id\":\"https:\/\/kecedunyasi.com\/en\/#website\",\"url\":\"https:\/\/kecedunyasi.com\/en\/\",\"name\":\"Ke\u00e7e D\u00fcnyas\u0131\",\"description\":\"\",\"publisher\":{\"@id\":\"https:\/\/kecedunyasi.com\/en\/#organization\"},\"potentialAction\":[{\"@type\":\"SearchAction\",\"target\":{\"@type\":\"EntryPoint\",\"urlTemplate\":\"https:\/\/kecedunyasi.com\/en\/?s={search_term_string}\"},\"query-input\":{\"@type\":\"PropertyValueSpecification\",\"valueRequired\":true,\"valueName\":\"search_term_string\"}}],\"inLanguage\":\"en-US\"},{\"@type\":\"Organization\",\"@id\":\"https:\/\/kecedunyasi.com\/en\/#organization\",\"name\":\"Ke\u00e7e D\u00fcnyas\u0131\",\"url\":\"https:\/\/kecedunyasi.com\/en\/\",\"logo\":{\"@type\":\"ImageObject\",\"inLanguage\":\"en-US\",\"@id\":\"https:\/\/kecedunyasi.com\/en\/#\/schema\/logo\/image\/\",\"url\":\"https:\/\/kecedunyasi.bootests.com\/wp-content\/uploads\/kece-dunyasi-og-image.webp\",\"contentUrl\":\"https:\/\/kecedunyasi.bootests.com\/wp-content\/uploads\/kece-dunyasi-og-image.webp\",\"width\":1200,\"height\":625,\"caption\":\"Ke\u00e7e D\u00fcnyas\u0131\"},\"image\":{\"@id\":\"https:\/\/kecedunyasi.com\/en\/#\/schema\/logo\/image\/\"},\"sameAs\":[\"https:\/\/www.facebook.com\/profile.php?id=100093286748515\",\"https:\/\/www.instagram.com\/tekspa.com.tr\/\"]}]}<\/script>\n<!-- \/ Yoast SEO plugin. -->","yoast_head_json":{"title":"Get an Offer - Ke\u00e7e D\u00fcnyas\u0131","description":"You can easily submit a quote request by filling out the form below for solutions tailored to your needs. Our team will contact you as soon as possible.","robots":{"index":"index","follow":"follow","max-snippet":"max-snippet:-1","max-image-preview":"max-image-preview:large","max-video-preview":"max-video-preview:-1"},"canonical":"https:\/\/kecedunyasi.com\/en\/get-an-offer\/","og_locale":"en_US","og_type":"article","og_title":"Get an Offer - Ke\u00e7e D\u00fcnyas\u0131","og_description":"You can easily submit a quote request by filling out the form below for solutions tailored to your needs. Our team will contact you as soon as possible.","og_url":"https:\/\/kecedunyasi.com\/en\/get-an-offer\/","og_site_name":"Ke\u00e7e D\u00fcnyas\u0131","article_publisher":"https:\/\/www.facebook.com\/profile.php?id=100093286748515","article_modified_time":"2026-02-04T06:36:59+00:00","og_image":[{"width":2560,"height":600,"url":"https:\/\/kecedunyasi.com\/en\/wp-content\/uploads\/bizden_haberler-scaled.webp","type":"image\/webp"}],"twitter_card":"summary_large_image","twitter_misc":{"Est. reading time":"1 minute"},"schema":{"@context":"https:\/\/schema.org","@graph":[{"@type":"WebPage","@id":"https:\/\/kecedunyasi.com\/en\/get-an-offer\/","url":"https:\/\/kecedunyasi.com\/en\/get-an-offer\/","name":"Get an Offer - Ke\u00e7e D\u00fcnyas\u0131","isPartOf":{"@id":"https:\/\/kecedunyasi.com\/en\/#website"},"primaryImageOfPage":{"@id":"https:\/\/kecedunyasi.com\/en\/get-an-offer\/#primaryimage"},"image":{"@id":"https:\/\/kecedunyasi.com\/en\/get-an-offer\/#primaryimage"},"thumbnailUrl":"https:\/\/kecedunyasi.com\/en\/wp-content\/uploads\/bizden_haberler-scaled.webp","datePublished":"2025-08-04T08:30:04+00:00","dateModified":"2026-02-04T06:36:59+00:00","description":"You can easily submit a quote request by filling out the form below for solutions tailored to your needs. Our team will contact you as soon as possible.","breadcrumb":{"@id":"https:\/\/kecedunyasi.com\/en\/get-an-offer\/#breadcrumb"},"inLanguage":"en-US","potentialAction":[{"@type":"ReadAction","target":["https:\/\/kecedunyasi.com\/en\/get-an-offer\/"]}]},{"@type":"ImageObject","inLanguage":"en-US","@id":"https:\/\/kecedunyasi.com\/en\/get-an-offer\/#primaryimage","url":"https:\/\/kecedunyasi.com\/en\/wp-content\/uploads\/bizden_haberler-scaled.webp","contentUrl":"https:\/\/kecedunyasi.com\/en\/wp-content\/uploads\/bizden_haberler-scaled.webp","width":2560,"height":600},{"@type":"BreadcrumbList","@id":"https:\/\/kecedunyasi.com\/en\/get-an-offer\/#breadcrumb","itemListElement":[{"@type":"ListItem","position":1,"name":"Home","item":"https:\/\/kecedunyasi.com\/en\/"},{"@type":"ListItem","position":2,"name":"Get an Offer"}]},{"@type":"WebSite","@id":"https:\/\/kecedunyasi.com\/en\/#website","url":"https:\/\/kecedunyasi.com\/en\/","name":"Ke\u00e7e D\u00fcnyas\u0131","description":"","publisher":{"@id":"https:\/\/kecedunyasi.com\/en\/#organization"},"potentialAction":[{"@type":"SearchAction","target":{"@type":"EntryPoint","urlTemplate":"https:\/\/kecedunyasi.com\/en\/?s={search_term_string}"},"query-input":{"@type":"PropertyValueSpecification","valueRequired":true,"valueName":"search_term_string"}}],"inLanguage":"en-US"},{"@type":"Organization","@id":"https:\/\/kecedunyasi.com\/en\/#organization","name":"Ke\u00e7e D\u00fcnyas\u0131","url":"https:\/\/kecedunyasi.com\/en\/","logo":{"@type":"ImageObject","inLanguage":"en-US","@id":"https:\/\/kecedunyasi.com\/en\/#\/schema\/logo\/image\/","url":"https:\/\/kecedunyasi.bootests.com\/wp-content\/uploads\/kece-dunyasi-og-image.webp","contentUrl":"https:\/\/kecedunyasi.bootests.com\/wp-content\/uploads\/kece-dunyasi-og-image.webp","width":1200,"height":625,"caption":"Ke\u00e7e D\u00fcnyas\u0131"},"image":{"@id":"https:\/\/kecedunyasi.com\/en\/#\/schema\/logo\/image\/"},"sameAs":["https:\/\/www.facebook.com\/profile.php?id=100093286748515","https:\/\/www.instagram.com\/tekspa.com.tr\/"]}]}},"_links":{"self":[{"href":"https:\/\/kecedunyasi.com\/en\/wp-json\/wp\/v2\/pages\/326","targetHints":{"allow":["GET"]}}],"collection":[{"href":"https:\/\/kecedunyasi.com\/en\/wp-json\/wp\/v2\/pages"}],"about":[{"href":"https:\/\/kecedunyasi.com\/en\/wp-json\/wp\/v2\/types\/page"}],"author":[{"embeddable":true,"href":"https:\/\/kecedunyasi.com\/en\/wp-json\/wp\/v2\/users\/1"}],"replies":[{"embeddable":true,"href":"https:\/\/kecedunyasi.com\/en\/wp-json\/wp\/v2\/comments?post=326"}],"version-history":[{"count":13,"href":"https:\/\/kecedunyasi.com\/en\/wp-json\/wp\/v2\/pages\/326\/revisions"}],"predecessor-version":[{"id":13484,"href":"https:\/\/kecedunyasi.com\/en\/wp-json\/wp\/v2\/pages\/326\/revisions\/13484"}],"wp:featuredmedia":[{"embeddable":true,"href":"https:\/\/kecedunyasi.com\/en\/wp-json\/wp\/v2\/media\/416"}],"wp:attachment":[{"href":"https:\/\/kecedunyasi.com\/en\/wp-json\/wp\/v2\/media?parent=326"}],"curies":[{"name":"wp","href":"https:\/\/api.w.org\/{rel}","templated":true}]}}