{"id":345,"date":"2025-08-04T09:35:12","date_gmt":"2025-08-04T09:35:12","guid":{"rendered":"https:\/\/kecedunyasi.bootests.com\/?page_id=345"},"modified":"2026-02-04T06:35:41","modified_gmt":"2026-02-04T06:35:41","slug":"about-us","status":"publish","type":"page","link":"https:\/\/kecedunyasi.com\/en\/about-us\/","title":{"rendered":"About Us"},"content":{"rendered":"    <section class=\"acfhakkimizda\">\n    <div class=\"container\">\n    <div class=\"section-header  d-lg-flex\">\n            <div class=\"section-header-content\">\n                <h2 class=\"section-title wow animate__fadeInUp\" data-wow-delay=\"0.2s\">About Us<\/h2>\n            <\/div>\n           \n          \n        <\/div>\n    <div class=\"tasarlab-hakkimizda-content wow animate__fadeInUp\" data-wow-delay=\"0.4s\">\n    <p class=\"section-description-acf\"> <p>Ke\u00e7e D\u00fcnyas\u0131 was established in 2010 in Istanbul G\u00fcng\u00f6ren under TEKSPA Konf. Teks. San. Tic. A.\u015e.<\/p>\n<p>In 2010, recognizing a gap in the sector in terms of felt variety and quality, the company focused on addressing this need by forming a dedicated team for felt production. In 2012, with the aim of offering both economical and high-quality products, it upgraded its production line in line with the latest manufacturing technologies and increased its production capacity.<\/p>\n<p>Our main objective is to provide first-quality products at the most competitive prices by manufacturing all types of felt in the desired colors, densities, and hardness levels within our own facilities.<\/p>\n<p>As one of the leading felt manufacturers in the industry, our company also meets wholesale felt figure demands through its laser cutting line. In addition, with many years of sector experience, we provide consultancy and training on felt usage and production upon request. Ke\u00e7e D\u00fcnyas\u0131 has sufficient capacity to serve as a long-term supplier for your wholesale felt needs and felt-related solutions.<\/p>\n<p>Thanks to its extensive know-how and experience, Ke\u00e7e D\u00fcnyas\u0131 responds quickly to the changing and evolving needs of the industry. Behind our corporate success lie years of experience, continuous innovation, and a strong commitment to 100% customer satisfaction<\/p>\n<\/p>\n    <\/div>\n    <\/div>\n<\/section>\n\n\n\n<section class=\"acfdigersirketlerimiz\">\n    <div class=\"container\">\n    <div class=\"section-header  d-lg-flex\">\n            <div class=\"section-header-content\">\n                <h2 class=\"section-title wow animate__fadeInUp\" data-wow-delay=\"0.2s\">OUR OTHER COMPANIES<\/h2>\n            <\/div>\n          \n        <\/div>\n    <div class=\"tasarlab-digersirketlerimiz-content\">\n         <div class=\"diger-sirketlerimiz-grid\">\n            <img decoding=\"async\" class=\"wow animate__fadeInUp\" data-wow-delay=\"0.3s\" src=\"https:\/\/kecedunyasi.com\/en\/wp-content\/uploads\/Marka.svg\" alt=\"\"><img decoding=\"async\" class=\"wow animate__fadeInUp\" data-wow-delay=\"0.4s\" src=\"https:\/\/kecedunyasi.com\/en\/wp-content\/uploads\/Marka-1.svg\" alt=\"\"><img decoding=\"async\" class=\"wow animate__fadeInUp\" data-wow-delay=\"0.5s\" src=\"https:\/\/kecedunyasi.com\/en\/wp-content\/uploads\/Marka-2.svg\" alt=\"\">        <\/div>\n    <\/div>\n    <\/div>\n<\/section>","protected":false},"excerpt":{"rendered":"","protected":false},"author":1,"featured_media":416,"parent":0,"menu_order":0,"comment_status":"closed","ping_status":"closed","template":"","meta":{"_acf_changed":false,"footnotes":""},"class_list":["post-345","page","type-page","status-publish","has-post-thumbnail","hentry"],"acf":[],"yoast_head":"<!-- This site is optimized with the Yoast SEO plugin v26.9 - https:\/\/yoast.com\/product\/yoast-seo-wordpress\/ -->\n<title>About Us - Ke\u00e7e D\u00fcnyas\u0131<\/title>\n<meta name=\"description\" content=\"Ke\u00e7e D\u00fcnyas\u0131 was founded in 2010 in Istanbul G\u00fcng\u00f6ren under TEKSPA Konf. Teks. San. Tic. A.\u015e.\" \/>\n<meta name=\"robots\" content=\"index, follow, max-snippet:-1, max-image-preview:large, max-video-preview:-1\" \/>\n<link rel=\"canonical\" href=\"https:\/\/kecedunyasi.com\/en\/about-us\/\" \/>\n<meta property=\"og:locale\" content=\"en_US\" \/>\n<meta property=\"og:type\" content=\"article\" \/>\n<meta property=\"og:title\" content=\"About Us - Ke\u00e7e D\u00fcnyas\u0131\" \/>\n<meta property=\"og:description\" content=\"Ke\u00e7e D\u00fcnyas\u0131 was founded in 2010 in Istanbul G\u00fcng\u00f6ren under TEKSPA Konf. Teks. San. Tic. A.\u015e.\" \/>\n<meta property=\"og:url\" content=\"https:\/\/kecedunyasi.com\/en\/about-us\/\" \/>\n<meta property=\"og:site_name\" content=\"Ke\u00e7e D\u00fcnyas\u0131\" \/>\n<meta property=\"article:publisher\" content=\"https:\/\/www.facebook.com\/profile.php?id=100093286748515\" \/>\n<meta property=\"article:modified_time\" content=\"2026-02-04T06:35:41+00:00\" \/>\n<meta property=\"og:image\" content=\"https:\/\/kecedunyasi.com\/en\/wp-content\/uploads\/bizden_haberler-scaled.webp\" \/>\n\t<meta property=\"og:image:width\" content=\"2560\" \/>\n\t<meta property=\"og:image:height\" content=\"600\" \/>\n\t<meta property=\"og:image:type\" content=\"image\/webp\" \/>\n<meta name=\"twitter:card\" content=\"summary_large_image\" \/>\n<meta name=\"twitter:label1\" content=\"Est. reading time\" \/>\n\t<meta name=\"twitter:data1\" content=\"1 minute\" \/>\n<script type=\"application\/ld+json\" class=\"yoast-schema-graph\">{\"@context\":\"https:\/\/schema.org\",\"@graph\":[{\"@type\":\"WebPage\",\"@id\":\"https:\/\/kecedunyasi.com\/en\/about-us\/\",\"url\":\"https:\/\/kecedunyasi.com\/en\/about-us\/\",\"name\":\"About Us - Ke\u00e7e D\u00fcnyas\u0131\",\"isPartOf\":{\"@id\":\"https:\/\/kecedunyasi.com\/en\/#website\"},\"primaryImageOfPage\":{\"@id\":\"https:\/\/kecedunyasi.com\/en\/about-us\/#primaryimage\"},\"image\":{\"@id\":\"https:\/\/kecedunyasi.com\/en\/about-us\/#primaryimage\"},\"thumbnailUrl\":\"https:\/\/kecedunyasi.com\/en\/wp-content\/uploads\/bizden_haberler-scaled.webp\",\"datePublished\":\"2025-08-04T09:35:12+00:00\",\"dateModified\":\"2026-02-04T06:35:41+00:00\",\"description\":\"Ke\u00e7e D\u00fcnyas\u0131 was founded in 2010 in Istanbul G\u00fcng\u00f6ren under TEKSPA Konf. Teks. San. Tic. A.\u015e.\",\"breadcrumb\":{\"@id\":\"https:\/\/kecedunyasi.com\/en\/about-us\/#breadcrumb\"},\"inLanguage\":\"en-US\",\"potentialAction\":[{\"@type\":\"ReadAction\",\"target\":[\"https:\/\/kecedunyasi.com\/en\/about-us\/\"]}]},{\"@type\":\"ImageObject\",\"inLanguage\":\"en-US\",\"@id\":\"https:\/\/kecedunyasi.com\/en\/about-us\/#primaryimage\",\"url\":\"https:\/\/kecedunyasi.com\/en\/wp-content\/uploads\/bizden_haberler-scaled.webp\",\"contentUrl\":\"https:\/\/kecedunyasi.com\/en\/wp-content\/uploads\/bizden_haberler-scaled.webp\",\"width\":2560,\"height\":600},{\"@type\":\"BreadcrumbList\",\"@id\":\"https:\/\/kecedunyasi.com\/en\/about-us\/#breadcrumb\",\"itemListElement\":[{\"@type\":\"ListItem\",\"position\":1,\"name\":\"Home\",\"item\":\"https:\/\/kecedunyasi.com\/en\/\"},{\"@type\":\"ListItem\",\"position\":2,\"name\":\"About Us\"}]},{\"@type\":\"WebSite\",\"@id\":\"https:\/\/kecedunyasi.com\/en\/#website\",\"url\":\"https:\/\/kecedunyasi.com\/en\/\",\"name\":\"Ke\u00e7e D\u00fcnyas\u0131\",\"description\":\"\",\"publisher\":{\"@id\":\"https:\/\/kecedunyasi.com\/en\/#organization\"},\"potentialAction\":[{\"@type\":\"SearchAction\",\"target\":{\"@type\":\"EntryPoint\",\"urlTemplate\":\"https:\/\/kecedunyasi.com\/en\/?s={search_term_string}\"},\"query-input\":{\"@type\":\"PropertyValueSpecification\",\"valueRequired\":true,\"valueName\":\"search_term_string\"}}],\"inLanguage\":\"en-US\"},{\"@type\":\"Organization\",\"@id\":\"https:\/\/kecedunyasi.com\/en\/#organization\",\"name\":\"Ke\u00e7e D\u00fcnyas\u0131\",\"url\":\"https:\/\/kecedunyasi.com\/en\/\",\"logo\":{\"@type\":\"ImageObject\",\"inLanguage\":\"en-US\",\"@id\":\"https:\/\/kecedunyasi.com\/en\/#\/schema\/logo\/image\/\",\"url\":\"https:\/\/kecedunyasi.bootests.com\/wp-content\/uploads\/kece-dunyasi-og-image.webp\",\"contentUrl\":\"https:\/\/kecedunyasi.bootests.com\/wp-content\/uploads\/kece-dunyasi-og-image.webp\",\"width\":1200,\"height\":625,\"caption\":\"Ke\u00e7e D\u00fcnyas\u0131\"},\"image\":{\"@id\":\"https:\/\/kecedunyasi.com\/en\/#\/schema\/logo\/image\/\"},\"sameAs\":[\"https:\/\/www.facebook.com\/profile.php?id=100093286748515\",\"https:\/\/www.instagram.com\/tekspa.com.tr\/\"]}]}<\/script>\n<!-- \/ Yoast SEO plugin. -->","yoast_head_json":{"title":"About Us - Ke\u00e7e D\u00fcnyas\u0131","description":"Ke\u00e7e D\u00fcnyas\u0131 was founded in 2010 in Istanbul G\u00fcng\u00f6ren under TEKSPA Konf. Teks. San. Tic. A.\u015e.","robots":{"index":"index","follow":"follow","max-snippet":"max-snippet:-1","max-image-preview":"max-image-preview:large","max-video-preview":"max-video-preview:-1"},"canonical":"https:\/\/kecedunyasi.com\/en\/about-us\/","og_locale":"en_US","og_type":"article","og_title":"About Us - Ke\u00e7e D\u00fcnyas\u0131","og_description":"Ke\u00e7e D\u00fcnyas\u0131 was founded in 2010 in Istanbul G\u00fcng\u00f6ren under TEKSPA Konf. Teks. San. Tic. A.\u015e.","og_url":"https:\/\/kecedunyasi.com\/en\/about-us\/","og_site_name":"Ke\u00e7e D\u00fcnyas\u0131","article_publisher":"https:\/\/www.facebook.com\/profile.php?id=100093286748515","article_modified_time":"2026-02-04T06:35:41+00:00","og_image":[{"width":2560,"height":600,"url":"https:\/\/kecedunyasi.com\/en\/wp-content\/uploads\/bizden_haberler-scaled.webp","type":"image\/webp"}],"twitter_card":"summary_large_image","twitter_misc":{"Est. reading time":"1 minute"},"schema":{"@context":"https:\/\/schema.org","@graph":[{"@type":"WebPage","@id":"https:\/\/kecedunyasi.com\/en\/about-us\/","url":"https:\/\/kecedunyasi.com\/en\/about-us\/","name":"About Us - Ke\u00e7e D\u00fcnyas\u0131","isPartOf":{"@id":"https:\/\/kecedunyasi.com\/en\/#website"},"primaryImageOfPage":{"@id":"https:\/\/kecedunyasi.com\/en\/about-us\/#primaryimage"},"image":{"@id":"https:\/\/kecedunyasi.com\/en\/about-us\/#primaryimage"},"thumbnailUrl":"https:\/\/kecedunyasi.com\/en\/wp-content\/uploads\/bizden_haberler-scaled.webp","datePublished":"2025-08-04T09:35:12+00:00","dateModified":"2026-02-04T06:35:41+00:00","description":"Ke\u00e7e D\u00fcnyas\u0131 was founded in 2010 in Istanbul G\u00fcng\u00f6ren under TEKSPA Konf. Teks. San. Tic. A.\u015e.","breadcrumb":{"@id":"https:\/\/kecedunyasi.com\/en\/about-us\/#breadcrumb"},"inLanguage":"en-US","potentialAction":[{"@type":"ReadAction","target":["https:\/\/kecedunyasi.com\/en\/about-us\/"]}]},{"@type":"ImageObject","inLanguage":"en-US","@id":"https:\/\/kecedunyasi.com\/en\/about-us\/#primaryimage","url":"https:\/\/kecedunyasi.com\/en\/wp-content\/uploads\/bizden_haberler-scaled.webp","contentUrl":"https:\/\/kecedunyasi.com\/en\/wp-content\/uploads\/bizden_haberler-scaled.webp","width":2560,"height":600},{"@type":"BreadcrumbList","@id":"https:\/\/kecedunyasi.com\/en\/about-us\/#breadcrumb","itemListElement":[{"@type":"ListItem","position":1,"name":"Home","item":"https:\/\/kecedunyasi.com\/en\/"},{"@type":"ListItem","position":2,"name":"About Us"}]},{"@type":"WebSite","@id":"https:\/\/kecedunyasi.com\/en\/#website","url":"https:\/\/kecedunyasi.com\/en\/","name":"Ke\u00e7e D\u00fcnyas\u0131","description":"","publisher":{"@id":"https:\/\/kecedunyasi.com\/en\/#organization"},"potentialAction":[{"@type":"SearchAction","target":{"@type":"EntryPoint","urlTemplate":"https:\/\/kecedunyasi.com\/en\/?s={search_term_string}"},"query-input":{"@type":"PropertyValueSpecification","valueRequired":true,"valueName":"search_term_string"}}],"inLanguage":"en-US"},{"@type":"Organization","@id":"https:\/\/kecedunyasi.com\/en\/#organization","name":"Ke\u00e7e D\u00fcnyas\u0131","url":"https:\/\/kecedunyasi.com\/en\/","logo":{"@type":"ImageObject","inLanguage":"en-US","@id":"https:\/\/kecedunyasi.com\/en\/#\/schema\/logo\/image\/","url":"https:\/\/kecedunyasi.bootests.com\/wp-content\/uploads\/kece-dunyasi-og-image.webp","contentUrl":"https:\/\/kecedunyasi.bootests.com\/wp-content\/uploads\/kece-dunyasi-og-image.webp","width":1200,"height":625,"caption":"Ke\u00e7e D\u00fcnyas\u0131"},"image":{"@id":"https:\/\/kecedunyasi.com\/en\/#\/schema\/logo\/image\/"},"sameAs":["https:\/\/www.facebook.com\/profile.php?id=100093286748515","https:\/\/www.instagram.com\/tekspa.com.tr\/"]}]}},"_links":{"self":[{"href":"https:\/\/kecedunyasi.com\/en\/wp-json\/wp\/v2\/pages\/345","targetHints":{"allow":["GET"]}}],"collection":[{"href":"https:\/\/kecedunyasi.com\/en\/wp-json\/wp\/v2\/pages"}],"about":[{"href":"https:\/\/kecedunyasi.com\/en\/wp-json\/wp\/v2\/types\/page"}],"author":[{"embeddable":true,"href":"https:\/\/kecedunyasi.com\/en\/wp-json\/wp\/v2\/users\/1"}],"replies":[{"embeddable":true,"href":"https:\/\/kecedunyasi.com\/en\/wp-json\/wp\/v2\/comments?post=345"}],"version-history":[{"count":7,"href":"https:\/\/kecedunyasi.com\/en\/wp-json\/wp\/v2\/pages\/345\/revisions"}],"predecessor-version":[{"id":13479,"href":"https:\/\/kecedunyasi.com\/en\/wp-json\/wp\/v2\/pages\/345\/revisions\/13479"}],"wp:featuredmedia":[{"embeddable":true,"href":"https:\/\/kecedunyasi.com\/en\/wp-json\/wp\/v2\/media\/416"}],"wp:attachment":[{"href":"https:\/\/kecedunyasi.com\/en\/wp-json\/wp\/v2\/media?parent=345"}],"curies":[{"name":"wp","href":"https:\/\/api.w.org\/{rel}","templated":true}]}}