{"id":357,"date":"2025-08-04T10:42:27","date_gmt":"2025-08-04T10:42:27","guid":{"rendered":"https:\/\/kecedunyasi.bootests.com\/?page_id=357"},"modified":"2026-02-04T06:37:44","modified_gmt":"2026-02-04T06:37:44","slug":"our-companies","status":"publish","type":"page","link":"https:\/\/kecedunyasi.com\/en\/our-companies\/","title":{"rendered":"Our Companies"},"content":{"rendered":"\n\n<section class=\"acfsirketlerimiz\">\n    <div class=\"container\">\n    <div class=\"section-header  d-lg-flex\">\n\n                <h2 class=\"section-title wow animate__fadeInUp\">Our Companies<\/h2>\n                <p class=\"section-description-acf wow animate__fadeInUp\" data-wow-delay=\"0.1s\">With our group companies operating in different sectors, we maintain a quality- and trust-focused service approach across all areas.<\/p>\n            <\/div>\n           \n            \n        <\/div>\n    <div class=\"container\">\n         <div class=\"sirketlerimiz-genel-section\">\n            \n                     <div class=\"genel-list-sirketler wow animate__fadeInUp\" data-wow-delay=\"0.1s\">\n                        <div class=\"img-info\">\n                             <img decoding=\"async\" src=\"https:\/\/kecedunyasi.com\/en\/wp-content\/uploads\/Frame-375.svg\" >\n                        <\/div>\n                        <div class=\"description-info\">\n                        TEKSPA Konf. Teks. San. Tic. A.\u015e. was established in Istanbul in 2005. It is the parent company of all brands and companies within our organization.\n                        <\/div>\n                    <\/div>\n                    \n                     <div class=\"genel-list-sirketler wow animate__fadeInUp\" data-wow-delay=\"0.2s\">\n                        <div class=\"img-info\">\n                             <img decoding=\"async\" src=\"https:\/\/kecedunyasi.com\/en\/wp-content\/uploads\/Frame-373.svg\" >\n                        <\/div>\n                        <div class=\"description-info\">\n                        Kayteks Tekstil was established in Istanbul in 2010 under TEKSPA Konf. Teks. San. Tic. A.\u015e. We support you throughout all operational processes\u2014from design to sewing\u2014for the products you need in the home textile and nonwoven fields. As Kayteks Tekstil, we carry out custom production tailored to your company across a wide range of home textile product groups.\n                        <\/div>\n                    <\/div>\n                    \n                     <div class=\"genel-list-sirketler wow animate__fadeInUp\" data-wow-delay=\"0.3s\">\n                        <div class=\"img-info\">\n                             <img decoding=\"async\" src=\"https:\/\/kecedunyasi.com\/en\/wp-content\/uploads\/Frame-374.svg\" >\n                        <\/div>\n                        <div class=\"description-info\">\n                        Emrah Lazer began providing services in 2008 under Tekspa Tekstil San. Tic. A.\u015e. Since its establishment, its main goal has been to deliver the highest quality and high-performance production by continuously expanding its service and product range in line with customer demands. Operating in a 400 m\u00b2 indoor facility with state-of-the-art laser cutting machines, Emrah Lazer combines high-quality service with cost-effective solutions and on-time delivery for its customers\n                        <\/div>\n                    <\/div>\n                    \n                     <div class=\"genel-list-sirketler wow animate__fadeInUp\" data-wow-delay=\"0.4s\">\n                        <div class=\"img-info\">\n                             <img decoding=\"async\" src=\"https:\/\/kecedunyasi.com\/en\/wp-content\/uploads\/logo-3.svg\" >\n                        <\/div>\n                        <div class=\"description-info\">\n                        Ke\u00e7e D\u00fcnyas\u0131 began operating in 2010 under Tekspa Tekstil San. Tic. A.\u015e. Thanks to its extensive know-how and experience, it can quickly respond to the changing and evolving needs of the industry and manufactures all types of felt in the desired colors, densities, and hardness levels within its own facilities. Our main goal is to offer first-quality products to our customers at the most competitive prices. Behind Ke\u00e7e D\u00fcnyas\u0131\u2019s corporate success lie years of experience, continuous innovation, and a strong commitment to 100% customer satisfaction.\n                        <\/div>\n                    <\/div>\n                            <\/div>\n    <\/div>\n    <\/div>\n<\/section>","protected":false},"excerpt":{"rendered":"","protected":false},"author":1,"featured_media":416,"parent":0,"menu_order":0,"comment_status":"closed","ping_status":"closed","template":"","meta":{"_acf_changed":false,"footnotes":""},"class_list":["post-357","page","type-page","status-publish","has-post-thumbnail","hentry"],"acf":[],"yoast_head":"<!-- This site is optimized with the Yoast SEO plugin v26.9 - https:\/\/yoast.com\/product\/yoast-seo-wordpress\/ -->\n<title>Our Companies - Ke\u00e7e D\u00fcnyas\u0131<\/title>\n<meta name=\"description\" content=\"With our group companies operating in different sectors, we maintain a quality- and trust-focused service approach across all areas.\" \/>\n<meta name=\"robots\" content=\"index, follow, max-snippet:-1, max-image-preview:large, max-video-preview:-1\" \/>\n<link rel=\"canonical\" href=\"https:\/\/kecedunyasi.com\/en\/our-companies\/\" \/>\n<meta property=\"og:locale\" content=\"en_US\" \/>\n<meta property=\"og:type\" content=\"article\" \/>\n<meta property=\"og:title\" content=\"Our Companies - Ke\u00e7e D\u00fcnyas\u0131\" \/>\n<meta property=\"og:description\" content=\"With our group companies operating in different sectors, we maintain a quality- and trust-focused service approach across all areas.\" \/>\n<meta property=\"og:url\" content=\"https:\/\/kecedunyasi.com\/en\/our-companies\/\" \/>\n<meta property=\"og:site_name\" content=\"Ke\u00e7e D\u00fcnyas\u0131\" \/>\n<meta property=\"article:publisher\" content=\"https:\/\/www.facebook.com\/profile.php?id=100093286748515\" \/>\n<meta property=\"article:modified_time\" content=\"2026-02-04T06:37:44+00:00\" \/>\n<meta property=\"og:image\" content=\"https:\/\/kecedunyasi.com\/en\/wp-content\/uploads\/bizden_haberler-scaled.webp\" \/>\n\t<meta property=\"og:image:width\" content=\"2560\" \/>\n\t<meta property=\"og:image:height\" content=\"600\" \/>\n\t<meta property=\"og:image:type\" content=\"image\/webp\" \/>\n<meta name=\"twitter:card\" content=\"summary_large_image\" \/>\n<meta name=\"twitter:label1\" content=\"Est. reading time\" \/>\n\t<meta name=\"twitter:data1\" content=\"1 minute\" \/>\n<script type=\"application\/ld+json\" class=\"yoast-schema-graph\">{\"@context\":\"https:\/\/schema.org\",\"@graph\":[{\"@type\":\"WebPage\",\"@id\":\"https:\/\/kecedunyasi.com\/en\/our-companies\/\",\"url\":\"https:\/\/kecedunyasi.com\/en\/our-companies\/\",\"name\":\"Our Companies - Ke\u00e7e D\u00fcnyas\u0131\",\"isPartOf\":{\"@id\":\"https:\/\/kecedunyasi.com\/en\/#website\"},\"primaryImageOfPage\":{\"@id\":\"https:\/\/kecedunyasi.com\/en\/our-companies\/#primaryimage\"},\"image\":{\"@id\":\"https:\/\/kecedunyasi.com\/en\/our-companies\/#primaryimage\"},\"thumbnailUrl\":\"https:\/\/kecedunyasi.com\/en\/wp-content\/uploads\/bizden_haberler-scaled.webp\",\"datePublished\":\"2025-08-04T10:42:27+00:00\",\"dateModified\":\"2026-02-04T06:37:44+00:00\",\"description\":\"With our group companies operating in different sectors, we maintain a quality- and trust-focused service approach across all areas.\",\"breadcrumb\":{\"@id\":\"https:\/\/kecedunyasi.com\/en\/our-companies\/#breadcrumb\"},\"inLanguage\":\"en-US\",\"potentialAction\":[{\"@type\":\"ReadAction\",\"target\":[\"https:\/\/kecedunyasi.com\/en\/our-companies\/\"]}]},{\"@type\":\"ImageObject\",\"inLanguage\":\"en-US\",\"@id\":\"https:\/\/kecedunyasi.com\/en\/our-companies\/#primaryimage\",\"url\":\"https:\/\/kecedunyasi.com\/en\/wp-content\/uploads\/bizden_haberler-scaled.webp\",\"contentUrl\":\"https:\/\/kecedunyasi.com\/en\/wp-content\/uploads\/bizden_haberler-scaled.webp\",\"width\":2560,\"height\":600},{\"@type\":\"BreadcrumbList\",\"@id\":\"https:\/\/kecedunyasi.com\/en\/our-companies\/#breadcrumb\",\"itemListElement\":[{\"@type\":\"ListItem\",\"position\":1,\"name\":\"Home\",\"item\":\"https:\/\/kecedunyasi.com\/en\/\"},{\"@type\":\"ListItem\",\"position\":2,\"name\":\"Our Companies\"}]},{\"@type\":\"WebSite\",\"@id\":\"https:\/\/kecedunyasi.com\/en\/#website\",\"url\":\"https:\/\/kecedunyasi.com\/en\/\",\"name\":\"Ke\u00e7e D\u00fcnyas\u0131\",\"description\":\"\",\"publisher\":{\"@id\":\"https:\/\/kecedunyasi.com\/en\/#organization\"},\"potentialAction\":[{\"@type\":\"SearchAction\",\"target\":{\"@type\":\"EntryPoint\",\"urlTemplate\":\"https:\/\/kecedunyasi.com\/en\/?s={search_term_string}\"},\"query-input\":{\"@type\":\"PropertyValueSpecification\",\"valueRequired\":true,\"valueName\":\"search_term_string\"}}],\"inLanguage\":\"en-US\"},{\"@type\":\"Organization\",\"@id\":\"https:\/\/kecedunyasi.com\/en\/#organization\",\"name\":\"Ke\u00e7e D\u00fcnyas\u0131\",\"url\":\"https:\/\/kecedunyasi.com\/en\/\",\"logo\":{\"@type\":\"ImageObject\",\"inLanguage\":\"en-US\",\"@id\":\"https:\/\/kecedunyasi.com\/en\/#\/schema\/logo\/image\/\",\"url\":\"https:\/\/kecedunyasi.bootests.com\/wp-content\/uploads\/kece-dunyasi-og-image.webp\",\"contentUrl\":\"https:\/\/kecedunyasi.bootests.com\/wp-content\/uploads\/kece-dunyasi-og-image.webp\",\"width\":1200,\"height\":625,\"caption\":\"Ke\u00e7e D\u00fcnyas\u0131\"},\"image\":{\"@id\":\"https:\/\/kecedunyasi.com\/en\/#\/schema\/logo\/image\/\"},\"sameAs\":[\"https:\/\/www.facebook.com\/profile.php?id=100093286748515\",\"https:\/\/www.instagram.com\/tekspa.com.tr\/\"]}]}<\/script>\n<!-- \/ Yoast SEO plugin. -->","yoast_head_json":{"title":"Our Companies - Ke\u00e7e D\u00fcnyas\u0131","description":"With our group companies operating in different sectors, we maintain a quality- and trust-focused service approach across all areas.","robots":{"index":"index","follow":"follow","max-snippet":"max-snippet:-1","max-image-preview":"max-image-preview:large","max-video-preview":"max-video-preview:-1"},"canonical":"https:\/\/kecedunyasi.com\/en\/our-companies\/","og_locale":"en_US","og_type":"article","og_title":"Our Companies - Ke\u00e7e D\u00fcnyas\u0131","og_description":"With our group companies operating in different sectors, we maintain a quality- and trust-focused service approach across all areas.","og_url":"https:\/\/kecedunyasi.com\/en\/our-companies\/","og_site_name":"Ke\u00e7e D\u00fcnyas\u0131","article_publisher":"https:\/\/www.facebook.com\/profile.php?id=100093286748515","article_modified_time":"2026-02-04T06:37:44+00:00","og_image":[{"width":2560,"height":600,"url":"https:\/\/kecedunyasi.com\/en\/wp-content\/uploads\/bizden_haberler-scaled.webp","type":"image\/webp"}],"twitter_card":"summary_large_image","twitter_misc":{"Est. reading time":"1 minute"},"schema":{"@context":"https:\/\/schema.org","@graph":[{"@type":"WebPage","@id":"https:\/\/kecedunyasi.com\/en\/our-companies\/","url":"https:\/\/kecedunyasi.com\/en\/our-companies\/","name":"Our Companies - Ke\u00e7e D\u00fcnyas\u0131","isPartOf":{"@id":"https:\/\/kecedunyasi.com\/en\/#website"},"primaryImageOfPage":{"@id":"https:\/\/kecedunyasi.com\/en\/our-companies\/#primaryimage"},"image":{"@id":"https:\/\/kecedunyasi.com\/en\/our-companies\/#primaryimage"},"thumbnailUrl":"https:\/\/kecedunyasi.com\/en\/wp-content\/uploads\/bizden_haberler-scaled.webp","datePublished":"2025-08-04T10:42:27+00:00","dateModified":"2026-02-04T06:37:44+00:00","description":"With our group companies operating in different sectors, we maintain a quality- and trust-focused service approach across all areas.","breadcrumb":{"@id":"https:\/\/kecedunyasi.com\/en\/our-companies\/#breadcrumb"},"inLanguage":"en-US","potentialAction":[{"@type":"ReadAction","target":["https:\/\/kecedunyasi.com\/en\/our-companies\/"]}]},{"@type":"ImageObject","inLanguage":"en-US","@id":"https:\/\/kecedunyasi.com\/en\/our-companies\/#primaryimage","url":"https:\/\/kecedunyasi.com\/en\/wp-content\/uploads\/bizden_haberler-scaled.webp","contentUrl":"https:\/\/kecedunyasi.com\/en\/wp-content\/uploads\/bizden_haberler-scaled.webp","width":2560,"height":600},{"@type":"BreadcrumbList","@id":"https:\/\/kecedunyasi.com\/en\/our-companies\/#breadcrumb","itemListElement":[{"@type":"ListItem","position":1,"name":"Home","item":"https:\/\/kecedunyasi.com\/en\/"},{"@type":"ListItem","position":2,"name":"Our Companies"}]},{"@type":"WebSite","@id":"https:\/\/kecedunyasi.com\/en\/#website","url":"https:\/\/kecedunyasi.com\/en\/","name":"Ke\u00e7e D\u00fcnyas\u0131","description":"","publisher":{"@id":"https:\/\/kecedunyasi.com\/en\/#organization"},"potentialAction":[{"@type":"SearchAction","target":{"@type":"EntryPoint","urlTemplate":"https:\/\/kecedunyasi.com\/en\/?s={search_term_string}"},"query-input":{"@type":"PropertyValueSpecification","valueRequired":true,"valueName":"search_term_string"}}],"inLanguage":"en-US"},{"@type":"Organization","@id":"https:\/\/kecedunyasi.com\/en\/#organization","name":"Ke\u00e7e D\u00fcnyas\u0131","url":"https:\/\/kecedunyasi.com\/en\/","logo":{"@type":"ImageObject","inLanguage":"en-US","@id":"https:\/\/kecedunyasi.com\/en\/#\/schema\/logo\/image\/","url":"https:\/\/kecedunyasi.bootests.com\/wp-content\/uploads\/kece-dunyasi-og-image.webp","contentUrl":"https:\/\/kecedunyasi.bootests.com\/wp-content\/uploads\/kece-dunyasi-og-image.webp","width":1200,"height":625,"caption":"Ke\u00e7e D\u00fcnyas\u0131"},"image":{"@id":"https:\/\/kecedunyasi.com\/en\/#\/schema\/logo\/image\/"},"sameAs":["https:\/\/www.facebook.com\/profile.php?id=100093286748515","https:\/\/www.instagram.com\/tekspa.com.tr\/"]}]}},"_links":{"self":[{"href":"https:\/\/kecedunyasi.com\/en\/wp-json\/wp\/v2\/pages\/357","targetHints":{"allow":["GET"]}}],"collection":[{"href":"https:\/\/kecedunyasi.com\/en\/wp-json\/wp\/v2\/pages"}],"about":[{"href":"https:\/\/kecedunyasi.com\/en\/wp-json\/wp\/v2\/types\/page"}],"author":[{"embeddable":true,"href":"https:\/\/kecedunyasi.com\/en\/wp-json\/wp\/v2\/users\/1"}],"replies":[{"embeddable":true,"href":"https:\/\/kecedunyasi.com\/en\/wp-json\/wp\/v2\/comments?post=357"}],"version-history":[{"count":9,"href":"https:\/\/kecedunyasi.com\/en\/wp-json\/wp\/v2\/pages\/357\/revisions"}],"predecessor-version":[{"id":13488,"href":"https:\/\/kecedunyasi.com\/en\/wp-json\/wp\/v2\/pages\/357\/revisions\/13488"}],"wp:featuredmedia":[{"embeddable":true,"href":"https:\/\/kecedunyasi.com\/en\/wp-json\/wp\/v2\/media\/416"}],"wp:attachment":[{"href":"https:\/\/kecedunyasi.com\/en\/wp-json\/wp\/v2\/media?parent=357"}],"curies":[{"name":"wp","href":"https:\/\/api.w.org\/{rel}","templated":true}]}}