{"id":369,"date":"2025-08-04T11:13:53","date_gmt":"2025-08-04T11:13:53","guid":{"rendered":"https:\/\/kecedunyasi.bootests.com\/?page_id=369"},"modified":"2026-02-04T06:37:32","modified_gmt":"2026-02-04T06:37:32","slug":"human-resources","status":"publish","type":"page","link":"https:\/\/kecedunyasi.com\/en\/human-resources\/","title":{"rendered":"Human Resources"},"content":{"rendered":"    <section class=\"acfteklifformu\">\n    <div class=\"container\">\n    <div class=\"section-header  d-lg-flex\">\n            <div class=\"section-header-content\">\n                <h2 class=\"section-title wow animate__fadeInUp\">Human Resources<\/h2>\n            <\/div>\n           \n            <p class=\"section-description-acf wow animate__fadeInUp\">     Would you like to join our team? By filling out the form below, you can submit your application and stay informed about our career opportunities.<\/p>\n        <\/div>\n    <div class=\"tasarlab-form-content wow animate__fadeInUp\" data-wow-delay=\"0.2s\">\n        \n<div class=\"wpcf7 no-js\" id=\"wpcf7-f368-o1\" lang=\"en-US\" dir=\"ltr\" data-wpcf7-id=\"368\">\n<div class=\"screen-reader-response\"><p role=\"status\" aria-live=\"polite\" aria-atomic=\"true\"><\/p> <ul><\/ul><\/div>\n<form action=\"\/en\/wp-json\/wp\/v2\/pages\/369#wpcf7-f368-o1\" method=\"post\" class=\"wpcf7-form init\" aria-label=\"Contact form\" enctype=\"multipart\/form-data\" novalidate=\"novalidate\" data-status=\"init\">\n<fieldset class=\"hidden-fields-container\"><input type=\"hidden\" name=\"_wpcf7\" value=\"368\" \/><input type=\"hidden\" name=\"_wpcf7_version\" value=\"6.1.4\" \/><input type=\"hidden\" name=\"_wpcf7_locale\" value=\"en_US\" \/><input type=\"hidden\" name=\"_wpcf7_unit_tag\" value=\"wpcf7-f368-o1\" \/><input type=\"hidden\" name=\"_wpcf7_container_post\" value=\"0\" \/><input type=\"hidden\" name=\"_wpcf7_posted_data_hash\" value=\"\" \/>\n<\/fieldset>\n<div class=\"row\">\n\t<div class=\"col-lg-6\">\n\t\t<p><label> Full Name*<\/label><span class=\"wpcf7-form-control-wrap\" data-name=\"your-name\"><input size=\"40\" maxlength=\"400\" class=\"wpcf7-form-control wpcf7-text wpcf7-validates-as-required\" aria-required=\"true\" aria-invalid=\"false\" value=\"\" type=\"text\" name=\"your-name\" \/><\/span>\n\t\t<\/p>\n\t<\/div>\n\t<div class=\"col-lg-6\">\n\t\t<p><label> Email Address*<\/label><span class=\"wpcf7-form-control-wrap\" data-name=\"your-email\"><input size=\"40\" maxlength=\"400\" class=\"wpcf7-form-control wpcf7-email wpcf7-validates-as-required wpcf7-text wpcf7-validates-as-email\" aria-required=\"true\" aria-invalid=\"false\" value=\"\" type=\"email\" name=\"your-email\" \/><\/span>\n\t\t<\/p>\n\t<\/div>\n\t<div class=\"col-lg-6\">\n\t\t<p><label> Phone*<\/label><span class=\"wpcf7-form-control-wrap\" data-name=\"your-phone\"><input size=\"40\" maxlength=\"400\" class=\"wpcf7-form-control wpcf7-tel wpcf7-validates-as-required wpcf7-text wpcf7-validates-as-tel\" aria-required=\"true\" aria-invalid=\"false\" value=\"\" type=\"tel\" name=\"your-phone\" \/><\/span>\n\t\t<\/p>\n\t<\/div>\n\t<div class=\"col-lg-6\">\n\t\t<p><label> CV*<\/label><span class=\"wpcf7-form-control-wrap\" data-name=\"file-486\"><input size=\"40\" class=\"wpcf7-form-control wpcf7-file wpcf7-validates-as-required custom-cv-input\" accept=\".pdf,.doc,.docx\" aria-required=\"true\" aria-invalid=\"false\" type=\"file\" name=\"file-486\" \/><\/span>\n\t\t<\/p>\n\t<\/div>\n\t<div class=\"col-lg-12\">\n\t\t<p><label> Message*<\/label><span class=\"wpcf7-form-control-wrap\" data-name=\"textarea-440\"><textarea cols=\"40\" rows=\"3\" maxlength=\"2000\" class=\"wpcf7-form-control wpcf7-textarea\" aria-invalid=\"false\" name=\"textarea-440\"><\/textarea><\/span>\n\t\t<\/p>\n\t<\/div>\n\t<p><span class=\"wpcf7-form-control-wrap\" data-name=\"your-consent\"><span class=\"wpcf7-form-control wpcf7-acceptance\"><span class=\"wpcf7-list-item\"><label><input type=\"checkbox\" name=\"your-consent\" value=\"1\" aria-invalid=\"false\" \/><span class=\"wpcf7-list-item-label\">I have read and understood the <a href=\"\/en\/gdpr\/\" target=\"_blank\">GDPR<\/a> and the <a href=\"\/en\/privacy-policy\/\" target=\"_blank\">Privacy Policy<\/a>, and I hereby consent to the processing of my personal data.<\/span><\/label><\/span><\/span><\/span>\n\t<\/p>\n\t<p><input class=\"wpcf7-form-control wpcf7-submit has-spinner\" type=\"submit\" value=\"Submit\" \/>\n\t<\/p>\n<\/div><div class=\"wpcf7-response-output\" aria-hidden=\"true\"><\/div>\n<\/form>\n<\/div>\n    <\/div>\n    <\/div>\n<\/section>","protected":false},"excerpt":{"rendered":"","protected":false},"author":1,"featured_media":418,"parent":0,"menu_order":0,"comment_status":"closed","ping_status":"closed","template":"","meta":{"_acf_changed":false,"footnotes":""},"class_list":["post-369","page","type-page","status-publish","has-post-thumbnail","hentry"],"acf":[],"yoast_head":"<!-- This site is optimized with the Yoast SEO plugin v26.9 - https:\/\/yoast.com\/product\/yoast-seo-wordpress\/ -->\n<title>Human Resources - Ke\u00e7e D\u00fcnyas\u0131<\/title>\n<meta name=\"description\" content=\"Would you like to join our team? By filling out the form below, you can submit your application and stay informed about our career opportunities.\" \/>\n<meta name=\"robots\" content=\"index, follow, max-snippet:-1, max-image-preview:large, max-video-preview:-1\" \/>\n<link rel=\"canonical\" href=\"https:\/\/kecedunyasi.com\/en\/human-resources\/\" \/>\n<meta property=\"og:locale\" content=\"en_US\" \/>\n<meta property=\"og:type\" content=\"article\" \/>\n<meta property=\"og:title\" content=\"Human Resources - Ke\u00e7e D\u00fcnyas\u0131\" \/>\n<meta property=\"og:description\" content=\"Would you like to join our team? By filling out the form below, you can submit your application and stay informed about our career opportunities.\" \/>\n<meta property=\"og:url\" content=\"https:\/\/kecedunyasi.com\/en\/human-resources\/\" \/>\n<meta property=\"og:site_name\" content=\"Ke\u00e7e D\u00fcnyas\u0131\" \/>\n<meta property=\"article:publisher\" content=\"https:\/\/www.facebook.com\/profile.php?id=100093286748515\" \/>\n<meta property=\"article:modified_time\" content=\"2026-02-04T06:37:32+00:00\" \/>\n<meta property=\"og:image\" content=\"https:\/\/kecedunyasi.com\/en\/wp-content\/uploads\/IK-scaled.webp\" \/>\n\t<meta property=\"og:image:width\" content=\"2560\" \/>\n\t<meta property=\"og:image:height\" content=\"600\" \/>\n\t<meta property=\"og:image:type\" content=\"image\/webp\" \/>\n<meta name=\"twitter:card\" content=\"summary_large_image\" \/>\n<script type=\"application\/ld+json\" class=\"yoast-schema-graph\">{\"@context\":\"https:\/\/schema.org\",\"@graph\":[{\"@type\":\"WebPage\",\"@id\":\"https:\/\/kecedunyasi.com\/en\/human-resources\/\",\"url\":\"https:\/\/kecedunyasi.com\/en\/human-resources\/\",\"name\":\"Human Resources - Ke\u00e7e D\u00fcnyas\u0131\",\"isPartOf\":{\"@id\":\"https:\/\/kecedunyasi.com\/en\/#website\"},\"primaryImageOfPage\":{\"@id\":\"https:\/\/kecedunyasi.com\/en\/human-resources\/#primaryimage\"},\"image\":{\"@id\":\"https:\/\/kecedunyasi.com\/en\/human-resources\/#primaryimage\"},\"thumbnailUrl\":\"https:\/\/kecedunyasi.com\/en\/wp-content\/uploads\/IK-scaled.webp\",\"datePublished\":\"2025-08-04T11:13:53+00:00\",\"dateModified\":\"2026-02-04T06:37:32+00:00\",\"description\":\"Would you like to join our team? By filling out the form below, you can submit your application and stay informed about our career opportunities.\",\"breadcrumb\":{\"@id\":\"https:\/\/kecedunyasi.com\/en\/human-resources\/#breadcrumb\"},\"inLanguage\":\"en-US\",\"potentialAction\":[{\"@type\":\"ReadAction\",\"target\":[\"https:\/\/kecedunyasi.com\/en\/human-resources\/\"]}]},{\"@type\":\"ImageObject\",\"inLanguage\":\"en-US\",\"@id\":\"https:\/\/kecedunyasi.com\/en\/human-resources\/#primaryimage\",\"url\":\"https:\/\/kecedunyasi.com\/en\/wp-content\/uploads\/IK-scaled.webp\",\"contentUrl\":\"https:\/\/kecedunyasi.com\/en\/wp-content\/uploads\/IK-scaled.webp\",\"width\":2560,\"height\":600},{\"@type\":\"BreadcrumbList\",\"@id\":\"https:\/\/kecedunyasi.com\/en\/human-resources\/#breadcrumb\",\"itemListElement\":[{\"@type\":\"ListItem\",\"position\":1,\"name\":\"Home\",\"item\":\"https:\/\/kecedunyasi.com\/en\/\"},{\"@type\":\"ListItem\",\"position\":2,\"name\":\"Human Resources\"}]},{\"@type\":\"WebSite\",\"@id\":\"https:\/\/kecedunyasi.com\/en\/#website\",\"url\":\"https:\/\/kecedunyasi.com\/en\/\",\"name\":\"Ke\u00e7e D\u00fcnyas\u0131\",\"description\":\"\",\"publisher\":{\"@id\":\"https:\/\/kecedunyasi.com\/en\/#organization\"},\"potentialAction\":[{\"@type\":\"SearchAction\",\"target\":{\"@type\":\"EntryPoint\",\"urlTemplate\":\"https:\/\/kecedunyasi.com\/en\/?s={search_term_string}\"},\"query-input\":{\"@type\":\"PropertyValueSpecification\",\"valueRequired\":true,\"valueName\":\"search_term_string\"}}],\"inLanguage\":\"en-US\"},{\"@type\":\"Organization\",\"@id\":\"https:\/\/kecedunyasi.com\/en\/#organization\",\"name\":\"Ke\u00e7e D\u00fcnyas\u0131\",\"url\":\"https:\/\/kecedunyasi.com\/en\/\",\"logo\":{\"@type\":\"ImageObject\",\"inLanguage\":\"en-US\",\"@id\":\"https:\/\/kecedunyasi.com\/en\/#\/schema\/logo\/image\/\",\"url\":\"https:\/\/kecedunyasi.bootests.com\/wp-content\/uploads\/kece-dunyasi-og-image.webp\",\"contentUrl\":\"https:\/\/kecedunyasi.bootests.com\/wp-content\/uploads\/kece-dunyasi-og-image.webp\",\"width\":1200,\"height\":625,\"caption\":\"Ke\u00e7e D\u00fcnyas\u0131\"},\"image\":{\"@id\":\"https:\/\/kecedunyasi.com\/en\/#\/schema\/logo\/image\/\"},\"sameAs\":[\"https:\/\/www.facebook.com\/profile.php?id=100093286748515\",\"https:\/\/www.instagram.com\/tekspa.com.tr\/\"]}]}<\/script>\n<!-- \/ Yoast SEO plugin. -->","yoast_head_json":{"title":"Human Resources - Ke\u00e7e D\u00fcnyas\u0131","description":"Would you like to join our team? By filling out the form below, you can submit your application and stay informed about our career opportunities.","robots":{"index":"index","follow":"follow","max-snippet":"max-snippet:-1","max-image-preview":"max-image-preview:large","max-video-preview":"max-video-preview:-1"},"canonical":"https:\/\/kecedunyasi.com\/en\/human-resources\/","og_locale":"en_US","og_type":"article","og_title":"Human Resources - Ke\u00e7e D\u00fcnyas\u0131","og_description":"Would you like to join our team? By filling out the form below, you can submit your application and stay informed about our career opportunities.","og_url":"https:\/\/kecedunyasi.com\/en\/human-resources\/","og_site_name":"Ke\u00e7e D\u00fcnyas\u0131","article_publisher":"https:\/\/www.facebook.com\/profile.php?id=100093286748515","article_modified_time":"2026-02-04T06:37:32+00:00","og_image":[{"width":2560,"height":600,"url":"https:\/\/kecedunyasi.com\/en\/wp-content\/uploads\/IK-scaled.webp","type":"image\/webp"}],"twitter_card":"summary_large_image","schema":{"@context":"https:\/\/schema.org","@graph":[{"@type":"WebPage","@id":"https:\/\/kecedunyasi.com\/en\/human-resources\/","url":"https:\/\/kecedunyasi.com\/en\/human-resources\/","name":"Human Resources - Ke\u00e7e D\u00fcnyas\u0131","isPartOf":{"@id":"https:\/\/kecedunyasi.com\/en\/#website"},"primaryImageOfPage":{"@id":"https:\/\/kecedunyasi.com\/en\/human-resources\/#primaryimage"},"image":{"@id":"https:\/\/kecedunyasi.com\/en\/human-resources\/#primaryimage"},"thumbnailUrl":"https:\/\/kecedunyasi.com\/en\/wp-content\/uploads\/IK-scaled.webp","datePublished":"2025-08-04T11:13:53+00:00","dateModified":"2026-02-04T06:37:32+00:00","description":"Would you like to join our team? By filling out the form below, you can submit your application and stay informed about our career opportunities.","breadcrumb":{"@id":"https:\/\/kecedunyasi.com\/en\/human-resources\/#breadcrumb"},"inLanguage":"en-US","potentialAction":[{"@type":"ReadAction","target":["https:\/\/kecedunyasi.com\/en\/human-resources\/"]}]},{"@type":"ImageObject","inLanguage":"en-US","@id":"https:\/\/kecedunyasi.com\/en\/human-resources\/#primaryimage","url":"https:\/\/kecedunyasi.com\/en\/wp-content\/uploads\/IK-scaled.webp","contentUrl":"https:\/\/kecedunyasi.com\/en\/wp-content\/uploads\/IK-scaled.webp","width":2560,"height":600},{"@type":"BreadcrumbList","@id":"https:\/\/kecedunyasi.com\/en\/human-resources\/#breadcrumb","itemListElement":[{"@type":"ListItem","position":1,"name":"Home","item":"https:\/\/kecedunyasi.com\/en\/"},{"@type":"ListItem","position":2,"name":"Human Resources"}]},{"@type":"WebSite","@id":"https:\/\/kecedunyasi.com\/en\/#website","url":"https:\/\/kecedunyasi.com\/en\/","name":"Ke\u00e7e D\u00fcnyas\u0131","description":"","publisher":{"@id":"https:\/\/kecedunyasi.com\/en\/#organization"},"potentialAction":[{"@type":"SearchAction","target":{"@type":"EntryPoint","urlTemplate":"https:\/\/kecedunyasi.com\/en\/?s={search_term_string}"},"query-input":{"@type":"PropertyValueSpecification","valueRequired":true,"valueName":"search_term_string"}}],"inLanguage":"en-US"},{"@type":"Organization","@id":"https:\/\/kecedunyasi.com\/en\/#organization","name":"Ke\u00e7e D\u00fcnyas\u0131","url":"https:\/\/kecedunyasi.com\/en\/","logo":{"@type":"ImageObject","inLanguage":"en-US","@id":"https:\/\/kecedunyasi.com\/en\/#\/schema\/logo\/image\/","url":"https:\/\/kecedunyasi.bootests.com\/wp-content\/uploads\/kece-dunyasi-og-image.webp","contentUrl":"https:\/\/kecedunyasi.bootests.com\/wp-content\/uploads\/kece-dunyasi-og-image.webp","width":1200,"height":625,"caption":"Ke\u00e7e D\u00fcnyas\u0131"},"image":{"@id":"https:\/\/kecedunyasi.com\/en\/#\/schema\/logo\/image\/"},"sameAs":["https:\/\/www.facebook.com\/profile.php?id=100093286748515","https:\/\/www.instagram.com\/tekspa.com.tr\/"]}]}},"_links":{"self":[{"href":"https:\/\/kecedunyasi.com\/en\/wp-json\/wp\/v2\/pages\/369","targetHints":{"allow":["GET"]}}],"collection":[{"href":"https:\/\/kecedunyasi.com\/en\/wp-json\/wp\/v2\/pages"}],"about":[{"href":"https:\/\/kecedunyasi.com\/en\/wp-json\/wp\/v2\/types\/page"}],"author":[{"embeddable":true,"href":"https:\/\/kecedunyasi.com\/en\/wp-json\/wp\/v2\/users\/1"}],"replies":[{"embeddable":true,"href":"https:\/\/kecedunyasi.com\/en\/wp-json\/wp\/v2\/comments?post=369"}],"version-history":[{"count":4,"href":"https:\/\/kecedunyasi.com\/en\/wp-json\/wp\/v2\/pages\/369\/revisions"}],"predecessor-version":[{"id":13485,"href":"https:\/\/kecedunyasi.com\/en\/wp-json\/wp\/v2\/pages\/369\/revisions\/13485"}],"wp:featuredmedia":[{"embeddable":true,"href":"https:\/\/kecedunyasi.com\/en\/wp-json\/wp\/v2\/media\/418"}],"wp:attachment":[{"href":"https:\/\/kecedunyasi.com\/en\/wp-json\/wp\/v2\/media?parent=369"}],"curies":[{"name":"wp","href":"https:\/\/api.w.org\/{rel}","templated":true}]}}