{"id":421,"date":"2025-08-05T08:15:45","date_gmt":"2025-08-05T08:15:45","guid":{"rendered":"https:\/\/kecedunyasi.bootests.com\/?page_id=421"},"modified":"2026-02-04T11:38:59","modified_gmt":"2026-02-04T11:38:59","slug":"sustainability","status":"publish","type":"page","link":"https:\/\/kecedunyasi.com\/en\/sustainability\/","title":{"rendered":"Sustainability"},"content":{"rendered":"<div class=\"container\">\r\n<section class=\"acftitledescription\">\r\n<div class=\"section-header  d-lg-flex\">\r\n\r\n                <h1 class=\"section-title wow animate__fadeInUp\" data-wow-delay=\"0.2s\">Sustainability<\/h1>\r\n                <p class=\"section-description-acf wow animate__fadeInUp\" data-wow-delay=\"0.3s\">     We produce using environmentally friendly, recyclable materials and embrace sustainable and responsible design.<\/p>\r\n     \r\n<\/section>\r\n       <\/div>\n\n<div class=\"container wow animate__fadeInUp\" data-wow-delay=\"0.2s\">\r\n  <p>We have built our production philosophy on sustainability principles to leave a cleaner, more livable world for future generations.<\/p>\n<p>In every material we use, we prioritize environmental responsibility, and in our production processes, we focus on waste reduction and energy efficiency. Our goal is to contribute to the environment and society not only through our products but also through the way we do business. With our responsible production approach, we will continue to offer high-quality and long-lasting products without harming nature.<\/p>\n<p>Zero-Waste Felt: Build a Sustainable Future Through Recycling<br \/>\n<!-- \/wp:paragraph --> <!-- wp:image {\"id\":427,\"sizeSlug\":\"large\",\"linkDestination\":\"none\",\"align\":\"center\"} --> <\/p>\n<figure class=\"wp-block-image aligncenter size-large\"> <img decoding=\"async\" width=\"1024\" height=\"675\" class=\"wp-image-427\" src=\"https:\/\/kecedunyasi.bootests.com\/wp-content\/uploads\/surdurulebilirlik-2-1024x675.png\" alt=\"\" srcset=\"https:\/\/kecedunyasi.com\/en\/wp-content\/uploads\/surdurulebilirlik-2-1024x675.png 1024w, https:\/\/kecedunyasi.com\/en\/wp-content\/uploads\/surdurulebilirlik-2-300x198.png 300w, https:\/\/kecedunyasi.com\/en\/wp-content\/uploads\/surdurulebilirlik-2-768x506.png 768w, https:\/\/kecedunyasi.com\/en\/wp-content\/uploads\/surdurulebilirlik-2.png 1365w\" sizes=\"(max-width: 1024px) 100vw, 1024px\" \/> <\/figure>\n<p> <!-- \/wp:image --> <!-- wp:heading --> <\/p>\n<h2 class=\"wp-block-heading\">Material and Production Approach<\/h2>\n<p> <!-- \/wp:heading --> <!-- wp:list --> <\/p>\n<ul class=\"wp-block-list\">\n<li>Use of 100% recyclable felt<\/li>\n<li>Chemical-free dyes<\/li>\n<li>Long-lasting, durable products \u2192 waste reduction<\/li>\n<li>Visual: Felt rolls, natural material details<\/li>\n<\/ul>\n<p> <!-- \/wp:list --> <!-- wp:paragraph --><\/p>\n<p>Sustainability is not just a production model; it is a reflection of our respect for nature, people, and the future.<\/p>\n<p>By using resources responsibly, we design environmentally friendly, long-lasting, and recyclable products. We continuously improve our production processes, reduce waste, and increase energy efficiency. At every step that supports sustainable living, we maintain our environmentally conscious approach and act in harmony with nature.<\/p>\n<p><!-- \/wp:paragraph --><\/p>\n <\/div>\n\n\n<figure class=\"wp-block-video container video-page wow animate__fadeInUp\"><video height=\"544\" style=\"aspect-ratio: 960 \/ 544;\" width=\"960\" controls src=\"\/wp-content\/uploads\/tekspa-geri-donusum.mp4\"><\/video><\/figure>\n","protected":false},"excerpt":{"rendered":"","protected":false},"author":1,"featured_media":422,"parent":0,"menu_order":0,"comment_status":"closed","ping_status":"closed","template":"","meta":{"_acf_changed":false,"footnotes":""},"class_list":["post-421","page","type-page","status-publish","has-post-thumbnail","hentry"],"acf":[],"yoast_head":"<!-- This site is optimized with the Yoast SEO plugin v26.9 - https:\/\/yoast.com\/product\/yoast-seo-wordpress\/ -->\n<title>Sustainability - Ke\u00e7e D\u00fcnyas\u0131<\/title>\n<meta name=\"description\" content=\"Do\u011faya sayg\u0131l\u0131, geri d\u00f6n\u00fc\u015ft\u00fcr\u00fclebilir malzemelerle \u00fcretiyor; s\u00fcrd\u00fcr\u00fclebilir ve sorumlu tasar\u0131m\u0131 benimsiyoruz.\" \/>\n<meta name=\"robots\" content=\"index, follow, max-snippet:-1, max-image-preview:large, max-video-preview:-1\" \/>\n<link rel=\"canonical\" href=\"https:\/\/kecedunyasi.com\/en\/sustainability\/\" \/>\n<meta property=\"og:locale\" content=\"en_US\" \/>\n<meta property=\"og:type\" content=\"article\" \/>\n<meta property=\"og:title\" content=\"Sustainability - Ke\u00e7e D\u00fcnyas\u0131\" \/>\n<meta property=\"og:description\" content=\"Do\u011faya sayg\u0131l\u0131, geri d\u00f6n\u00fc\u015ft\u00fcr\u00fclebilir malzemelerle \u00fcretiyor; s\u00fcrd\u00fcr\u00fclebilir ve sorumlu tasar\u0131m\u0131 benimsiyoruz.\" \/>\n<meta property=\"og:url\" content=\"https:\/\/kecedunyasi.com\/en\/sustainability\/\" \/>\n<meta property=\"og:site_name\" content=\"Ke\u00e7e D\u00fcnyas\u0131\" \/>\n<meta property=\"article:publisher\" content=\"https:\/\/www.facebook.com\/profile.php?id=100093286748515\" \/>\n<meta property=\"article:modified_time\" content=\"2026-02-04T11:38:59+00:00\" \/>\n<meta property=\"og:image\" content=\"https:\/\/kecedunyasi.com\/en\/wp-content\/uploads\/surdurulebilirlik-scaled.webp\" \/>\n\t<meta property=\"og:image:width\" content=\"2560\" \/>\n\t<meta property=\"og:image:height\" content=\"600\" \/>\n\t<meta property=\"og:image:type\" content=\"image\/webp\" \/>\n<meta name=\"twitter:card\" content=\"summary_large_image\" \/>\n<meta name=\"twitter:label1\" content=\"Est. reading time\" \/>\n\t<meta name=\"twitter:data1\" content=\"1 minute\" \/>\n<script type=\"application\/ld+json\" class=\"yoast-schema-graph\">{\"@context\":\"https:\/\/schema.org\",\"@graph\":[{\"@type\":\"WebPage\",\"@id\":\"https:\/\/kecedunyasi.com\/en\/sustainability\/\",\"url\":\"https:\/\/kecedunyasi.com\/en\/sustainability\/\",\"name\":\"Sustainability - Ke\u00e7e D\u00fcnyas\u0131\",\"isPartOf\":{\"@id\":\"https:\/\/kecedunyasi.com\/en\/#website\"},\"primaryImageOfPage\":{\"@id\":\"https:\/\/kecedunyasi.com\/en\/sustainability\/#primaryimage\"},\"image\":{\"@id\":\"https:\/\/kecedunyasi.com\/en\/sustainability\/#primaryimage\"},\"thumbnailUrl\":\"https:\/\/kecedunyasi.com\/en\/wp-content\/uploads\/surdurulebilirlik-scaled.webp\",\"datePublished\":\"2025-08-05T08:15:45+00:00\",\"dateModified\":\"2026-02-04T11:38:59+00:00\",\"description\":\"Do\u011faya sayg\u0131l\u0131, geri d\u00f6n\u00fc\u015ft\u00fcr\u00fclebilir malzemelerle \u00fcretiyor; s\u00fcrd\u00fcr\u00fclebilir ve sorumlu tasar\u0131m\u0131 benimsiyoruz.\",\"breadcrumb\":{\"@id\":\"https:\/\/kecedunyasi.com\/en\/sustainability\/#breadcrumb\"},\"inLanguage\":\"en-US\",\"potentialAction\":[{\"@type\":\"ReadAction\",\"target\":[\"https:\/\/kecedunyasi.com\/en\/sustainability\/\"]}]},{\"@type\":\"ImageObject\",\"inLanguage\":\"en-US\",\"@id\":\"https:\/\/kecedunyasi.com\/en\/sustainability\/#primaryimage\",\"url\":\"https:\/\/kecedunyasi.com\/en\/wp-content\/uploads\/surdurulebilirlik-scaled.webp\",\"contentUrl\":\"https:\/\/kecedunyasi.com\/en\/wp-content\/uploads\/surdurulebilirlik-scaled.webp\",\"width\":2560,\"height\":600},{\"@type\":\"BreadcrumbList\",\"@id\":\"https:\/\/kecedunyasi.com\/en\/sustainability\/#breadcrumb\",\"itemListElement\":[{\"@type\":\"ListItem\",\"position\":1,\"name\":\"Home\",\"item\":\"https:\/\/kecedunyasi.com\/en\/\"},{\"@type\":\"ListItem\",\"position\":2,\"name\":\"Sustainability\"}]},{\"@type\":\"WebSite\",\"@id\":\"https:\/\/kecedunyasi.com\/en\/#website\",\"url\":\"https:\/\/kecedunyasi.com\/en\/\",\"name\":\"Ke\u00e7e D\u00fcnyas\u0131\",\"description\":\"\",\"publisher\":{\"@id\":\"https:\/\/kecedunyasi.com\/en\/#organization\"},\"potentialAction\":[{\"@type\":\"SearchAction\",\"target\":{\"@type\":\"EntryPoint\",\"urlTemplate\":\"https:\/\/kecedunyasi.com\/en\/?s={search_term_string}\"},\"query-input\":{\"@type\":\"PropertyValueSpecification\",\"valueRequired\":true,\"valueName\":\"search_term_string\"}}],\"inLanguage\":\"en-US\"},{\"@type\":\"Organization\",\"@id\":\"https:\/\/kecedunyasi.com\/en\/#organization\",\"name\":\"Ke\u00e7e D\u00fcnyas\u0131\",\"url\":\"https:\/\/kecedunyasi.com\/en\/\",\"logo\":{\"@type\":\"ImageObject\",\"inLanguage\":\"en-US\",\"@id\":\"https:\/\/kecedunyasi.com\/en\/#\/schema\/logo\/image\/\",\"url\":\"https:\/\/kecedunyasi.bootests.com\/wp-content\/uploads\/kece-dunyasi-og-image.webp\",\"contentUrl\":\"https:\/\/kecedunyasi.bootests.com\/wp-content\/uploads\/kece-dunyasi-og-image.webp\",\"width\":1200,\"height\":625,\"caption\":\"Ke\u00e7e D\u00fcnyas\u0131\"},\"image\":{\"@id\":\"https:\/\/kecedunyasi.com\/en\/#\/schema\/logo\/image\/\"},\"sameAs\":[\"https:\/\/www.facebook.com\/profile.php?id=100093286748515\",\"https:\/\/www.instagram.com\/tekspa.com.tr\/\"]}]}<\/script>\n<!-- \/ Yoast SEO plugin. -->","yoast_head_json":{"title":"Sustainability - Ke\u00e7e D\u00fcnyas\u0131","description":"Do\u011faya sayg\u0131l\u0131, geri d\u00f6n\u00fc\u015ft\u00fcr\u00fclebilir malzemelerle \u00fcretiyor; s\u00fcrd\u00fcr\u00fclebilir ve sorumlu tasar\u0131m\u0131 benimsiyoruz.","robots":{"index":"index","follow":"follow","max-snippet":"max-snippet:-1","max-image-preview":"max-image-preview:large","max-video-preview":"max-video-preview:-1"},"canonical":"https:\/\/kecedunyasi.com\/en\/sustainability\/","og_locale":"en_US","og_type":"article","og_title":"Sustainability - Ke\u00e7e D\u00fcnyas\u0131","og_description":"Do\u011faya sayg\u0131l\u0131, geri d\u00f6n\u00fc\u015ft\u00fcr\u00fclebilir malzemelerle \u00fcretiyor; s\u00fcrd\u00fcr\u00fclebilir ve sorumlu tasar\u0131m\u0131 benimsiyoruz.","og_url":"https:\/\/kecedunyasi.com\/en\/sustainability\/","og_site_name":"Ke\u00e7e D\u00fcnyas\u0131","article_publisher":"https:\/\/www.facebook.com\/profile.php?id=100093286748515","article_modified_time":"2026-02-04T11:38:59+00:00","og_image":[{"width":2560,"height":600,"url":"https:\/\/kecedunyasi.com\/en\/wp-content\/uploads\/surdurulebilirlik-scaled.webp","type":"image\/webp"}],"twitter_card":"summary_large_image","twitter_misc":{"Est. reading time":"1 minute"},"schema":{"@context":"https:\/\/schema.org","@graph":[{"@type":"WebPage","@id":"https:\/\/kecedunyasi.com\/en\/sustainability\/","url":"https:\/\/kecedunyasi.com\/en\/sustainability\/","name":"Sustainability - Ke\u00e7e D\u00fcnyas\u0131","isPartOf":{"@id":"https:\/\/kecedunyasi.com\/en\/#website"},"primaryImageOfPage":{"@id":"https:\/\/kecedunyasi.com\/en\/sustainability\/#primaryimage"},"image":{"@id":"https:\/\/kecedunyasi.com\/en\/sustainability\/#primaryimage"},"thumbnailUrl":"https:\/\/kecedunyasi.com\/en\/wp-content\/uploads\/surdurulebilirlik-scaled.webp","datePublished":"2025-08-05T08:15:45+00:00","dateModified":"2026-02-04T11:38:59+00:00","description":"Do\u011faya sayg\u0131l\u0131, geri d\u00f6n\u00fc\u015ft\u00fcr\u00fclebilir malzemelerle \u00fcretiyor; s\u00fcrd\u00fcr\u00fclebilir ve sorumlu tasar\u0131m\u0131 benimsiyoruz.","breadcrumb":{"@id":"https:\/\/kecedunyasi.com\/en\/sustainability\/#breadcrumb"},"inLanguage":"en-US","potentialAction":[{"@type":"ReadAction","target":["https:\/\/kecedunyasi.com\/en\/sustainability\/"]}]},{"@type":"ImageObject","inLanguage":"en-US","@id":"https:\/\/kecedunyasi.com\/en\/sustainability\/#primaryimage","url":"https:\/\/kecedunyasi.com\/en\/wp-content\/uploads\/surdurulebilirlik-scaled.webp","contentUrl":"https:\/\/kecedunyasi.com\/en\/wp-content\/uploads\/surdurulebilirlik-scaled.webp","width":2560,"height":600},{"@type":"BreadcrumbList","@id":"https:\/\/kecedunyasi.com\/en\/sustainability\/#breadcrumb","itemListElement":[{"@type":"ListItem","position":1,"name":"Home","item":"https:\/\/kecedunyasi.com\/en\/"},{"@type":"ListItem","position":2,"name":"Sustainability"}]},{"@type":"WebSite","@id":"https:\/\/kecedunyasi.com\/en\/#website","url":"https:\/\/kecedunyasi.com\/en\/","name":"Ke\u00e7e D\u00fcnyas\u0131","description":"","publisher":{"@id":"https:\/\/kecedunyasi.com\/en\/#organization"},"potentialAction":[{"@type":"SearchAction","target":{"@type":"EntryPoint","urlTemplate":"https:\/\/kecedunyasi.com\/en\/?s={search_term_string}"},"query-input":{"@type":"PropertyValueSpecification","valueRequired":true,"valueName":"search_term_string"}}],"inLanguage":"en-US"},{"@type":"Organization","@id":"https:\/\/kecedunyasi.com\/en\/#organization","name":"Ke\u00e7e D\u00fcnyas\u0131","url":"https:\/\/kecedunyasi.com\/en\/","logo":{"@type":"ImageObject","inLanguage":"en-US","@id":"https:\/\/kecedunyasi.com\/en\/#\/schema\/logo\/image\/","url":"https:\/\/kecedunyasi.bootests.com\/wp-content\/uploads\/kece-dunyasi-og-image.webp","contentUrl":"https:\/\/kecedunyasi.bootests.com\/wp-content\/uploads\/kece-dunyasi-og-image.webp","width":1200,"height":625,"caption":"Ke\u00e7e D\u00fcnyas\u0131"},"image":{"@id":"https:\/\/kecedunyasi.com\/en\/#\/schema\/logo\/image\/"},"sameAs":["https:\/\/www.facebook.com\/profile.php?id=100093286748515","https:\/\/www.instagram.com\/tekspa.com.tr\/"]}]}},"_links":{"self":[{"href":"https:\/\/kecedunyasi.com\/en\/wp-json\/wp\/v2\/pages\/421","targetHints":{"allow":["GET"]}}],"collection":[{"href":"https:\/\/kecedunyasi.com\/en\/wp-json\/wp\/v2\/pages"}],"about":[{"href":"https:\/\/kecedunyasi.com\/en\/wp-json\/wp\/v2\/types\/page"}],"author":[{"embeddable":true,"href":"https:\/\/kecedunyasi.com\/en\/wp-json\/wp\/v2\/users\/1"}],"replies":[{"embeddable":true,"href":"https:\/\/kecedunyasi.com\/en\/wp-json\/wp\/v2\/comments?post=421"}],"version-history":[{"count":17,"href":"https:\/\/kecedunyasi.com\/en\/wp-json\/wp\/v2\/pages\/421\/revisions"}],"predecessor-version":[{"id":13764,"href":"https:\/\/kecedunyasi.com\/en\/wp-json\/wp\/v2\/pages\/421\/revisions\/13764"}],"wp:featuredmedia":[{"embeddable":true,"href":"https:\/\/kecedunyasi.com\/en\/wp-json\/wp\/v2\/media\/422"}],"wp:attachment":[{"href":"https:\/\/kecedunyasi.com\/en\/wp-json\/wp\/v2\/media?parent=421"}],"curies":[{"name":"wp","href":"https:\/\/api.w.org\/{rel}","templated":true}]}}