{"id":345,"date":"2025-08-04T09:35:12","date_gmt":"2025-08-04T09:35:12","guid":{"rendered":"https:\/\/kecedunyasi.bootests.com\/?page_id=345"},"modified":"2026-02-04T14:19:13","modified_gmt":"2026-02-04T14:19:13","slug":"sobre-nosotros","status":"publish","type":"page","link":"https:\/\/kecedunyasi.com\/es\/sobre-nosotros\/","title":{"rendered":"Sobre Nosotros"},"content":{"rendered":"    <section class=\"acfhakkimizda\">\n    <div class=\"container\">\n    <div class=\"section-header  d-lg-flex\">\n            <div class=\"section-header-content\">\n                <h2 class=\"section-title wow animate__fadeInUp\" data-wow-delay=\"0.2s\">Sobre Nosotros<\/h2>\n            <\/div>\n           \n          \n        <\/div>\n    <div class=\"tasarlab-hakkimizda-content wow animate__fadeInUp\" data-wow-delay=\"0.4s\">\n    <p class=\"section-description-acf\"> <p>Ke\u00e7e D\u00fcnyas\u0131 fue fundada en 2010 en Estambul, G\u00fcng\u00f6ren, bajo la empresa TEKSPA Konf. Teks. San. Tic. A.\u015e.<\/p>\n<p>En 2010, al identificar una carencia en el sector en cuanto a variedad y calidad del fieltro, la empresa se centr\u00f3 en cubrir esta necesidad formando un equipo especializado en la producci\u00f3n de fieltro. En 2012, con el objetivo de ofrecer productos tanto econ\u00f3micos como de alta calidad, moderniz\u00f3 su l\u00ednea de producci\u00f3n conforme a las \u00faltimas tecnolog\u00edas de fabricaci\u00f3n y aument\u00f3 su capacidad productiva.<\/p>\n<p>Nuestro principal objetivo es ofrecer productos de primera calidad a los precios m\u00e1s competitivos, fabricando todo tipo de fieltro en los colores, densidades y niveles de dureza deseados dentro de nuestras propias instalaciones.<\/p>\n<p>Como uno de los principales fabricantes de fieltro del sector, nuestra empresa tambi\u00e9n satisface las demandas de figuras de fieltro al por mayor mediante su l\u00ednea de corte l\u00e1ser. Adem\u00e1s, gracias a muchos a\u00f1os de experiencia en el sector, ofrecemos servicios de consultor\u00eda y formaci\u00f3n sobre el uso y la producci\u00f3n de fieltro cuando se solicita. Ke\u00e7e D\u00fcnyas\u0131 cuenta con la capacidad suficiente para actuar como proveedor a largo plazo para sus necesidades de fieltro al por mayor y soluciones relacionadas con el fieltro.<\/p>\n<p>Gracias a su amplio know-how y experiencia, Ke\u00e7e D\u00fcnyas\u0131 responde r\u00e1pidamente a las necesidades cambiantes y en constante evoluci\u00f3n del sector. Detr\u00e1s de nuestro \u00e9xito corporativo se encuentran a\u00f1os de experiencia, innovaci\u00f3n continua y un firme compromiso con la satisfacci\u00f3n del cliente al 100 %.<\/p>\n<\/p>\n    <\/div>\n    <\/div>\n<\/section>\n\n\n\n<section class=\"acfdigersirketlerimiz\">\n    <div class=\"container\">\n    <div class=\"section-header  d-lg-flex\">\n            <div class=\"section-header-content\">\n                <h2 class=\"section-title wow animate__fadeInUp\" data-wow-delay=\"0.2s\">NUESTRAS OTRAS EMPRESAS<\/h2>\n            <\/div>\n          \n        <\/div>\n    <div class=\"tasarlab-digersirketlerimiz-content\">\n         <div class=\"diger-sirketlerimiz-grid\">\n            <img decoding=\"async\" class=\"wow animate__fadeInUp\" data-wow-delay=\"0.3s\" src=\"https:\/\/kecedunyasi.com\/es\/wp-content\/uploads\/Marka.svg\" alt=\"\"><img decoding=\"async\" class=\"wow animate__fadeInUp\" data-wow-delay=\"0.4s\" src=\"https:\/\/kecedunyasi.com\/es\/wp-content\/uploads\/Marka-1.svg\" alt=\"\"><img decoding=\"async\" class=\"wow animate__fadeInUp\" data-wow-delay=\"0.5s\" src=\"https:\/\/kecedunyasi.com\/es\/wp-content\/uploads\/Marka-2.svg\" alt=\"\">        <\/div>\n    <\/div>\n    <\/div>\n<\/section>","protected":false},"excerpt":{"rendered":"","protected":false},"author":1,"featured_media":416,"parent":0,"menu_order":0,"comment_status":"closed","ping_status":"closed","template":"","meta":{"_acf_changed":false,"footnotes":""},"class_list":["post-345","page","type-page","status-publish","has-post-thumbnail","hentry"],"acf":[],"yoast_head":"<!-- This site is optimized with the Yoast SEO plugin v26.9 - https:\/\/yoast.com\/product\/yoast-seo-wordpress\/ -->\n<title>Sobre Nosotros - Ke\u00e7e D\u00fcnyas\u0131<\/title>\n<meta name=\"description\" content=\"Ke\u00e7e D\u00fcnyas\u0131 was founded in 2010 in Istanbul G\u00fcng\u00f6ren under TEKSPA Konf. Teks. San. Tic. A.\u015e.\" \/>\n<meta name=\"robots\" content=\"index, follow, max-snippet:-1, max-image-preview:large, max-video-preview:-1\" \/>\n<link rel=\"canonical\" href=\"https:\/\/kecedunyasi.com\/es\/sobre-nosotros\/\" \/>\n<meta property=\"og:locale\" content=\"es_ES\" \/>\n<meta property=\"og:type\" content=\"article\" \/>\n<meta property=\"og:title\" content=\"Sobre Nosotros - Ke\u00e7e D\u00fcnyas\u0131\" \/>\n<meta property=\"og:description\" content=\"Ke\u00e7e D\u00fcnyas\u0131 was founded in 2010 in Istanbul G\u00fcng\u00f6ren under TEKSPA Konf. Teks. San. Tic. A.\u015e.\" \/>\n<meta property=\"og:url\" content=\"https:\/\/kecedunyasi.com\/es\/sobre-nosotros\/\" \/>\n<meta property=\"og:site_name\" content=\"Ke\u00e7e D\u00fcnyas\u0131\" \/>\n<meta property=\"article:publisher\" content=\"https:\/\/www.facebook.com\/profile.php?id=100093286748515\" \/>\n<meta property=\"article:modified_time\" content=\"2026-02-04T14:19:13+00:00\" \/>\n<meta property=\"og:image\" content=\"https:\/\/kecedunyasi.com\/es\/wp-content\/uploads\/bizden_haberler-scaled.webp\" \/>\n\t<meta property=\"og:image:width\" content=\"2560\" \/>\n\t<meta property=\"og:image:height\" content=\"600\" \/>\n\t<meta property=\"og:image:type\" content=\"image\/webp\" \/>\n<meta name=\"twitter:card\" content=\"summary_large_image\" \/>\n<meta name=\"twitter:label1\" content=\"Tiempo de lectura\" \/>\n\t<meta name=\"twitter:data1\" content=\"1 minuto\" \/>\n<script type=\"application\/ld+json\" class=\"yoast-schema-graph\">{\"@context\":\"https:\/\/schema.org\",\"@graph\":[{\"@type\":\"WebPage\",\"@id\":\"https:\/\/kecedunyasi.com\/es\/sobre-nosotros\/\",\"url\":\"https:\/\/kecedunyasi.com\/es\/sobre-nosotros\/\",\"name\":\"Sobre Nosotros - Ke\u00e7e D\u00fcnyas\u0131\",\"isPartOf\":{\"@id\":\"https:\/\/kecedunyasi.com\/es\/#website\"},\"primaryImageOfPage\":{\"@id\":\"https:\/\/kecedunyasi.com\/es\/sobre-nosotros\/#primaryimage\"},\"image\":{\"@id\":\"https:\/\/kecedunyasi.com\/es\/sobre-nosotros\/#primaryimage\"},\"thumbnailUrl\":\"https:\/\/kecedunyasi.com\/es\/wp-content\/uploads\/bizden_haberler-scaled.webp\",\"datePublished\":\"2025-08-04T09:35:12+00:00\",\"dateModified\":\"2026-02-04T14:19:13+00:00\",\"description\":\"Ke\u00e7e D\u00fcnyas\u0131 was founded in 2010 in Istanbul G\u00fcng\u00f6ren under TEKSPA Konf. Teks. San. Tic. A.\u015e.\",\"breadcrumb\":{\"@id\":\"https:\/\/kecedunyasi.com\/es\/sobre-nosotros\/#breadcrumb\"},\"inLanguage\":\"es\",\"potentialAction\":[{\"@type\":\"ReadAction\",\"target\":[\"https:\/\/kecedunyasi.com\/es\/sobre-nosotros\/\"]}]},{\"@type\":\"ImageObject\",\"inLanguage\":\"es\",\"@id\":\"https:\/\/kecedunyasi.com\/es\/sobre-nosotros\/#primaryimage\",\"url\":\"https:\/\/kecedunyasi.com\/es\/wp-content\/uploads\/bizden_haberler-scaled.webp\",\"contentUrl\":\"https:\/\/kecedunyasi.com\/es\/wp-content\/uploads\/bizden_haberler-scaled.webp\",\"width\":2560,\"height\":600},{\"@type\":\"BreadcrumbList\",\"@id\":\"https:\/\/kecedunyasi.com\/es\/sobre-nosotros\/#breadcrumb\",\"itemListElement\":[{\"@type\":\"ListItem\",\"position\":1,\"name\":\"Home\",\"item\":\"https:\/\/kecedunyasi.com\/es\/\"},{\"@type\":\"ListItem\",\"position\":2,\"name\":\"Sobre Nosotros\"}]},{\"@type\":\"WebSite\",\"@id\":\"https:\/\/kecedunyasi.com\/es\/#website\",\"url\":\"https:\/\/kecedunyasi.com\/es\/\",\"name\":\"Ke\u00e7e D\u00fcnyas\u0131\",\"description\":\"\",\"publisher\":{\"@id\":\"https:\/\/kecedunyasi.com\/es\/#organization\"},\"potentialAction\":[{\"@type\":\"SearchAction\",\"target\":{\"@type\":\"EntryPoint\",\"urlTemplate\":\"https:\/\/kecedunyasi.com\/es\/?s={search_term_string}\"},\"query-input\":{\"@type\":\"PropertyValueSpecification\",\"valueRequired\":true,\"valueName\":\"search_term_string\"}}],\"inLanguage\":\"es\"},{\"@type\":\"Organization\",\"@id\":\"https:\/\/kecedunyasi.com\/es\/#organization\",\"name\":\"Ke\u00e7e D\u00fcnyas\u0131\",\"url\":\"https:\/\/kecedunyasi.com\/es\/\",\"logo\":{\"@type\":\"ImageObject\",\"inLanguage\":\"es\",\"@id\":\"https:\/\/kecedunyasi.com\/es\/#\/schema\/logo\/image\/\",\"url\":\"https:\/\/kecedunyasi.bootests.com\/wp-content\/uploads\/kece-dunyasi-og-image.webp\",\"contentUrl\":\"https:\/\/kecedunyasi.bootests.com\/wp-content\/uploads\/kece-dunyasi-og-image.webp\",\"width\":1200,\"height\":625,\"caption\":\"Ke\u00e7e D\u00fcnyas\u0131\"},\"image\":{\"@id\":\"https:\/\/kecedunyasi.com\/es\/#\/schema\/logo\/image\/\"},\"sameAs\":[\"https:\/\/www.facebook.com\/profile.php?id=100093286748515\",\"https:\/\/www.instagram.com\/tekspa.com.tr\/\"]}]}<\/script>\n<!-- \/ Yoast SEO plugin. -->","yoast_head_json":{"title":"Sobre Nosotros - Ke\u00e7e D\u00fcnyas\u0131","description":"Ke\u00e7e D\u00fcnyas\u0131 was founded in 2010 in Istanbul G\u00fcng\u00f6ren under TEKSPA Konf. Teks. San. Tic. A.\u015e.","robots":{"index":"index","follow":"follow","max-snippet":"max-snippet:-1","max-image-preview":"max-image-preview:large","max-video-preview":"max-video-preview:-1"},"canonical":"https:\/\/kecedunyasi.com\/es\/sobre-nosotros\/","og_locale":"es_ES","og_type":"article","og_title":"Sobre Nosotros - Ke\u00e7e D\u00fcnyas\u0131","og_description":"Ke\u00e7e D\u00fcnyas\u0131 was founded in 2010 in Istanbul G\u00fcng\u00f6ren under TEKSPA Konf. Teks. San. Tic. A.\u015e.","og_url":"https:\/\/kecedunyasi.com\/es\/sobre-nosotros\/","og_site_name":"Ke\u00e7e D\u00fcnyas\u0131","article_publisher":"https:\/\/www.facebook.com\/profile.php?id=100093286748515","article_modified_time":"2026-02-04T14:19:13+00:00","og_image":[{"width":2560,"height":600,"url":"https:\/\/kecedunyasi.com\/es\/wp-content\/uploads\/bizden_haberler-scaled.webp","type":"image\/webp"}],"twitter_card":"summary_large_image","twitter_misc":{"Tiempo de lectura":"1 minuto"},"schema":{"@context":"https:\/\/schema.org","@graph":[{"@type":"WebPage","@id":"https:\/\/kecedunyasi.com\/es\/sobre-nosotros\/","url":"https:\/\/kecedunyasi.com\/es\/sobre-nosotros\/","name":"Sobre Nosotros - Ke\u00e7e D\u00fcnyas\u0131","isPartOf":{"@id":"https:\/\/kecedunyasi.com\/es\/#website"},"primaryImageOfPage":{"@id":"https:\/\/kecedunyasi.com\/es\/sobre-nosotros\/#primaryimage"},"image":{"@id":"https:\/\/kecedunyasi.com\/es\/sobre-nosotros\/#primaryimage"},"thumbnailUrl":"https:\/\/kecedunyasi.com\/es\/wp-content\/uploads\/bizden_haberler-scaled.webp","datePublished":"2025-08-04T09:35:12+00:00","dateModified":"2026-02-04T14:19:13+00:00","description":"Ke\u00e7e D\u00fcnyas\u0131 was founded in 2010 in Istanbul G\u00fcng\u00f6ren under TEKSPA Konf. Teks. San. Tic. A.\u015e.","breadcrumb":{"@id":"https:\/\/kecedunyasi.com\/es\/sobre-nosotros\/#breadcrumb"},"inLanguage":"es","potentialAction":[{"@type":"ReadAction","target":["https:\/\/kecedunyasi.com\/es\/sobre-nosotros\/"]}]},{"@type":"ImageObject","inLanguage":"es","@id":"https:\/\/kecedunyasi.com\/es\/sobre-nosotros\/#primaryimage","url":"https:\/\/kecedunyasi.com\/es\/wp-content\/uploads\/bizden_haberler-scaled.webp","contentUrl":"https:\/\/kecedunyasi.com\/es\/wp-content\/uploads\/bizden_haberler-scaled.webp","width":2560,"height":600},{"@type":"BreadcrumbList","@id":"https:\/\/kecedunyasi.com\/es\/sobre-nosotros\/#breadcrumb","itemListElement":[{"@type":"ListItem","position":1,"name":"Home","item":"https:\/\/kecedunyasi.com\/es\/"},{"@type":"ListItem","position":2,"name":"Sobre Nosotros"}]},{"@type":"WebSite","@id":"https:\/\/kecedunyasi.com\/es\/#website","url":"https:\/\/kecedunyasi.com\/es\/","name":"Ke\u00e7e D\u00fcnyas\u0131","description":"","publisher":{"@id":"https:\/\/kecedunyasi.com\/es\/#organization"},"potentialAction":[{"@type":"SearchAction","target":{"@type":"EntryPoint","urlTemplate":"https:\/\/kecedunyasi.com\/es\/?s={search_term_string}"},"query-input":{"@type":"PropertyValueSpecification","valueRequired":true,"valueName":"search_term_string"}}],"inLanguage":"es"},{"@type":"Organization","@id":"https:\/\/kecedunyasi.com\/es\/#organization","name":"Ke\u00e7e D\u00fcnyas\u0131","url":"https:\/\/kecedunyasi.com\/es\/","logo":{"@type":"ImageObject","inLanguage":"es","@id":"https:\/\/kecedunyasi.com\/es\/#\/schema\/logo\/image\/","url":"https:\/\/kecedunyasi.bootests.com\/wp-content\/uploads\/kece-dunyasi-og-image.webp","contentUrl":"https:\/\/kecedunyasi.bootests.com\/wp-content\/uploads\/kece-dunyasi-og-image.webp","width":1200,"height":625,"caption":"Ke\u00e7e D\u00fcnyas\u0131"},"image":{"@id":"https:\/\/kecedunyasi.com\/es\/#\/schema\/logo\/image\/"},"sameAs":["https:\/\/www.facebook.com\/profile.php?id=100093286748515","https:\/\/www.instagram.com\/tekspa.com.tr\/"]}]}},"_links":{"self":[{"href":"https:\/\/kecedunyasi.com\/es\/wp-json\/wp\/v2\/pages\/345","targetHints":{"allow":["GET"]}}],"collection":[{"href":"https:\/\/kecedunyasi.com\/es\/wp-json\/wp\/v2\/pages"}],"about":[{"href":"https:\/\/kecedunyasi.com\/es\/wp-json\/wp\/v2\/types\/page"}],"author":[{"embeddable":true,"href":"https:\/\/kecedunyasi.com\/es\/wp-json\/wp\/v2\/users\/1"}],"replies":[{"embeddable":true,"href":"https:\/\/kecedunyasi.com\/es\/wp-json\/wp\/v2\/comments?post=345"}],"version-history":[{"count":9,"href":"https:\/\/kecedunyasi.com\/es\/wp-json\/wp\/v2\/pages\/345\/revisions"}],"predecessor-version":[{"id":13822,"href":"https:\/\/kecedunyasi.com\/es\/wp-json\/wp\/v2\/pages\/345\/revisions\/13822"}],"wp:featuredmedia":[{"embeddable":true,"href":"https:\/\/kecedunyasi.com\/es\/wp-json\/wp\/v2\/media\/416"}],"wp:attachment":[{"href":"https:\/\/kecedunyasi.com\/es\/wp-json\/wp\/v2\/media?parent=345"}],"curies":[{"name":"wp","href":"https:\/\/api.w.org\/{rel}","templated":true}]}}