{"id":357,"date":"2025-08-04T10:42:27","date_gmt":"2025-08-04T10:42:27","guid":{"rendered":"https:\/\/kecedunyasi.bootests.com\/?page_id=357"},"modified":"2026-02-04T10:13:00","modified_gmt":"2026-02-04T10:13:00","slug":"nuestras-empresas","status":"publish","type":"page","link":"https:\/\/kecedunyasi.com\/es\/nuestras-empresas\/","title":{"rendered":"Nuestras Empresas"},"content":{"rendered":"\n\n<section class=\"acfsirketlerimiz\">\n    <div class=\"container\">\n    <div class=\"section-header  d-lg-flex\">\n\n                <h2 class=\"section-title wow animate__fadeInUp\">Nuestras Empresas<\/h2>\n                <p class=\"section-description-acf wow animate__fadeInUp\" data-wow-delay=\"0.1s\">Con nuestras empresas del grupo que operan en diferentes sectores, mantenemos un enfoque de servicio centrado en la calidad y la confianza en todas las \u00e1reas.<\/p>\n            <\/div>\n           \n            \n        <\/div>\n    <div class=\"container\">\n         <div class=\"sirketlerimiz-genel-section\">\n            \n                     <div class=\"genel-list-sirketler wow animate__fadeInUp\" data-wow-delay=\"0.1s\">\n                        <div class=\"img-info\">\n                             <img decoding=\"async\" src=\"https:\/\/kecedunyasi.com\/es\/wp-content\/uploads\/Frame-375.svg\" >\n                        <\/div>\n                        <div class=\"description-info\">\n                        TEKSPA Konf. Teks. San. Tic. A.\u015e. se estableci\u00f3 en Estambul en 2005. Es la empresa matriz de todas las marcas y compa\u00f1\u00edas dentro de nuestra organizaci\u00f3n.\n                        <\/div>\n                    <\/div>\n                    \n                     <div class=\"genel-list-sirketler wow animate__fadeInUp\" data-wow-delay=\"0.2s\">\n                        <div class=\"img-info\">\n                             <img decoding=\"async\" src=\"https:\/\/kecedunyasi.com\/es\/wp-content\/uploads\/Frame-373.svg\" >\n                        <\/div>\n                        <div class=\"description-info\">\n                        Kayteks Tekstil se estableci\u00f3 en Estambul en 2010 bajo TEKSPA Konf. Teks. San. Tic. A.\u015e. Le brindamos apoyo en todos los procesos operativos, desde el dise\u00f1o hasta la costura, para los productos que necesita en los campos de textiles para el hogar y nonwoven. Como Kayteks Tekstil, realizamos producci\u00f3n personalizada adaptada a su empresa en una amplia gama de grupos de productos de textiles para el hogar.\n                        <\/div>\n                    <\/div>\n                    \n                     <div class=\"genel-list-sirketler wow animate__fadeInUp\" data-wow-delay=\"0.3s\">\n                        <div class=\"img-info\">\n                             <img decoding=\"async\" src=\"https:\/\/kecedunyasi.com\/es\/wp-content\/uploads\/Frame-374.svg\" >\n                        <\/div>\n                        <div class=\"description-info\">\n                        Emrah Lazer comenz\u00f3 a ofrecer servicios en 2008 bajo Tekspa Tekstil San. Tic. A.\u015e. Desde su creaci\u00f3n, su objetivo principal ha sido brindar producci\u00f3n de la m\u00e1s alta calidad y alto rendimiento, ampliando continuamente su gama de servicios y productos de acuerdo con las demandas de los clientes. Operando en una instalaci\u00f3n cubierta de 400 m\u00b2 con m\u00e1quinas de corte l\u00e1ser de \u00faltima generaci\u00f3n, Emrah Lazer combina un servicio de alta calidad con soluciones rentables y entregas puntuales para sus clientes.\n                        <\/div>\n                    <\/div>\n                    \n                     <div class=\"genel-list-sirketler wow animate__fadeInUp\" data-wow-delay=\"0.4s\">\n                        <div class=\"img-info\">\n                             <img decoding=\"async\" src=\"https:\/\/kecedunyasi.com\/es\/wp-content\/uploads\/logo-3.svg\" >\n                        <\/div>\n                        <div class=\"description-info\">\n                        Ke\u00e7e D\u00fcnyas\u0131 comenz\u00f3 a operar en 2010 bajo Tekspa Tekstil San. Tic. A.\u015e. Gracias a su amplio conocimiento y experiencia, puede responder r\u00e1pidamente a las necesidades cambiantes y en evoluci\u00f3n de la industria, y fabrica todo tipo de fieltro en los colores, densidades y niveles de dureza deseados dentro de sus propias instalaciones. Nuestro objetivo principal es ofrecer productos de primera calidad a nuestros clientes a los precios m\u00e1s competitivos. Detr\u00e1s del \u00e9xito corporativo de Ke\u00e7e D\u00fcnyas\u0131 se encuentran a\u00f1os de experiencia, innovaci\u00f3n continua y un firme\n                        <\/div>\n                    <\/div>\n                            <\/div>\n    <\/div>\n    <\/div>\n<\/section>","protected":false},"excerpt":{"rendered":"","protected":false},"author":1,"featured_media":416,"parent":0,"menu_order":0,"comment_status":"closed","ping_status":"closed","template":"","meta":{"_acf_changed":false,"footnotes":""},"class_list":["post-357","page","type-page","status-publish","has-post-thumbnail","hentry"],"acf":[],"yoast_head":"<!-- This site is optimized with the Yoast SEO plugin v26.9 - https:\/\/yoast.com\/product\/yoast-seo-wordpress\/ -->\n<title>Nuestras Empresas - Ke\u00e7e D\u00fcnyas\u0131<\/title>\n<meta name=\"description\" content=\"With our group companies operating in different sectors, we maintain a quality- and trust-focused service approach across all areas.\" \/>\n<meta name=\"robots\" content=\"index, follow, max-snippet:-1, max-image-preview:large, max-video-preview:-1\" \/>\n<link rel=\"canonical\" href=\"https:\/\/kecedunyasi.com\/es\/nuestras-empresas\/\" \/>\n<meta property=\"og:locale\" content=\"es_ES\" \/>\n<meta property=\"og:type\" content=\"article\" \/>\n<meta property=\"og:title\" content=\"Nuestras Empresas - Ke\u00e7e D\u00fcnyas\u0131\" \/>\n<meta property=\"og:description\" content=\"With our group companies operating in different sectors, we maintain a quality- and trust-focused service approach across all areas.\" \/>\n<meta property=\"og:url\" content=\"https:\/\/kecedunyasi.com\/es\/nuestras-empresas\/\" \/>\n<meta property=\"og:site_name\" content=\"Ke\u00e7e D\u00fcnyas\u0131\" \/>\n<meta property=\"article:publisher\" content=\"https:\/\/www.facebook.com\/profile.php?id=100093286748515\" \/>\n<meta property=\"article:modified_time\" content=\"2026-02-04T10:13:00+00:00\" \/>\n<meta property=\"og:image\" content=\"https:\/\/kecedunyasi.com\/es\/wp-content\/uploads\/bizden_haberler-scaled.webp\" \/>\n\t<meta property=\"og:image:width\" content=\"2560\" \/>\n\t<meta property=\"og:image:height\" content=\"600\" \/>\n\t<meta property=\"og:image:type\" content=\"image\/webp\" \/>\n<meta name=\"twitter:card\" content=\"summary_large_image\" \/>\n<meta name=\"twitter:label1\" content=\"Tiempo de lectura\" \/>\n\t<meta name=\"twitter:data1\" content=\"1 minuto\" \/>\n<script type=\"application\/ld+json\" class=\"yoast-schema-graph\">{\"@context\":\"https:\/\/schema.org\",\"@graph\":[{\"@type\":\"WebPage\",\"@id\":\"https:\/\/kecedunyasi.com\/es\/nuestras-empresas\/\",\"url\":\"https:\/\/kecedunyasi.com\/es\/nuestras-empresas\/\",\"name\":\"Nuestras Empresas - Ke\u00e7e D\u00fcnyas\u0131\",\"isPartOf\":{\"@id\":\"https:\/\/kecedunyasi.com\/es\/#website\"},\"primaryImageOfPage\":{\"@id\":\"https:\/\/kecedunyasi.com\/es\/nuestras-empresas\/#primaryimage\"},\"image\":{\"@id\":\"https:\/\/kecedunyasi.com\/es\/nuestras-empresas\/#primaryimage\"},\"thumbnailUrl\":\"https:\/\/kecedunyasi.com\/es\/wp-content\/uploads\/bizden_haberler-scaled.webp\",\"datePublished\":\"2025-08-04T10:42:27+00:00\",\"dateModified\":\"2026-02-04T10:13:00+00:00\",\"description\":\"With our group companies operating in different sectors, we maintain a quality- and trust-focused service approach across all areas.\",\"breadcrumb\":{\"@id\":\"https:\/\/kecedunyasi.com\/es\/nuestras-empresas\/#breadcrumb\"},\"inLanguage\":\"es\",\"potentialAction\":[{\"@type\":\"ReadAction\",\"target\":[\"https:\/\/kecedunyasi.com\/es\/nuestras-empresas\/\"]}]},{\"@type\":\"ImageObject\",\"inLanguage\":\"es\",\"@id\":\"https:\/\/kecedunyasi.com\/es\/nuestras-empresas\/#primaryimage\",\"url\":\"https:\/\/kecedunyasi.com\/es\/wp-content\/uploads\/bizden_haberler-scaled.webp\",\"contentUrl\":\"https:\/\/kecedunyasi.com\/es\/wp-content\/uploads\/bizden_haberler-scaled.webp\",\"width\":2560,\"height\":600},{\"@type\":\"BreadcrumbList\",\"@id\":\"https:\/\/kecedunyasi.com\/es\/nuestras-empresas\/#breadcrumb\",\"itemListElement\":[{\"@type\":\"ListItem\",\"position\":1,\"name\":\"Home\",\"item\":\"https:\/\/kecedunyasi.com\/es\/\"},{\"@type\":\"ListItem\",\"position\":2,\"name\":\"Nuestras Empresas\"}]},{\"@type\":\"WebSite\",\"@id\":\"https:\/\/kecedunyasi.com\/es\/#website\",\"url\":\"https:\/\/kecedunyasi.com\/es\/\",\"name\":\"Ke\u00e7e D\u00fcnyas\u0131\",\"description\":\"\",\"publisher\":{\"@id\":\"https:\/\/kecedunyasi.com\/es\/#organization\"},\"potentialAction\":[{\"@type\":\"SearchAction\",\"target\":{\"@type\":\"EntryPoint\",\"urlTemplate\":\"https:\/\/kecedunyasi.com\/es\/?s={search_term_string}\"},\"query-input\":{\"@type\":\"PropertyValueSpecification\",\"valueRequired\":true,\"valueName\":\"search_term_string\"}}],\"inLanguage\":\"es\"},{\"@type\":\"Organization\",\"@id\":\"https:\/\/kecedunyasi.com\/es\/#organization\",\"name\":\"Ke\u00e7e D\u00fcnyas\u0131\",\"url\":\"https:\/\/kecedunyasi.com\/es\/\",\"logo\":{\"@type\":\"ImageObject\",\"inLanguage\":\"es\",\"@id\":\"https:\/\/kecedunyasi.com\/es\/#\/schema\/logo\/image\/\",\"url\":\"https:\/\/kecedunyasi.bootests.com\/wp-content\/uploads\/kece-dunyasi-og-image.webp\",\"contentUrl\":\"https:\/\/kecedunyasi.bootests.com\/wp-content\/uploads\/kece-dunyasi-og-image.webp\",\"width\":1200,\"height\":625,\"caption\":\"Ke\u00e7e D\u00fcnyas\u0131\"},\"image\":{\"@id\":\"https:\/\/kecedunyasi.com\/es\/#\/schema\/logo\/image\/\"},\"sameAs\":[\"https:\/\/www.facebook.com\/profile.php?id=100093286748515\",\"https:\/\/www.instagram.com\/tekspa.com.tr\/\"]}]}<\/script>\n<!-- \/ Yoast SEO plugin. -->","yoast_head_json":{"title":"Nuestras Empresas - Ke\u00e7e D\u00fcnyas\u0131","description":"With our group companies operating in different sectors, we maintain a quality- and trust-focused service approach across all areas.","robots":{"index":"index","follow":"follow","max-snippet":"max-snippet:-1","max-image-preview":"max-image-preview:large","max-video-preview":"max-video-preview:-1"},"canonical":"https:\/\/kecedunyasi.com\/es\/nuestras-empresas\/","og_locale":"es_ES","og_type":"article","og_title":"Nuestras Empresas - Ke\u00e7e D\u00fcnyas\u0131","og_description":"With our group companies operating in different sectors, we maintain a quality- and trust-focused service approach across all areas.","og_url":"https:\/\/kecedunyasi.com\/es\/nuestras-empresas\/","og_site_name":"Ke\u00e7e D\u00fcnyas\u0131","article_publisher":"https:\/\/www.facebook.com\/profile.php?id=100093286748515","article_modified_time":"2026-02-04T10:13:00+00:00","og_image":[{"width":2560,"height":600,"url":"https:\/\/kecedunyasi.com\/es\/wp-content\/uploads\/bizden_haberler-scaled.webp","type":"image\/webp"}],"twitter_card":"summary_large_image","twitter_misc":{"Tiempo de lectura":"1 minuto"},"schema":{"@context":"https:\/\/schema.org","@graph":[{"@type":"WebPage","@id":"https:\/\/kecedunyasi.com\/es\/nuestras-empresas\/","url":"https:\/\/kecedunyasi.com\/es\/nuestras-empresas\/","name":"Nuestras Empresas - Ke\u00e7e D\u00fcnyas\u0131","isPartOf":{"@id":"https:\/\/kecedunyasi.com\/es\/#website"},"primaryImageOfPage":{"@id":"https:\/\/kecedunyasi.com\/es\/nuestras-empresas\/#primaryimage"},"image":{"@id":"https:\/\/kecedunyasi.com\/es\/nuestras-empresas\/#primaryimage"},"thumbnailUrl":"https:\/\/kecedunyasi.com\/es\/wp-content\/uploads\/bizden_haberler-scaled.webp","datePublished":"2025-08-04T10:42:27+00:00","dateModified":"2026-02-04T10:13:00+00:00","description":"With our group companies operating in different sectors, we maintain a quality- and trust-focused service approach across all areas.","breadcrumb":{"@id":"https:\/\/kecedunyasi.com\/es\/nuestras-empresas\/#breadcrumb"},"inLanguage":"es","potentialAction":[{"@type":"ReadAction","target":["https:\/\/kecedunyasi.com\/es\/nuestras-empresas\/"]}]},{"@type":"ImageObject","inLanguage":"es","@id":"https:\/\/kecedunyasi.com\/es\/nuestras-empresas\/#primaryimage","url":"https:\/\/kecedunyasi.com\/es\/wp-content\/uploads\/bizden_haberler-scaled.webp","contentUrl":"https:\/\/kecedunyasi.com\/es\/wp-content\/uploads\/bizden_haberler-scaled.webp","width":2560,"height":600},{"@type":"BreadcrumbList","@id":"https:\/\/kecedunyasi.com\/es\/nuestras-empresas\/#breadcrumb","itemListElement":[{"@type":"ListItem","position":1,"name":"Home","item":"https:\/\/kecedunyasi.com\/es\/"},{"@type":"ListItem","position":2,"name":"Nuestras Empresas"}]},{"@type":"WebSite","@id":"https:\/\/kecedunyasi.com\/es\/#website","url":"https:\/\/kecedunyasi.com\/es\/","name":"Ke\u00e7e D\u00fcnyas\u0131","description":"","publisher":{"@id":"https:\/\/kecedunyasi.com\/es\/#organization"},"potentialAction":[{"@type":"SearchAction","target":{"@type":"EntryPoint","urlTemplate":"https:\/\/kecedunyasi.com\/es\/?s={search_term_string}"},"query-input":{"@type":"PropertyValueSpecification","valueRequired":true,"valueName":"search_term_string"}}],"inLanguage":"es"},{"@type":"Organization","@id":"https:\/\/kecedunyasi.com\/es\/#organization","name":"Ke\u00e7e D\u00fcnyas\u0131","url":"https:\/\/kecedunyasi.com\/es\/","logo":{"@type":"ImageObject","inLanguage":"es","@id":"https:\/\/kecedunyasi.com\/es\/#\/schema\/logo\/image\/","url":"https:\/\/kecedunyasi.bootests.com\/wp-content\/uploads\/kece-dunyasi-og-image.webp","contentUrl":"https:\/\/kecedunyasi.bootests.com\/wp-content\/uploads\/kece-dunyasi-og-image.webp","width":1200,"height":625,"caption":"Ke\u00e7e D\u00fcnyas\u0131"},"image":{"@id":"https:\/\/kecedunyasi.com\/es\/#\/schema\/logo\/image\/"},"sameAs":["https:\/\/www.facebook.com\/profile.php?id=100093286748515","https:\/\/www.instagram.com\/tekspa.com.tr\/"]}]}},"_links":{"self":[{"href":"https:\/\/kecedunyasi.com\/es\/wp-json\/wp\/v2\/pages\/357","targetHints":{"allow":["GET"]}}],"collection":[{"href":"https:\/\/kecedunyasi.com\/es\/wp-json\/wp\/v2\/pages"}],"about":[{"href":"https:\/\/kecedunyasi.com\/es\/wp-json\/wp\/v2\/types\/page"}],"author":[{"embeddable":true,"href":"https:\/\/kecedunyasi.com\/es\/wp-json\/wp\/v2\/users\/1"}],"replies":[{"embeddable":true,"href":"https:\/\/kecedunyasi.com\/es\/wp-json\/wp\/v2\/comments?post=357"}],"version-history":[{"count":11,"href":"https:\/\/kecedunyasi.com\/es\/wp-json\/wp\/v2\/pages\/357\/revisions"}],"predecessor-version":[{"id":13790,"href":"https:\/\/kecedunyasi.com\/es\/wp-json\/wp\/v2\/pages\/357\/revisions\/13790"}],"wp:featuredmedia":[{"embeddable":true,"href":"https:\/\/kecedunyasi.com\/es\/wp-json\/wp\/v2\/media\/416"}],"wp:attachment":[{"href":"https:\/\/kecedunyasi.com\/es\/wp-json\/wp\/v2\/media?parent=357"}],"curies":[{"name":"wp","href":"https:\/\/api.w.org\/{rel}","templated":true}]}}