{"id":381,"date":"2025-08-04T12:03:19","date_gmt":"2025-08-04T12:03:19","guid":{"rendered":"https:\/\/kecedunyasi.bootests.com\/?page_id=381"},"modified":"2026-02-04T10:10:12","modified_gmt":"2026-02-04T10:10:12","slug":"contactenos","status":"publish","type":"page","link":"https:\/\/kecedunyasi.com\/es\/contactenos\/","title":{"rendered":"Cont\u00e1ctenos"},"content":{"rendered":"    <section class=\"acfiletisim\">\n    <div class=\"container\">\n    <div class=\"section-header  d-lg-flex\">\n            <div class=\"section-header-content\">\n                <h2 class=\"section-title wow animate__fadeInUp\">Cont\u00e1ctenos<\/h2>\n            <\/div>\n           \n            <p class=\"section-description-acf wow animate__fadeInUp\" data-wow-delay=\"0.1s\">\u00a1Ponerse en contacto con nosotros es f\u00e1cil! Para cualquier pregunta, sugerencia o solicitud de colaboraci\u00f3n, puede comunicarse con nosotros utilizando la informaci\u00f3n que se muestra a continuaci\u00f3n.<\/p>\n        <\/div>\n    <div class=\"tasarlab-form-content-ik wow animate__fadeInUp\" data-wow-delay=\"0.2s\">\n      \n    <div class=\"form-iletisim wow animate__fadeInUp\" data-wow-delay=\"0.3s\">\n        \n<div class=\"wpcf7 no-js\" id=\"wpcf7-f372-o1\" lang=\"en-US\" dir=\"ltr\" data-wpcf7-id=\"372\">\n<div class=\"screen-reader-response\"><p role=\"status\" aria-live=\"polite\" aria-atomic=\"true\"><\/p> <ul><\/ul><\/div>\n<form action=\"\/es\/wp-json\/wp\/v2\/pages\/381#wpcf7-f372-o1\" method=\"post\" class=\"wpcf7-form init\" aria-label=\"Contact form\" novalidate=\"novalidate\" data-status=\"init\">\n<fieldset class=\"hidden-fields-container\"><input type=\"hidden\" name=\"_wpcf7\" value=\"372\" \/><input type=\"hidden\" name=\"_wpcf7_version\" value=\"6.1.4\" \/><input type=\"hidden\" name=\"_wpcf7_locale\" value=\"en_US\" \/><input type=\"hidden\" name=\"_wpcf7_unit_tag\" value=\"wpcf7-f372-o1\" \/><input type=\"hidden\" name=\"_wpcf7_container_post\" value=\"0\" \/><input type=\"hidden\" name=\"_wpcf7_posted_data_hash\" value=\"\" \/>\n<\/fieldset>\n<div class=\"row\">\n\t<div class=\"col-lg-12\">\n\t\t<p><label>Nombre Completo*<\/label><span class=\"wpcf7-form-control-wrap\" data-name=\"your-name\"><input size=\"40\" maxlength=\"400\" class=\"wpcf7-form-control wpcf7-text wpcf7-validates-as-required\" aria-required=\"true\" aria-invalid=\"false\" value=\"\" type=\"text\" name=\"your-name\" \/><\/span>\n\t\t<\/p>\n\t<\/div>\n\t<div class=\"col-lg-12\">\n\t\t<p><label> Correo Electr\u00f3nico*<\/label><span class=\"wpcf7-form-control-wrap\" data-name=\"your-email\"><input size=\"40\" maxlength=\"400\" class=\"wpcf7-form-control wpcf7-email wpcf7-validates-as-required wpcf7-text wpcf7-validates-as-email\" aria-required=\"true\" aria-invalid=\"false\" value=\"\" type=\"email\" name=\"your-email\" \/><\/span>\n\t\t<\/p>\n\t<\/div>\n\t<div class=\"col-lg-12\">\n\t\t<p><label> Asunto*<\/label><span class=\"wpcf7-form-control-wrap\" data-name=\"konu\"><input size=\"40\" maxlength=\"400\" class=\"wpcf7-form-control wpcf7-text\" aria-invalid=\"false\" value=\"\" type=\"text\" name=\"konu\" \/><\/span>\n\t\t<\/p>\n\t<\/div>\n\t<div class=\"col-lg-12\">\n\t\t<p><label> Mensaje*<\/label><span class=\"wpcf7-form-control-wrap\" data-name=\"textarea-440\"><textarea cols=\"40\" rows=\"3\" maxlength=\"2000\" class=\"wpcf7-form-control wpcf7-textarea\" aria-invalid=\"false\" name=\"textarea-440\"><\/textarea><\/span>\n\t\t<\/p>\n\t<\/div>\n\t<p><span class=\"wpcf7-form-control-wrap\" data-name=\"your-consent\"><span class=\"wpcf7-form-control wpcf7-acceptance\"><span class=\"wpcf7-list-item\"><label><input type=\"checkbox\" name=\"your-consent\" value=\"1\" aria-invalid=\"false\" \/><span class=\"wpcf7-list-item-label\">He le\u00eddo y comprendido el <a href=\"\/es\/rgpd\/\" target=\"_blank\">RGPD<\/a> y la <a href=\"\/es\/politica-de-privacidad\/\" target=\"_blank\">Pol\u00edtica de Privacidad<\/a>, y por la presente doy mi consentimiento para el tratamiento de mis datos personales.<\/span><\/label><\/span><\/span><\/span>\n\t<\/p>\n\t<p><input class=\"wpcf7-form-control wpcf7-submit has-spinner\" type=\"submit\" value=\"Enviar\" \/>\n\t<\/p>\n<\/div><div class=\"wpcf7-response-output\" aria-hidden=\"true\"><\/div>\n<\/form>\n<\/div>\n    <\/div>    \n    <div class=\"form-iletisim-info wow animate__fadeInUp\" data-wow-delay=\"0.4s\">\n    \n        <div class=\"genel-list-sirketler\">\n            <div class=\"description-info\">\n                <div class=\"iletisim-title\">Ventas y Marketing<\/div>\n                <div class=\"iletisim-tel\">\n                    <img decoding=\"async\" src=\"\/wp-content\/uploads\/Frame.svg\" alt=\"Telefon\" class=\"iletisim-icon\" \/>\n                    <a href=\"tel:+905446374904\">+90 (544) 637 49 04<\/a>   <a href=\"tel:+902126374904\">+90 (212) 637 49 04<\/a>\n                <\/div>\n                <div class=\"iletisim-mail\">\n                    <img decoding=\"async\" src=\"\/wp-content\/uploads\/mail-icon-1.svg\" alt=\"Mail\" class=\"iletisim-icon\" \/>\n                    <a href=\"mailto:bilgi@keced\u00fcnyasi.com\">bilgi@keced\u00fcnyasi.com<\/a>\n                <\/div>\n            <\/div>\n        <\/div>\n        \n        <div class=\"genel-list-sirketler\">\n            <div class=\"description-info\">\n                <div class=\"iletisim-title\">Departamento de Ventas Internacionales<\/div>\n                <div class=\"iletisim-tel\">\n                    <img decoding=\"async\" src=\"\/wp-content\/uploads\/Frame.svg\" alt=\"Telefon\" class=\"iletisim-icon\" \/>\n                    <a href=\"tel:+905436374904\">+90 (543) 637 49 04<\/a>   <a href=\"tel:\"><\/a>\n                <\/div>\n                <div class=\"iletisim-mail\">\n                    <img decoding=\"async\" src=\"\/wp-content\/uploads\/mail-icon-1.svg\" alt=\"Mail\" class=\"iletisim-icon\" \/>\n                    <a href=\"mailto:sales@tekspa.com.tr\">sales@tekspa.com.tr<\/a>\n                <\/div>\n            <\/div>\n        <\/div>\n        \n        <div class=\"genel-list-sirketler\">\n            <div class=\"description-info\">\n                <div class=\"iletisim-title\">Contabilidad \/ Finanzas<\/div>\n                <div class=\"iletisim-tel\">\n                    <img decoding=\"async\" src=\"\/wp-content\/uploads\/Frame.svg\" alt=\"Telefon\" class=\"iletisim-icon\" \/>\n                    <a href=\"tel:+905426374904\">+90 (542) 637 49 04<\/a>   <a href=\"tel:\"><\/a>\n                <\/div>\n                \n            <\/div>\n        <\/div>\n            <\/div>\n<\/div>\n    <\/div>\n<\/section>\n\n<p><iframe src=\"https:\/\/www.google.com\/maps\/embed?pb=!1m14!1m8!1m3!1d3010.244522860379!2d28.883342!3d41.019906!3m2!1i1024!2i768!4f13.1!3m3!1m2!1s0x14cabbf0202e36b5%3A0x3ec9bdf1d1288165!2zS2XDp2UgRMO8bnlhc8SxIC0gVG9wdGFuIEtlw6dlIMSwbWFsYXTEsSB2ZSBTYXTEscWfxLE!5e0!3m2!1str!2sus!4v1754306353243!5m2!1str!2sus\" width=\"100%\" height=\"450\" style=\"border:0;\" allowfullscreen=\"\" loading=\"lazy\" referrerpolicy=\"no-referrer-when-downgrade\"><\/iframe><\/p>\n","protected":false},"excerpt":{"rendered":"","protected":false},"author":1,"featured_media":417,"parent":0,"menu_order":0,"comment_status":"closed","ping_status":"closed","template":"","meta":{"_acf_changed":false,"footnotes":""},"class_list":["post-381","page","type-page","status-publish","has-post-thumbnail","hentry"],"acf":[],"yoast_head":"<!-- This site is optimized with the Yoast SEO plugin v26.9 - https:\/\/yoast.com\/product\/yoast-seo-wordpress\/ -->\n<title>Cont\u00e1ctenos - Ke\u00e7e D\u00fcnyas\u0131<\/title>\n<meta name=\"description\" content=\"Getting in touch with us is easy! For any questions, suggestions, or collaboration requests, you can contact us using the information below.\" \/>\n<meta name=\"robots\" content=\"index, follow, max-snippet:-1, max-image-preview:large, max-video-preview:-1\" \/>\n<link rel=\"canonical\" href=\"https:\/\/kecedunyasi.com\/es\/contactenos\/\" \/>\n<meta property=\"og:locale\" content=\"es_ES\" \/>\n<meta property=\"og:type\" content=\"article\" \/>\n<meta property=\"og:title\" content=\"Cont\u00e1ctenos - Ke\u00e7e D\u00fcnyas\u0131\" \/>\n<meta property=\"og:description\" content=\"Getting in touch with us is easy! For any questions, suggestions, or collaboration requests, you can contact us using the information below.\" \/>\n<meta property=\"og:url\" content=\"https:\/\/kecedunyasi.com\/es\/contactenos\/\" \/>\n<meta property=\"og:site_name\" content=\"Ke\u00e7e D\u00fcnyas\u0131\" \/>\n<meta property=\"article:publisher\" content=\"https:\/\/www.facebook.com\/profile.php?id=100093286748515\" \/>\n<meta property=\"article:modified_time\" content=\"2026-02-04T10:10:12+00:00\" \/>\n<meta property=\"og:image\" content=\"https:\/\/kecedunyasi.com\/es\/wp-content\/uploads\/iletisim-scaled.webp\" \/>\n\t<meta property=\"og:image:width\" content=\"2560\" \/>\n\t<meta property=\"og:image:height\" content=\"600\" \/>\n\t<meta property=\"og:image:type\" content=\"image\/webp\" \/>\n<meta name=\"twitter:card\" content=\"summary_large_image\" \/>\n<meta name=\"twitter:label1\" content=\"Tiempo de lectura\" \/>\n\t<meta name=\"twitter:data1\" content=\"1 minuto\" \/>\n<script type=\"application\/ld+json\" class=\"yoast-schema-graph\">{\"@context\":\"https:\/\/schema.org\",\"@graph\":[{\"@type\":\"WebPage\",\"@id\":\"https:\/\/kecedunyasi.com\/es\/contactenos\/\",\"url\":\"https:\/\/kecedunyasi.com\/es\/contactenos\/\",\"name\":\"Cont\u00e1ctenos - Ke\u00e7e D\u00fcnyas\u0131\",\"isPartOf\":{\"@id\":\"https:\/\/kecedunyasi.com\/es\/#website\"},\"primaryImageOfPage\":{\"@id\":\"https:\/\/kecedunyasi.com\/es\/contactenos\/#primaryimage\"},\"image\":{\"@id\":\"https:\/\/kecedunyasi.com\/es\/contactenos\/#primaryimage\"},\"thumbnailUrl\":\"https:\/\/kecedunyasi.com\/es\/wp-content\/uploads\/iletisim-scaled.webp\",\"datePublished\":\"2025-08-04T12:03:19+00:00\",\"dateModified\":\"2026-02-04T10:10:12+00:00\",\"description\":\"Getting in touch with us is easy! For any questions, suggestions, or collaboration requests, you can contact us using the information below.\",\"breadcrumb\":{\"@id\":\"https:\/\/kecedunyasi.com\/es\/contactenos\/#breadcrumb\"},\"inLanguage\":\"es\",\"potentialAction\":[{\"@type\":\"ReadAction\",\"target\":[\"https:\/\/kecedunyasi.com\/es\/contactenos\/\"]}]},{\"@type\":\"ImageObject\",\"inLanguage\":\"es\",\"@id\":\"https:\/\/kecedunyasi.com\/es\/contactenos\/#primaryimage\",\"url\":\"https:\/\/kecedunyasi.com\/es\/wp-content\/uploads\/iletisim-scaled.webp\",\"contentUrl\":\"https:\/\/kecedunyasi.com\/es\/wp-content\/uploads\/iletisim-scaled.webp\",\"width\":2560,\"height\":600},{\"@type\":\"BreadcrumbList\",\"@id\":\"https:\/\/kecedunyasi.com\/es\/contactenos\/#breadcrumb\",\"itemListElement\":[{\"@type\":\"ListItem\",\"position\":1,\"name\":\"Home\",\"item\":\"https:\/\/kecedunyasi.com\/es\/\"},{\"@type\":\"ListItem\",\"position\":2,\"name\":\"Cont\u00e1ctenos\"}]},{\"@type\":\"WebSite\",\"@id\":\"https:\/\/kecedunyasi.com\/es\/#website\",\"url\":\"https:\/\/kecedunyasi.com\/es\/\",\"name\":\"Ke\u00e7e D\u00fcnyas\u0131\",\"description\":\"\",\"publisher\":{\"@id\":\"https:\/\/kecedunyasi.com\/es\/#organization\"},\"potentialAction\":[{\"@type\":\"SearchAction\",\"target\":{\"@type\":\"EntryPoint\",\"urlTemplate\":\"https:\/\/kecedunyasi.com\/es\/?s={search_term_string}\"},\"query-input\":{\"@type\":\"PropertyValueSpecification\",\"valueRequired\":true,\"valueName\":\"search_term_string\"}}],\"inLanguage\":\"es\"},{\"@type\":\"Organization\",\"@id\":\"https:\/\/kecedunyasi.com\/es\/#organization\",\"name\":\"Ke\u00e7e D\u00fcnyas\u0131\",\"url\":\"https:\/\/kecedunyasi.com\/es\/\",\"logo\":{\"@type\":\"ImageObject\",\"inLanguage\":\"es\",\"@id\":\"https:\/\/kecedunyasi.com\/es\/#\/schema\/logo\/image\/\",\"url\":\"https:\/\/kecedunyasi.bootests.com\/wp-content\/uploads\/kece-dunyasi-og-image.webp\",\"contentUrl\":\"https:\/\/kecedunyasi.bootests.com\/wp-content\/uploads\/kece-dunyasi-og-image.webp\",\"width\":1200,\"height\":625,\"caption\":\"Ke\u00e7e D\u00fcnyas\u0131\"},\"image\":{\"@id\":\"https:\/\/kecedunyasi.com\/es\/#\/schema\/logo\/image\/\"},\"sameAs\":[\"https:\/\/www.facebook.com\/profile.php?id=100093286748515\",\"https:\/\/www.instagram.com\/tekspa.com.tr\/\"]}]}<\/script>\n<!-- \/ Yoast SEO plugin. -->","yoast_head_json":{"title":"Cont\u00e1ctenos - Ke\u00e7e D\u00fcnyas\u0131","description":"Getting in touch with us is easy! For any questions, suggestions, or collaboration requests, you can contact us using the information below.","robots":{"index":"index","follow":"follow","max-snippet":"max-snippet:-1","max-image-preview":"max-image-preview:large","max-video-preview":"max-video-preview:-1"},"canonical":"https:\/\/kecedunyasi.com\/es\/contactenos\/","og_locale":"es_ES","og_type":"article","og_title":"Cont\u00e1ctenos - Ke\u00e7e D\u00fcnyas\u0131","og_description":"Getting in touch with us is easy! For any questions, suggestions, or collaboration requests, you can contact us using the information below.","og_url":"https:\/\/kecedunyasi.com\/es\/contactenos\/","og_site_name":"Ke\u00e7e D\u00fcnyas\u0131","article_publisher":"https:\/\/www.facebook.com\/profile.php?id=100093286748515","article_modified_time":"2026-02-04T10:10:12+00:00","og_image":[{"width":2560,"height":600,"url":"https:\/\/kecedunyasi.com\/es\/wp-content\/uploads\/iletisim-scaled.webp","type":"image\/webp"}],"twitter_card":"summary_large_image","twitter_misc":{"Tiempo de lectura":"1 minuto"},"schema":{"@context":"https:\/\/schema.org","@graph":[{"@type":"WebPage","@id":"https:\/\/kecedunyasi.com\/es\/contactenos\/","url":"https:\/\/kecedunyasi.com\/es\/contactenos\/","name":"Cont\u00e1ctenos - Ke\u00e7e D\u00fcnyas\u0131","isPartOf":{"@id":"https:\/\/kecedunyasi.com\/es\/#website"},"primaryImageOfPage":{"@id":"https:\/\/kecedunyasi.com\/es\/contactenos\/#primaryimage"},"image":{"@id":"https:\/\/kecedunyasi.com\/es\/contactenos\/#primaryimage"},"thumbnailUrl":"https:\/\/kecedunyasi.com\/es\/wp-content\/uploads\/iletisim-scaled.webp","datePublished":"2025-08-04T12:03:19+00:00","dateModified":"2026-02-04T10:10:12+00:00","description":"Getting in touch with us is easy! For any questions, suggestions, or collaboration requests, you can contact us using the information below.","breadcrumb":{"@id":"https:\/\/kecedunyasi.com\/es\/contactenos\/#breadcrumb"},"inLanguage":"es","potentialAction":[{"@type":"ReadAction","target":["https:\/\/kecedunyasi.com\/es\/contactenos\/"]}]},{"@type":"ImageObject","inLanguage":"es","@id":"https:\/\/kecedunyasi.com\/es\/contactenos\/#primaryimage","url":"https:\/\/kecedunyasi.com\/es\/wp-content\/uploads\/iletisim-scaled.webp","contentUrl":"https:\/\/kecedunyasi.com\/es\/wp-content\/uploads\/iletisim-scaled.webp","width":2560,"height":600},{"@type":"BreadcrumbList","@id":"https:\/\/kecedunyasi.com\/es\/contactenos\/#breadcrumb","itemListElement":[{"@type":"ListItem","position":1,"name":"Home","item":"https:\/\/kecedunyasi.com\/es\/"},{"@type":"ListItem","position":2,"name":"Cont\u00e1ctenos"}]},{"@type":"WebSite","@id":"https:\/\/kecedunyasi.com\/es\/#website","url":"https:\/\/kecedunyasi.com\/es\/","name":"Ke\u00e7e D\u00fcnyas\u0131","description":"","publisher":{"@id":"https:\/\/kecedunyasi.com\/es\/#organization"},"potentialAction":[{"@type":"SearchAction","target":{"@type":"EntryPoint","urlTemplate":"https:\/\/kecedunyasi.com\/es\/?s={search_term_string}"},"query-input":{"@type":"PropertyValueSpecification","valueRequired":true,"valueName":"search_term_string"}}],"inLanguage":"es"},{"@type":"Organization","@id":"https:\/\/kecedunyasi.com\/es\/#organization","name":"Ke\u00e7e D\u00fcnyas\u0131","url":"https:\/\/kecedunyasi.com\/es\/","logo":{"@type":"ImageObject","inLanguage":"es","@id":"https:\/\/kecedunyasi.com\/es\/#\/schema\/logo\/image\/","url":"https:\/\/kecedunyasi.bootests.com\/wp-content\/uploads\/kece-dunyasi-og-image.webp","contentUrl":"https:\/\/kecedunyasi.bootests.com\/wp-content\/uploads\/kece-dunyasi-og-image.webp","width":1200,"height":625,"caption":"Ke\u00e7e D\u00fcnyas\u0131"},"image":{"@id":"https:\/\/kecedunyasi.com\/es\/#\/schema\/logo\/image\/"},"sameAs":["https:\/\/www.facebook.com\/profile.php?id=100093286748515","https:\/\/www.instagram.com\/tekspa.com.tr\/"]}]}},"_links":{"self":[{"href":"https:\/\/kecedunyasi.com\/es\/wp-json\/wp\/v2\/pages\/381","targetHints":{"allow":["GET"]}}],"collection":[{"href":"https:\/\/kecedunyasi.com\/es\/wp-json\/wp\/v2\/pages"}],"about":[{"href":"https:\/\/kecedunyasi.com\/es\/wp-json\/wp\/v2\/types\/page"}],"author":[{"embeddable":true,"href":"https:\/\/kecedunyasi.com\/es\/wp-json\/wp\/v2\/users\/1"}],"replies":[{"embeddable":true,"href":"https:\/\/kecedunyasi.com\/es\/wp-json\/wp\/v2\/comments?post=381"}],"version-history":[{"count":11,"href":"https:\/\/kecedunyasi.com\/es\/wp-json\/wp\/v2\/pages\/381\/revisions"}],"predecessor-version":[{"id":13786,"href":"https:\/\/kecedunyasi.com\/es\/wp-json\/wp\/v2\/pages\/381\/revisions\/13786"}],"wp:featuredmedia":[{"embeddable":true,"href":"https:\/\/kecedunyasi.com\/es\/wp-json\/wp\/v2\/media\/417"}],"wp:attachment":[{"href":"https:\/\/kecedunyasi.com\/es\/wp-json\/wp\/v2\/media?parent=381"}],"curies":[{"name":"wp","href":"https:\/\/api.w.org\/{rel}","templated":true}]}}