{"id":410,"date":"2025-08-05T07:16:49","date_gmt":"2025-08-05T07:16:49","guid":{"rendered":"https:\/\/kecedunyasi.bootests.com\/?page_id=410"},"modified":"2026-02-06T13:48:38","modified_gmt":"2026-02-06T13:48:38","slug":"areas-de-aplicacion","status":"publish","type":"page","link":"https:\/\/kecedunyasi.com\/es\/areas-de-aplicacion\/","title":{"rendered":"\u00c1reas de Aplicaci\u00f3n"},"content":{"rendered":"","protected":false},"excerpt":{"rendered":"","protected":false},"author":1,"featured_media":13413,"parent":0,"menu_order":0,"comment_status":"closed","ping_status":"closed","template":"uygulama-alanlarimiz.php","meta":{"_acf_changed":false,"footnotes":""},"class_list":["post-410","page","type-page","status-publish","has-post-thumbnail","hentry"],"acf":[],"yoast_head":"<!-- This site is optimized with the Yoast SEO plugin v26.9 - https:\/\/yoast.com\/product\/yoast-seo-wordpress\/ -->\n<title>\u00c1reas de Aplicaci\u00f3n - Ke\u00e7e D\u00fcnyas\u0131<\/title>\n<meta name=\"description\" content=\"Handcrafted ideas and creative projects inspired by the warm texture of felt. Where art, hobby, and nature come together.\" \/>\n<meta name=\"robots\" content=\"index, follow, max-snippet:-1, max-image-preview:large, max-video-preview:-1\" \/>\n<link rel=\"canonical\" href=\"https:\/\/kecedunyasi.com\/es\/areas-de-aplicacion\/\" \/>\n<meta property=\"og:locale\" content=\"es_ES\" \/>\n<meta property=\"og:type\" content=\"article\" \/>\n<meta property=\"og:title\" content=\"\u00c1reas de Aplicaci\u00f3n - Ke\u00e7e D\u00fcnyas\u0131\" \/>\n<meta property=\"og:description\" content=\"Handcrafted ideas and creative projects inspired by the warm texture of felt. Where art, hobby, and nature come together.\" \/>\n<meta property=\"og:url\" content=\"https:\/\/kecedunyasi.com\/es\/areas-de-aplicacion\/\" \/>\n<meta property=\"og:site_name\" content=\"Ke\u00e7e D\u00fcnyas\u0131\" \/>\n<meta property=\"article:publisher\" content=\"https:\/\/www.facebook.com\/profile.php?id=100093286748515\" \/>\n<meta property=\"article:modified_time\" content=\"2026-02-06T13:48:38+00:00\" \/>\n<meta property=\"og:image\" content=\"https:\/\/kecedunyasi.com\/es\/wp-content\/uploads\/uygulama-alanlari-background-scaled.webp\" \/>\n\t<meta property=\"og:image:width\" content=\"2560\" \/>\n\t<meta property=\"og:image:height\" content=\"1408\" \/>\n\t<meta property=\"og:image:type\" content=\"image\/webp\" \/>\n<meta name=\"twitter:card\" content=\"summary_large_image\" \/>\n<meta name=\"twitter:label1\" content=\"Tiempo de lectura\" \/>\n\t<meta name=\"twitter:data1\" content=\"1 minuto\" \/>\n<script type=\"application\/ld+json\" class=\"yoast-schema-graph\">{\"@context\":\"https:\/\/schema.org\",\"@graph\":[{\"@type\":\"WebPage\",\"@id\":\"https:\/\/kecedunyasi.com\/es\/areas-de-aplicacion\/\",\"url\":\"https:\/\/kecedunyasi.com\/es\/areas-de-aplicacion\/\",\"name\":\"\u00c1reas de Aplicaci\u00f3n - Ke\u00e7e D\u00fcnyas\u0131\",\"isPartOf\":{\"@id\":\"https:\/\/kecedunyasi.com\/es\/#website\"},\"primaryImageOfPage\":{\"@id\":\"https:\/\/kecedunyasi.com\/es\/areas-de-aplicacion\/#primaryimage\"},\"image\":{\"@id\":\"https:\/\/kecedunyasi.com\/es\/areas-de-aplicacion\/#primaryimage\"},\"thumbnailUrl\":\"https:\/\/kecedunyasi.com\/es\/wp-content\/uploads\/uygulama-alanlari-background-scaled.webp\",\"datePublished\":\"2025-08-05T07:16:49+00:00\",\"dateModified\":\"2026-02-06T13:48:38+00:00\",\"description\":\"Handcrafted ideas and creative projects inspired by the warm texture of felt. Where art, hobby, and nature come together.\",\"breadcrumb\":{\"@id\":\"https:\/\/kecedunyasi.com\/es\/areas-de-aplicacion\/#breadcrumb\"},\"inLanguage\":\"es\",\"potentialAction\":[{\"@type\":\"ReadAction\",\"target\":[\"https:\/\/kecedunyasi.com\/es\/areas-de-aplicacion\/\"]}]},{\"@type\":\"ImageObject\",\"inLanguage\":\"es\",\"@id\":\"https:\/\/kecedunyasi.com\/es\/areas-de-aplicacion\/#primaryimage\",\"url\":\"https:\/\/kecedunyasi.com\/es\/wp-content\/uploads\/uygulama-alanlari-background-scaled.webp\",\"contentUrl\":\"https:\/\/kecedunyasi.com\/es\/wp-content\/uploads\/uygulama-alanlari-background-scaled.webp\",\"width\":2560,\"height\":1408},{\"@type\":\"BreadcrumbList\",\"@id\":\"https:\/\/kecedunyasi.com\/es\/areas-de-aplicacion\/#breadcrumb\",\"itemListElement\":[{\"@type\":\"ListItem\",\"position\":1,\"name\":\"Home\",\"item\":\"https:\/\/kecedunyasi.com\/es\/\"},{\"@type\":\"ListItem\",\"position\":2,\"name\":\"\u00c1reas de Aplicaci\u00f3n\"}]},{\"@type\":\"WebSite\",\"@id\":\"https:\/\/kecedunyasi.com\/es\/#website\",\"url\":\"https:\/\/kecedunyasi.com\/es\/\",\"name\":\"Ke\u00e7e D\u00fcnyas\u0131\",\"description\":\"\",\"publisher\":{\"@id\":\"https:\/\/kecedunyasi.com\/es\/#organization\"},\"potentialAction\":[{\"@type\":\"SearchAction\",\"target\":{\"@type\":\"EntryPoint\",\"urlTemplate\":\"https:\/\/kecedunyasi.com\/es\/?s={search_term_string}\"},\"query-input\":{\"@type\":\"PropertyValueSpecification\",\"valueRequired\":true,\"valueName\":\"search_term_string\"}}],\"inLanguage\":\"es\"},{\"@type\":\"Organization\",\"@id\":\"https:\/\/kecedunyasi.com\/es\/#organization\",\"name\":\"Ke\u00e7e D\u00fcnyas\u0131\",\"url\":\"https:\/\/kecedunyasi.com\/es\/\",\"logo\":{\"@type\":\"ImageObject\",\"inLanguage\":\"es\",\"@id\":\"https:\/\/kecedunyasi.com\/es\/#\/schema\/logo\/image\/\",\"url\":\"https:\/\/kecedunyasi.bootests.com\/wp-content\/uploads\/kece-dunyasi-og-image.webp\",\"contentUrl\":\"https:\/\/kecedunyasi.bootests.com\/wp-content\/uploads\/kece-dunyasi-og-image.webp\",\"width\":1200,\"height\":625,\"caption\":\"Ke\u00e7e D\u00fcnyas\u0131\"},\"image\":{\"@id\":\"https:\/\/kecedunyasi.com\/es\/#\/schema\/logo\/image\/\"},\"sameAs\":[\"https:\/\/www.facebook.com\/profile.php?id=100093286748515\",\"https:\/\/www.instagram.com\/tekspa.com.tr\/\"]}]}<\/script>\n<!-- \/ Yoast SEO plugin. -->","yoast_head_json":{"title":"\u00c1reas de Aplicaci\u00f3n - Ke\u00e7e D\u00fcnyas\u0131","description":"Handcrafted ideas and creative projects inspired by the warm texture of felt. Where art, hobby, and nature come together.","robots":{"index":"index","follow":"follow","max-snippet":"max-snippet:-1","max-image-preview":"max-image-preview:large","max-video-preview":"max-video-preview:-1"},"canonical":"https:\/\/kecedunyasi.com\/es\/areas-de-aplicacion\/","og_locale":"es_ES","og_type":"article","og_title":"\u00c1reas de Aplicaci\u00f3n - Ke\u00e7e D\u00fcnyas\u0131","og_description":"Handcrafted ideas and creative projects inspired by the warm texture of felt. Where art, hobby, and nature come together.","og_url":"https:\/\/kecedunyasi.com\/es\/areas-de-aplicacion\/","og_site_name":"Ke\u00e7e D\u00fcnyas\u0131","article_publisher":"https:\/\/www.facebook.com\/profile.php?id=100093286748515","article_modified_time":"2026-02-06T13:48:38+00:00","og_image":[{"width":2560,"height":1408,"url":"https:\/\/kecedunyasi.com\/es\/wp-content\/uploads\/uygulama-alanlari-background-scaled.webp","type":"image\/webp"}],"twitter_card":"summary_large_image","twitter_misc":{"Tiempo de lectura":"1 minuto"},"schema":{"@context":"https:\/\/schema.org","@graph":[{"@type":"WebPage","@id":"https:\/\/kecedunyasi.com\/es\/areas-de-aplicacion\/","url":"https:\/\/kecedunyasi.com\/es\/areas-de-aplicacion\/","name":"\u00c1reas de Aplicaci\u00f3n - Ke\u00e7e D\u00fcnyas\u0131","isPartOf":{"@id":"https:\/\/kecedunyasi.com\/es\/#website"},"primaryImageOfPage":{"@id":"https:\/\/kecedunyasi.com\/es\/areas-de-aplicacion\/#primaryimage"},"image":{"@id":"https:\/\/kecedunyasi.com\/es\/areas-de-aplicacion\/#primaryimage"},"thumbnailUrl":"https:\/\/kecedunyasi.com\/es\/wp-content\/uploads\/uygulama-alanlari-background-scaled.webp","datePublished":"2025-08-05T07:16:49+00:00","dateModified":"2026-02-06T13:48:38+00:00","description":"Handcrafted ideas and creative projects inspired by the warm texture of felt. Where art, hobby, and nature come together.","breadcrumb":{"@id":"https:\/\/kecedunyasi.com\/es\/areas-de-aplicacion\/#breadcrumb"},"inLanguage":"es","potentialAction":[{"@type":"ReadAction","target":["https:\/\/kecedunyasi.com\/es\/areas-de-aplicacion\/"]}]},{"@type":"ImageObject","inLanguage":"es","@id":"https:\/\/kecedunyasi.com\/es\/areas-de-aplicacion\/#primaryimage","url":"https:\/\/kecedunyasi.com\/es\/wp-content\/uploads\/uygulama-alanlari-background-scaled.webp","contentUrl":"https:\/\/kecedunyasi.com\/es\/wp-content\/uploads\/uygulama-alanlari-background-scaled.webp","width":2560,"height":1408},{"@type":"BreadcrumbList","@id":"https:\/\/kecedunyasi.com\/es\/areas-de-aplicacion\/#breadcrumb","itemListElement":[{"@type":"ListItem","position":1,"name":"Home","item":"https:\/\/kecedunyasi.com\/es\/"},{"@type":"ListItem","position":2,"name":"\u00c1reas de Aplicaci\u00f3n"}]},{"@type":"WebSite","@id":"https:\/\/kecedunyasi.com\/es\/#website","url":"https:\/\/kecedunyasi.com\/es\/","name":"Ke\u00e7e D\u00fcnyas\u0131","description":"","publisher":{"@id":"https:\/\/kecedunyasi.com\/es\/#organization"},"potentialAction":[{"@type":"SearchAction","target":{"@type":"EntryPoint","urlTemplate":"https:\/\/kecedunyasi.com\/es\/?s={search_term_string}"},"query-input":{"@type":"PropertyValueSpecification","valueRequired":true,"valueName":"search_term_string"}}],"inLanguage":"es"},{"@type":"Organization","@id":"https:\/\/kecedunyasi.com\/es\/#organization","name":"Ke\u00e7e D\u00fcnyas\u0131","url":"https:\/\/kecedunyasi.com\/es\/","logo":{"@type":"ImageObject","inLanguage":"es","@id":"https:\/\/kecedunyasi.com\/es\/#\/schema\/logo\/image\/","url":"https:\/\/kecedunyasi.bootests.com\/wp-content\/uploads\/kece-dunyasi-og-image.webp","contentUrl":"https:\/\/kecedunyasi.bootests.com\/wp-content\/uploads\/kece-dunyasi-og-image.webp","width":1200,"height":625,"caption":"Ke\u00e7e D\u00fcnyas\u0131"},"image":{"@id":"https:\/\/kecedunyasi.com\/es\/#\/schema\/logo\/image\/"},"sameAs":["https:\/\/www.facebook.com\/profile.php?id=100093286748515","https:\/\/www.instagram.com\/tekspa.com.tr\/"]}]}},"_links":{"self":[{"href":"https:\/\/kecedunyasi.com\/es\/wp-json\/wp\/v2\/pages\/410","targetHints":{"allow":["GET"]}}],"collection":[{"href":"https:\/\/kecedunyasi.com\/es\/wp-json\/wp\/v2\/pages"}],"about":[{"href":"https:\/\/kecedunyasi.com\/es\/wp-json\/wp\/v2\/types\/page"}],"author":[{"embeddable":true,"href":"https:\/\/kecedunyasi.com\/es\/wp-json\/wp\/v2\/users\/1"}],"replies":[{"embeddable":true,"href":"https:\/\/kecedunyasi.com\/es\/wp-json\/wp\/v2\/comments?post=410"}],"version-history":[{"count":5,"href":"https:\/\/kecedunyasi.com\/es\/wp-json\/wp\/v2\/pages\/410\/revisions"}],"predecessor-version":[{"id":13784,"href":"https:\/\/kecedunyasi.com\/es\/wp-json\/wp\/v2\/pages\/410\/revisions\/13784"}],"wp:featuredmedia":[{"embeddable":true,"href":"https:\/\/kecedunyasi.com\/es\/wp-json\/wp\/v2\/media\/13413"}],"wp:attachment":[{"href":"https:\/\/kecedunyasi.com\/es\/wp-json\/wp\/v2\/media?parent=410"}],"curies":[{"name":"wp","href":"https:\/\/api.w.org\/{rel}","templated":true}]}}