{"id":421,"date":"2025-08-05T08:15:45","date_gmt":"2025-08-05T08:15:45","guid":{"rendered":"https:\/\/kecedunyasi.bootests.com\/?page_id=421"},"modified":"2026-02-04T14:20:23","modified_gmt":"2026-02-04T14:20:23","slug":"sostenibilidad","status":"publish","type":"page","link":"https:\/\/kecedunyasi.com\/es\/sostenibilidad\/","title":{"rendered":"Sostenibilidad"},"content":{"rendered":"<div class=\"container\">\r\n<section class=\"acftitledescription\">\r\n<div class=\"section-header  d-lg-flex\">\r\n\r\n                <h1 class=\"section-title wow animate__fadeInUp\" data-wow-delay=\"0.2s\">Sostenibilidad<\/h1>\r\n                <p class=\"section-description-acf wow animate__fadeInUp\" data-wow-delay=\"0.3s\">     Producimos utilizando materiales reciclables y respetuosos con el medio ambiente, y adoptamos un dise\u00f1o sostenible y responsable.<\/p>\r\n     \r\n<\/section>\r\n       <\/div>\n\n<div class=\"container wow animate__fadeInUp\" data-wow-delay=\"0.2s\">\r\n  <p>Nuestra filosof\u00eda de producci\u00f3n se basa en los principios de la sostenibilidad para dejar un mundo m\u00e1s limpio y habitable a las futuras generaciones.<\/p>\n<p>En cada material que utilizamos, priorizamos la responsabilidad ambiental, y en nuestros procesos de producci\u00f3n nos centramos en la reducci\u00f3n de residuos y la eficiencia energ\u00e9tica. Nuestro objetivo es contribuir al medio ambiente y a la sociedad no solo a trav\u00e9s de nuestros productos, sino tambi\u00e9n mediante nuestra forma de hacer negocios. Con nuestro enfoque de producci\u00f3n responsable, continuaremos ofreciendo productos de alta calidad y larga durabilidad sin da\u00f1ar la naturaleza.<\/p>\n<p>Fieltro Cero Residuos: Construir un Futuro Sostenible a trav\u00e9s del Reciclaje<\/p>\n<p><!-- \/wp:paragraph --> <!-- wp:image {\"id\":427,\"sizeSlug\":\"large\",\"linkDestination\":\"none\",\"align\":\"center\"} --> <\/p>\n<figure class=\"wp-block-image aligncenter size-large\"> <img decoding=\"async\" width=\"1024\" height=\"675\" class=\"wp-image-427\" src=\"https:\/\/kecedunyasi.com\/es\/wp-content\/uploads\/surdurulebilirlik-2-1024x675.png\" alt=\"\" srcset=\"https:\/\/kecedunyasi.com\/es\/wp-content\/uploads\/surdurulebilirlik-2-1024x675.png 1024w, https:\/\/kecedunyasi.com\/es\/wp-content\/uploads\/surdurulebilirlik-2-300x198.png 300w, https:\/\/kecedunyasi.com\/es\/wp-content\/uploads\/surdurulebilirlik-2-768x506.png 768w, https:\/\/kecedunyasi.com\/es\/wp-content\/uploads\/surdurulebilirlik-2.png 1365w\" sizes=\"(max-width: 1024px) 100vw, 1024px\" \/> <\/figure>\n<p> <!-- \/wp:image --> <!-- wp:heading --> <\/p>\n<h2 class=\"wp-block-heading\">Enfoque de Materiales y Producci\u00f3n<\/h2>\n<p> <!-- \/wp:heading --> <!-- wp:list --> <\/p>\n<ul class=\"wp-block-list\">\n<li>Uso de fieltro 100 % reciclable<\/li>\n<li>Tintes sin productos qu\u00edmicos<\/li>\n<li>Productos duraderos y de larga vida \u00fatil \u2192 reducci\u00f3n de residuos<\/li>\n<li>Visual: rollos de fieltro, detalles de materiales naturales<\/li>\n<\/ul>\n<p> <!-- \/wp:list --> <!-- wp:paragraph --><\/p>\n<p>La sostenibilidad no es solo un modelo de producci\u00f3n; es un reflejo de nuestro respeto por la naturaleza, las personas y el futuro.<\/p>\n<p>Al utilizar los recursos de manera responsable, dise\u00f1amos productos respetuosos con el medio ambiente, duraderos y reciclables. Mejoramos continuamente nuestros procesos de producci\u00f3n, reducimos los residuos y aumentamos la eficiencia energ\u00e9tica. En cada paso que apoya una vida sostenible, mantenemos nuestro enfoque consciente con el medio ambiente y actuamos en armon\u00eda con la naturaleza.<\/p>\n<p><!-- \/wp:paragraph --><\/p>\n <\/div>\n\n\n<figure class=\"wp-block-video container video-page wow animate__fadeInUp\"><video height=\"544\" style=\"aspect-ratio: 960 \/ 544;\" width=\"960\" controls src=\"https:\/\/kecedunyasi.bootests.com\/wp-content\/uploads\/tekspa-geri-donusum.mp4\"><\/video><\/figure>\n","protected":false},"excerpt":{"rendered":"","protected":false},"author":1,"featured_media":422,"parent":0,"menu_order":0,"comment_status":"closed","ping_status":"closed","template":"","meta":{"_acf_changed":false,"footnotes":""},"class_list":["post-421","page","type-page","status-publish","has-post-thumbnail","hentry"],"acf":[],"yoast_head":"<!-- This site is optimized with the Yoast SEO plugin v26.9 - https:\/\/yoast.com\/product\/yoast-seo-wordpress\/ -->\n<title>Sostenibilidad - Ke\u00e7e D\u00fcnyas\u0131<\/title>\n<meta name=\"description\" content=\"Do\u011faya sayg\u0131l\u0131, geri d\u00f6n\u00fc\u015ft\u00fcr\u00fclebilir malzemelerle \u00fcretiyor; s\u00fcrd\u00fcr\u00fclebilir ve sorumlu tasar\u0131m\u0131 benimsiyoruz.\" \/>\n<meta name=\"robots\" content=\"index, follow, max-snippet:-1, max-image-preview:large, max-video-preview:-1\" \/>\n<link rel=\"canonical\" href=\"https:\/\/kecedunyasi.com\/es\/sostenibilidad\/\" \/>\n<meta property=\"og:locale\" content=\"es_ES\" \/>\n<meta property=\"og:type\" content=\"article\" \/>\n<meta property=\"og:title\" content=\"Sostenibilidad - Ke\u00e7e D\u00fcnyas\u0131\" \/>\n<meta property=\"og:description\" content=\"Do\u011faya sayg\u0131l\u0131, geri d\u00f6n\u00fc\u015ft\u00fcr\u00fclebilir malzemelerle \u00fcretiyor; s\u00fcrd\u00fcr\u00fclebilir ve sorumlu tasar\u0131m\u0131 benimsiyoruz.\" \/>\n<meta property=\"og:url\" content=\"https:\/\/kecedunyasi.com\/es\/sostenibilidad\/\" \/>\n<meta property=\"og:site_name\" content=\"Ke\u00e7e D\u00fcnyas\u0131\" \/>\n<meta property=\"article:publisher\" content=\"https:\/\/www.facebook.com\/profile.php?id=100093286748515\" \/>\n<meta property=\"article:modified_time\" content=\"2026-02-04T14:20:23+00:00\" \/>\n<meta property=\"og:image\" content=\"https:\/\/kecedunyasi.com\/es\/wp-content\/uploads\/surdurulebilirlik-scaled.webp\" \/>\n\t<meta property=\"og:image:width\" content=\"2560\" \/>\n\t<meta property=\"og:image:height\" content=\"600\" \/>\n\t<meta property=\"og:image:type\" content=\"image\/webp\" \/>\n<meta name=\"twitter:card\" content=\"summary_large_image\" \/>\n<meta name=\"twitter:label1\" content=\"Tiempo de lectura\" \/>\n\t<meta name=\"twitter:data1\" content=\"1 minuto\" \/>\n<script type=\"application\/ld+json\" class=\"yoast-schema-graph\">{\"@context\":\"https:\/\/schema.org\",\"@graph\":[{\"@type\":\"WebPage\",\"@id\":\"https:\/\/kecedunyasi.com\/es\/sostenibilidad\/\",\"url\":\"https:\/\/kecedunyasi.com\/es\/sostenibilidad\/\",\"name\":\"Sostenibilidad - Ke\u00e7e D\u00fcnyas\u0131\",\"isPartOf\":{\"@id\":\"https:\/\/kecedunyasi.com\/es\/#website\"},\"primaryImageOfPage\":{\"@id\":\"https:\/\/kecedunyasi.com\/es\/sostenibilidad\/#primaryimage\"},\"image\":{\"@id\":\"https:\/\/kecedunyasi.com\/es\/sostenibilidad\/#primaryimage\"},\"thumbnailUrl\":\"https:\/\/kecedunyasi.com\/es\/wp-content\/uploads\/surdurulebilirlik-scaled.webp\",\"datePublished\":\"2025-08-05T08:15:45+00:00\",\"dateModified\":\"2026-02-04T14:20:23+00:00\",\"description\":\"Do\u011faya sayg\u0131l\u0131, geri d\u00f6n\u00fc\u015ft\u00fcr\u00fclebilir malzemelerle \u00fcretiyor; s\u00fcrd\u00fcr\u00fclebilir ve sorumlu tasar\u0131m\u0131 benimsiyoruz.\",\"breadcrumb\":{\"@id\":\"https:\/\/kecedunyasi.com\/es\/sostenibilidad\/#breadcrumb\"},\"inLanguage\":\"es\",\"potentialAction\":[{\"@type\":\"ReadAction\",\"target\":[\"https:\/\/kecedunyasi.com\/es\/sostenibilidad\/\"]}]},{\"@type\":\"ImageObject\",\"inLanguage\":\"es\",\"@id\":\"https:\/\/kecedunyasi.com\/es\/sostenibilidad\/#primaryimage\",\"url\":\"https:\/\/kecedunyasi.com\/es\/wp-content\/uploads\/surdurulebilirlik-scaled.webp\",\"contentUrl\":\"https:\/\/kecedunyasi.com\/es\/wp-content\/uploads\/surdurulebilirlik-scaled.webp\",\"width\":2560,\"height\":600},{\"@type\":\"BreadcrumbList\",\"@id\":\"https:\/\/kecedunyasi.com\/es\/sostenibilidad\/#breadcrumb\",\"itemListElement\":[{\"@type\":\"ListItem\",\"position\":1,\"name\":\"Home\",\"item\":\"https:\/\/kecedunyasi.com\/es\/\"},{\"@type\":\"ListItem\",\"position\":2,\"name\":\"Sostenibilidad\"}]},{\"@type\":\"WebSite\",\"@id\":\"https:\/\/kecedunyasi.com\/es\/#website\",\"url\":\"https:\/\/kecedunyasi.com\/es\/\",\"name\":\"Ke\u00e7e D\u00fcnyas\u0131\",\"description\":\"\",\"publisher\":{\"@id\":\"https:\/\/kecedunyasi.com\/es\/#organization\"},\"potentialAction\":[{\"@type\":\"SearchAction\",\"target\":{\"@type\":\"EntryPoint\",\"urlTemplate\":\"https:\/\/kecedunyasi.com\/es\/?s={search_term_string}\"},\"query-input\":{\"@type\":\"PropertyValueSpecification\",\"valueRequired\":true,\"valueName\":\"search_term_string\"}}],\"inLanguage\":\"es\"},{\"@type\":\"Organization\",\"@id\":\"https:\/\/kecedunyasi.com\/es\/#organization\",\"name\":\"Ke\u00e7e D\u00fcnyas\u0131\",\"url\":\"https:\/\/kecedunyasi.com\/es\/\",\"logo\":{\"@type\":\"ImageObject\",\"inLanguage\":\"es\",\"@id\":\"https:\/\/kecedunyasi.com\/es\/#\/schema\/logo\/image\/\",\"url\":\"https:\/\/kecedunyasi.bootests.com\/wp-content\/uploads\/kece-dunyasi-og-image.webp\",\"contentUrl\":\"https:\/\/kecedunyasi.bootests.com\/wp-content\/uploads\/kece-dunyasi-og-image.webp\",\"width\":1200,\"height\":625,\"caption\":\"Ke\u00e7e D\u00fcnyas\u0131\"},\"image\":{\"@id\":\"https:\/\/kecedunyasi.com\/es\/#\/schema\/logo\/image\/\"},\"sameAs\":[\"https:\/\/www.facebook.com\/profile.php?id=100093286748515\",\"https:\/\/www.instagram.com\/tekspa.com.tr\/\"]}]}<\/script>\n<!-- \/ Yoast SEO plugin. -->","yoast_head_json":{"title":"Sostenibilidad - Ke\u00e7e D\u00fcnyas\u0131","description":"Do\u011faya sayg\u0131l\u0131, geri d\u00f6n\u00fc\u015ft\u00fcr\u00fclebilir malzemelerle \u00fcretiyor; s\u00fcrd\u00fcr\u00fclebilir ve sorumlu tasar\u0131m\u0131 benimsiyoruz.","robots":{"index":"index","follow":"follow","max-snippet":"max-snippet:-1","max-image-preview":"max-image-preview:large","max-video-preview":"max-video-preview:-1"},"canonical":"https:\/\/kecedunyasi.com\/es\/sostenibilidad\/","og_locale":"es_ES","og_type":"article","og_title":"Sostenibilidad - Ke\u00e7e D\u00fcnyas\u0131","og_description":"Do\u011faya sayg\u0131l\u0131, geri d\u00f6n\u00fc\u015ft\u00fcr\u00fclebilir malzemelerle \u00fcretiyor; s\u00fcrd\u00fcr\u00fclebilir ve sorumlu tasar\u0131m\u0131 benimsiyoruz.","og_url":"https:\/\/kecedunyasi.com\/es\/sostenibilidad\/","og_site_name":"Ke\u00e7e D\u00fcnyas\u0131","article_publisher":"https:\/\/www.facebook.com\/profile.php?id=100093286748515","article_modified_time":"2026-02-04T14:20:23+00:00","og_image":[{"width":2560,"height":600,"url":"https:\/\/kecedunyasi.com\/es\/wp-content\/uploads\/surdurulebilirlik-scaled.webp","type":"image\/webp"}],"twitter_card":"summary_large_image","twitter_misc":{"Tiempo de lectura":"1 minuto"},"schema":{"@context":"https:\/\/schema.org","@graph":[{"@type":"WebPage","@id":"https:\/\/kecedunyasi.com\/es\/sostenibilidad\/","url":"https:\/\/kecedunyasi.com\/es\/sostenibilidad\/","name":"Sostenibilidad - Ke\u00e7e D\u00fcnyas\u0131","isPartOf":{"@id":"https:\/\/kecedunyasi.com\/es\/#website"},"primaryImageOfPage":{"@id":"https:\/\/kecedunyasi.com\/es\/sostenibilidad\/#primaryimage"},"image":{"@id":"https:\/\/kecedunyasi.com\/es\/sostenibilidad\/#primaryimage"},"thumbnailUrl":"https:\/\/kecedunyasi.com\/es\/wp-content\/uploads\/surdurulebilirlik-scaled.webp","datePublished":"2025-08-05T08:15:45+00:00","dateModified":"2026-02-04T14:20:23+00:00","description":"Do\u011faya sayg\u0131l\u0131, geri d\u00f6n\u00fc\u015ft\u00fcr\u00fclebilir malzemelerle \u00fcretiyor; s\u00fcrd\u00fcr\u00fclebilir ve sorumlu tasar\u0131m\u0131 benimsiyoruz.","breadcrumb":{"@id":"https:\/\/kecedunyasi.com\/es\/sostenibilidad\/#breadcrumb"},"inLanguage":"es","potentialAction":[{"@type":"ReadAction","target":["https:\/\/kecedunyasi.com\/es\/sostenibilidad\/"]}]},{"@type":"ImageObject","inLanguage":"es","@id":"https:\/\/kecedunyasi.com\/es\/sostenibilidad\/#primaryimage","url":"https:\/\/kecedunyasi.com\/es\/wp-content\/uploads\/surdurulebilirlik-scaled.webp","contentUrl":"https:\/\/kecedunyasi.com\/es\/wp-content\/uploads\/surdurulebilirlik-scaled.webp","width":2560,"height":600},{"@type":"BreadcrumbList","@id":"https:\/\/kecedunyasi.com\/es\/sostenibilidad\/#breadcrumb","itemListElement":[{"@type":"ListItem","position":1,"name":"Home","item":"https:\/\/kecedunyasi.com\/es\/"},{"@type":"ListItem","position":2,"name":"Sostenibilidad"}]},{"@type":"WebSite","@id":"https:\/\/kecedunyasi.com\/es\/#website","url":"https:\/\/kecedunyasi.com\/es\/","name":"Ke\u00e7e D\u00fcnyas\u0131","description":"","publisher":{"@id":"https:\/\/kecedunyasi.com\/es\/#organization"},"potentialAction":[{"@type":"SearchAction","target":{"@type":"EntryPoint","urlTemplate":"https:\/\/kecedunyasi.com\/es\/?s={search_term_string}"},"query-input":{"@type":"PropertyValueSpecification","valueRequired":true,"valueName":"search_term_string"}}],"inLanguage":"es"},{"@type":"Organization","@id":"https:\/\/kecedunyasi.com\/es\/#organization","name":"Ke\u00e7e D\u00fcnyas\u0131","url":"https:\/\/kecedunyasi.com\/es\/","logo":{"@type":"ImageObject","inLanguage":"es","@id":"https:\/\/kecedunyasi.com\/es\/#\/schema\/logo\/image\/","url":"https:\/\/kecedunyasi.bootests.com\/wp-content\/uploads\/kece-dunyasi-og-image.webp","contentUrl":"https:\/\/kecedunyasi.bootests.com\/wp-content\/uploads\/kece-dunyasi-og-image.webp","width":1200,"height":625,"caption":"Ke\u00e7e D\u00fcnyas\u0131"},"image":{"@id":"https:\/\/kecedunyasi.com\/es\/#\/schema\/logo\/image\/"},"sameAs":["https:\/\/www.facebook.com\/profile.php?id=100093286748515","https:\/\/www.instagram.com\/tekspa.com.tr\/"]}]}},"_links":{"self":[{"href":"https:\/\/kecedunyasi.com\/es\/wp-json\/wp\/v2\/pages\/421","targetHints":{"allow":["GET"]}}],"collection":[{"href":"https:\/\/kecedunyasi.com\/es\/wp-json\/wp\/v2\/pages"}],"about":[{"href":"https:\/\/kecedunyasi.com\/es\/wp-json\/wp\/v2\/types\/page"}],"author":[{"embeddable":true,"href":"https:\/\/kecedunyasi.com\/es\/wp-json\/wp\/v2\/users\/1"}],"replies":[{"embeddable":true,"href":"https:\/\/kecedunyasi.com\/es\/wp-json\/wp\/v2\/comments?post=421"}],"version-history":[{"count":18,"href":"https:\/\/kecedunyasi.com\/es\/wp-json\/wp\/v2\/pages\/421\/revisions"}],"predecessor-version":[{"id":13823,"href":"https:\/\/kecedunyasi.com\/es\/wp-json\/wp\/v2\/pages\/421\/revisions\/13823"}],"wp:featuredmedia":[{"embeddable":true,"href":"https:\/\/kecedunyasi.com\/es\/wp-json\/wp\/v2\/media\/422"}],"wp:attachment":[{"href":"https:\/\/kecedunyasi.com\/es\/wp-json\/wp\/v2\/media?parent=421"}],"curies":[{"name":"wp","href":"https:\/\/api.w.org\/{rel}","templated":true}]}}