{"id":450,"date":"2025-08-05T10:28:34","date_gmt":"2025-08-05T10:28:34","guid":{"rendered":"https:\/\/kecedunyasi.bootests.com\/?page_id=450"},"modified":"2026-02-04T14:21:04","modified_gmt":"2026-02-04T14:21:04","slug":"testimonios-de-clientes","status":"publish","type":"page","link":"https:\/\/kecedunyasi.com\/es\/testimonios-de-clientes\/","title":{"rendered":"Testimonios de Clientes"},"content":{"rendered":"<div class=\"container\">\r\n<section class=\"acftitledescription\">\r\n<div class=\"section-header  d-lg-flex\">\r\n\r\n                <h1 class=\"section-title wow animate__fadeInUp\" data-wow-delay=\"0.2s\">Testimonios de Clientes<\/h1>\r\n                <p class=\"section-description-acf wow animate__fadeInUp\" data-wow-delay=\"0.3s\">     Gracias a su amplia gama de aplicaciones y a su practicidad, nuestros clientes est\u00e1n extremadamente satisfechos con nuestros productos de fieltro.<\/p>\r\n     \r\n<\/section>\r\n       <\/div>\n\n    <div class=\"container\">\n        <div class=\"tasarlab-masonry-testimonials\">\n                            <div class=\"testimonial-masonry-card wow animate__fadeInUp\" data-wow-delay=\"0.1s\">\n                    <div class=\"testimonial-masonry-body\">\n                        <div class=\"stars\">\n                            <img src='\/wp-content\/uploads\/star.svg' alt='Y\u0131ld\u0131z' class='star-filled'><img src='\/wp-content\/uploads\/star.svg' alt='Y\u0131ld\u0131z' class='star-filled'><img src='\/wp-content\/uploads\/star.svg' alt='Y\u0131ld\u0131z' class='star-filled'><img src='\/wp-content\/uploads\/star.svg' alt='Y\u0131ld\u0131z' class='star-filled'><img src='\/wp-content\/uploads\/star.svg' alt='Y\u0131ld\u0131z' class='star-filled'>                        <\/div>\n                                                    <p class=\"comment\">\"Somos una empresa de cer\u00e1mica con sede en \u00c7anakkale. Encontr\u00e9 al Sr. Emrah en l\u00ednea por mi cuenta. Inicialmente, ped\u00ed un lote de productos para mis necesidades inmediatas, pero luego el Sr. Emrah nos orient\u00f3 hacia un producto m\u00e1s econ\u00f3mico y de mayor calidad que se adaptaba mejor a nuestro trabajo. Cada vez que usamos el fieltro, nos acordamos de ellos. Son vendedores exitosos y sus env\u00edos tambi\u00e9n son muy r\u00e1pidos.\"<\/p>\n                                            <\/div>\n                    <div class=\"testimonial-masonry-footer\">\n                                                    <img decoding=\"async\" src=\"https:\/\/kecedunyasi.com\/es\/wp-content\/uploads\/customer-favicon-1.svg\" alt=\"Merve Bozan\" class=\"customer-image\">\n                                                                            <span class=\"customer-name\">Merve Bozan<\/span>\n                                            <\/div>\n                <\/div>\n                            <div class=\"testimonial-masonry-card wow animate__fadeInUp\" data-wow-delay=\"0.2s\">\n                    <div class=\"testimonial-masonry-body\">\n                        <div class=\"stars\">\n                            <img src='\/wp-content\/uploads\/star.svg' alt='Y\u0131ld\u0131z' class='star-filled'><img src='\/wp-content\/uploads\/star.svg' alt='Y\u0131ld\u0131z' class='star-filled'><img src='\/wp-content\/uploads\/star.svg' alt='Y\u0131ld\u0131z' class='star-filled'><img src='\/wp-content\/uploads\/star.svg' alt='Y\u0131ld\u0131z' class='star-filled'><img src='\/wp-content\/uploads\/star.svg' alt='Y\u0131ld\u0131z' class='star-filled'>                        <\/div>\n                                                    <p class=\"comment\">\"Colores vibrantes y fieltros realmente de alta calidad: encontr\u00e9 productos en Tekspa que no pod\u00eda encontrar en mercer\u00edas. Tambi\u00e9n me gustar\u00eda agradecerles sinceramente por su inter\u00e9s y comprensi\u00f3n. Definitivamente los recomendar\u00e9 a todos con total confianza.\"<\/p>\n                                            <\/div>\n                    <div class=\"testimonial-masonry-footer\">\n                                                    <img decoding=\"async\" src=\"https:\/\/kecedunyasi.com\/es\/wp-content\/uploads\/customer-favicon-1.svg\" alt=\"R\u00fcmeysa Baysan\" class=\"customer-image\">\n                                                                            <span class=\"customer-name\">R\u00fcmeysa Baysan<\/span>\n                                            <\/div>\n                <\/div>\n                            <div class=\"testimonial-masonry-card wow animate__fadeInUp\" data-wow-delay=\"0.3s\">\n                    <div class=\"testimonial-masonry-body\">\n                        <div class=\"stars\">\n                            <img src='\/wp-content\/uploads\/star.svg' alt='Y\u0131ld\u0131z' class='star-filled'><img src='\/wp-content\/uploads\/star.svg' alt='Y\u0131ld\u0131z' class='star-filled'><img src='\/wp-content\/uploads\/star.svg' alt='Y\u0131ld\u0131z' class='star-filled'><img src='\/wp-content\/uploads\/star.svg' alt='Y\u0131ld\u0131z' class='star-filled'><img src='\/wp-content\/uploads\/star.svg' alt='Y\u0131ld\u0131z' class='star-filled'>                        <\/div>\n                                                    <p class=\"comment\">\"Adem\u00e1s de sus productos de alta calidad, les agradezco sinceramente por el cuidado y la atenci\u00f3n que han demostrado.\"<\/p>\n                                            <\/div>\n                    <div class=\"testimonial-masonry-footer\">\n                                                    <img decoding=\"async\" src=\"https:\/\/kecedunyasi.com\/es\/wp-content\/uploads\/customer-favicon-1.svg\" alt=\"Elif Bulut\" class=\"customer-image\">\n                                                                            <span class=\"customer-name\">Elif Bulut<\/span>\n                                            <\/div>\n                <\/div>\n                            <div class=\"testimonial-masonry-card wow animate__fadeInUp\" data-wow-delay=\"0.4s\">\n                    <div class=\"testimonial-masonry-body\">\n                        <div class=\"stars\">\n                            <img src='\/wp-content\/uploads\/star.svg' alt='Y\u0131ld\u0131z' class='star-filled'><img src='\/wp-content\/uploads\/star.svg' alt='Y\u0131ld\u0131z' class='star-filled'><img src='\/wp-content\/uploads\/star.svg' alt='Y\u0131ld\u0131z' class='star-filled'><img src='\/wp-content\/uploads\/star.svg' alt='Y\u0131ld\u0131z' class='star-filled'><img src='\/wp-content\/uploads\/star.svg' alt='Y\u0131ld\u0131z' class='star-filled'>                        <\/div>\n                                                    <p class=\"comment\">\"Tienen la oportunidad de acceder a productos de fieltro en todos los colores y variedades. Con su personal amable y productos de alta calidad, es un excelente negocio y definitivamente recomendable.\"<\/p>\n                                            <\/div>\n                    <div class=\"testimonial-masonry-footer\">\n                                                    <img decoding=\"async\" src=\"https:\/\/kecedunyasi.com\/es\/wp-content\/uploads\/customer-favicon-1.svg\" alt=\"Umut \u00c7aylar\" class=\"customer-image\">\n                                                                            <span class=\"customer-name\">Umut \u00c7aylar<\/span>\n                                            <\/div>\n                <\/div>\n                            <div class=\"testimonial-masonry-card wow animate__fadeInUp\" data-wow-delay=\"0.5s\">\n                    <div class=\"testimonial-masonry-body\">\n                        <div class=\"stars\">\n                            <img src='\/wp-content\/uploads\/star.svg' alt='Y\u0131ld\u0131z' class='star-filled'><img src='\/wp-content\/uploads\/star.svg' alt='Y\u0131ld\u0131z' class='star-filled'><img src='\/wp-content\/uploads\/star.svg' alt='Y\u0131ld\u0131z' class='star-filled'><img src='\/wp-content\/uploads\/star.svg' alt='Y\u0131ld\u0131z' class='star-filled'><img src='\/wp-content\/uploads\/star.svg' alt='Y\u0131ld\u0131z' class='star-filled'>                        <\/div>\n                                                    <p class=\"comment\">\"Un comerciante excelente: hoy en d\u00eda es raro encontrar vendedores tan amables y serviciales. Que Dios les conceda \u00e9xito continuo en su labor.\"<\/p>\n                                            <\/div>\n                    <div class=\"testimonial-masonry-footer\">\n                                                    <img decoding=\"async\" src=\"https:\/\/kecedunyasi.com\/es\/wp-content\/uploads\/customer-favicon-1.svg\" alt=\"Batuhan G\u00f6zl\u00fckaya\" class=\"customer-image\">\n                                                                            <span class=\"customer-name\">Batuhan G\u00f6zl\u00fckaya<\/span>\n                                            <\/div>\n                <\/div>\n                            <div class=\"testimonial-masonry-card wow animate__fadeInUp\" data-wow-delay=\"0.6s\">\n                    <div class=\"testimonial-masonry-body\">\n                        <div class=\"stars\">\n                            <img src='\/wp-content\/uploads\/star.svg' alt='Y\u0131ld\u0131z' class='star-filled'><img src='\/wp-content\/uploads\/star.svg' alt='Y\u0131ld\u0131z' class='star-filled'><img src='\/wp-content\/uploads\/star.svg' alt='Y\u0131ld\u0131z' class='star-filled'><img src='\/wp-content\/uploads\/star.svg' alt='Y\u0131ld\u0131z' class='star-filled'><img src='\/wp-content\/uploads\/star.svg' alt='Y\u0131ld\u0131z' class='star-filled'>                        <\/div>\n                                                    <p class=\"comment\">\"Hab\u00eda estado buscando fieltro durante meses. Nuestros pedidos se retrasaron porque nadie mostr\u00f3 tanto inter\u00e9s y cuidado como Tekspa Inc. Afortunadamente, aunque fue tarde, result\u00f3 excelente. Muchas gracias por su atenci\u00f3n y apoyo. Esperamos volver a trabajar juntos en nuestros futuros proyectos. Muchas gracias por su esfuerzo y dedicaci\u00f3n.\"<\/p>\n                                            <\/div>\n                    <div class=\"testimonial-masonry-footer\">\n                                                    <img decoding=\"async\" src=\"https:\/\/kecedunyasi.com\/es\/wp-content\/uploads\/customer-favicon-1.svg\" alt=\"Merve Derya Turgut\" class=\"customer-image\">\n                                                                            <span class=\"customer-name\">Merve Derya Turgut<\/span>\n                                            <\/div>\n                <\/div>\n                            <div class=\"testimonial-masonry-card wow animate__fadeInUp\" data-wow-delay=\"0.7s\">\n                    <div class=\"testimonial-masonry-body\">\n                        <div class=\"stars\">\n                            <img src='\/wp-content\/uploads\/star.svg' alt='Y\u0131ld\u0131z' class='star-filled'><img src='\/wp-content\/uploads\/star.svg' alt='Y\u0131ld\u0131z' class='star-filled'><img src='\/wp-content\/uploads\/star.svg' alt='Y\u0131ld\u0131z' class='star-filled'><img src='\/wp-content\/uploads\/star.svg' alt='Y\u0131ld\u0131z' class='star-filled'><img src='\/wp-content\/uploads\/star.svg' alt='Y\u0131ld\u0131z' class='star-filled'>                        <\/div>\n                                                    <p class=\"comment\">\"Realmente tienen fieltros de muy alta calidad; los recomiendo encarecidamente.\"<\/p>\n                                            <\/div>\n                    <div class=\"testimonial-masonry-footer\">\n                                                    <img decoding=\"async\" src=\"https:\/\/kecedunyasi.com\/es\/wp-content\/uploads\/customer-favicon-1.svg\" alt=\"Batuhan Ertan\" class=\"customer-image\">\n                                                                            <span class=\"customer-name\">Batuhan Ertan<\/span>\n                                            <\/div>\n                <\/div>\n                            <div class=\"testimonial-masonry-card wow animate__fadeInUp\" data-wow-delay=\"0.8s\">\n                    <div class=\"testimonial-masonry-body\">\n                        <div class=\"stars\">\n                            <img src='\/wp-content\/uploads\/star.svg' alt='Y\u0131ld\u0131z' class='star-filled'><img src='\/wp-content\/uploads\/star.svg' alt='Y\u0131ld\u0131z' class='star-filled'><img src='\/wp-content\/uploads\/star.svg' alt='Y\u0131ld\u0131z' class='star-filled'><img src='\/wp-content\/uploads\/star.svg' alt='Y\u0131ld\u0131z' class='star-filled'><img src='\/wp-content\/uploads\/star.svg' alt='Y\u0131ld\u0131z' class='star-filled'>                        <\/div>\n                                                    <p class=\"comment\">\"He estado comprando en Ke\u00e7e D\u00fcnyas\u0131 durante muchos a\u00f1os; ni siquiera conozco su ubicaci\u00f3n f\u00edsica, pero en el momento en que realizo un pedido, lo env\u00edan de inmediato. Con precios razonables, una amplia variedad de opciones de productos y su amabilidad, realmente los felicito. Los r\"<\/p>\n                                            <\/div>\n                    <div class=\"testimonial-masonry-footer\">\n                                                    <img decoding=\"async\" src=\"https:\/\/kecedunyasi.com\/es\/wp-content\/uploads\/customer-favicon-1.svg\" alt=\"P\u0131nar Esmersoy\" class=\"customer-image\">\n                                                                            <span class=\"customer-name\">P\u0131nar Esmersoy<\/span>\n                                            <\/div>\n                <\/div>\n                            <div class=\"testimonial-masonry-card wow animate__fadeInUp\" data-wow-delay=\"0.8s\">\n                    <div class=\"testimonial-masonry-body\">\n                        <div class=\"stars\">\n                            <img src='\/wp-content\/uploads\/star.svg' alt='Y\u0131ld\u0131z' class='star-filled'><img src='\/wp-content\/uploads\/star.svg' alt='Y\u0131ld\u0131z' class='star-filled'><img src='\/wp-content\/uploads\/star.svg' alt='Y\u0131ld\u0131z' class='star-filled'><img src='\/wp-content\/uploads\/star.svg' alt='Y\u0131ld\u0131z' class='star-filled'><img src='\/wp-content\/uploads\/star.svg' alt='Y\u0131ld\u0131z' class='star-filled'>                        <\/div>\n                                                    <p class=\"comment\">\"Un negocio muy amable. El Sr. Emrah me orient\u00f3 con su conocimiento sobre el fieltro, y sus consejos fueron realmente valiosos. Puede comprar con confianza al consultarlos.\"<\/p>\n                                            <\/div>\n                    <div class=\"testimonial-masonry-footer\">\n                                                    <img decoding=\"async\" src=\"https:\/\/kecedunyasi.com\/es\/wp-content\/uploads\/customer-favicon-1.svg\" alt=\"Basak Mavis\" class=\"customer-image\">\n                                                                            <span class=\"customer-name\">Basak Mavis<\/span>\n                                            <\/div>\n                <\/div>\n                    <\/div>\n    <\/div>\n    \n","protected":false},"excerpt":{"rendered":"","protected":false},"author":1,"featured_media":418,"parent":0,"menu_order":0,"comment_status":"closed","ping_status":"closed","template":"","meta":{"_acf_changed":false,"footnotes":""},"class_list":["post-450","page","type-page","status-publish","has-post-thumbnail","hentry"],"acf":[],"yoast_head":"<!-- This site is optimized with the Yoast SEO plugin v26.9 - https:\/\/yoast.com\/product\/yoast-seo-wordpress\/ -->\n<title>Testimonios de Clientes - Ke\u00e7e D\u00fcnyas\u0131<\/title>\n<meta name=\"description\" content=\"Thanks to their wide range of applications and practicality, our customers are extremely satisfied with our felt products.\" \/>\n<meta name=\"robots\" content=\"noindex, nofollow\" \/>\n<meta property=\"og:locale\" content=\"es_ES\" \/>\n<meta property=\"og:type\" content=\"article\" \/>\n<meta property=\"og:title\" content=\"Testimonios de Clientes - Ke\u00e7e D\u00fcnyas\u0131\" \/>\n<meta property=\"og:description\" content=\"Thanks to their wide range of applications and practicality, our customers are extremely satisfied with our felt products.\" \/>\n<meta property=\"og:url\" content=\"https:\/\/kecedunyasi.com\/es\/testimonios-de-clientes\/\" \/>\n<meta property=\"og:site_name\" content=\"Ke\u00e7e D\u00fcnyas\u0131\" \/>\n<meta property=\"article:publisher\" content=\"https:\/\/www.facebook.com\/profile.php?id=100093286748515\" \/>\n<meta property=\"article:modified_time\" content=\"2026-02-04T14:21:04+00:00\" \/>\n<meta property=\"og:image\" content=\"https:\/\/kecedunyasi.com\/es\/wp-content\/uploads\/IK-scaled.webp\" \/>\n\t<meta property=\"og:image:width\" content=\"2560\" \/>\n\t<meta property=\"og:image:height\" content=\"600\" \/>\n\t<meta property=\"og:image:type\" content=\"image\/webp\" \/>\n<meta name=\"twitter:card\" content=\"summary_large_image\" \/>\n<meta name=\"twitter:label1\" content=\"Tiempo de lectura\" \/>\n\t<meta name=\"twitter:data1\" content=\"1 minuto\" \/>\n<script type=\"application\/ld+json\" class=\"yoast-schema-graph\">{\"@context\":\"https:\/\/schema.org\",\"@graph\":[{\"@type\":\"WebPage\",\"@id\":\"https:\/\/kecedunyasi.com\/es\/testimonios-de-clientes\/\",\"url\":\"https:\/\/kecedunyasi.com\/es\/testimonios-de-clientes\/\",\"name\":\"Testimonios de Clientes - Ke\u00e7e D\u00fcnyas\u0131\",\"isPartOf\":{\"@id\":\"https:\/\/kecedunyasi.com\/es\/#website\"},\"primaryImageOfPage\":{\"@id\":\"https:\/\/kecedunyasi.com\/es\/testimonios-de-clientes\/#primaryimage\"},\"image\":{\"@id\":\"https:\/\/kecedunyasi.com\/es\/testimonios-de-clientes\/#primaryimage\"},\"thumbnailUrl\":\"https:\/\/kecedunyasi.com\/es\/wp-content\/uploads\/IK-scaled.webp\",\"datePublished\":\"2025-08-05T10:28:34+00:00\",\"dateModified\":\"2026-02-04T14:21:04+00:00\",\"description\":\"Thanks to their wide range of applications and practicality, our customers are extremely satisfied with our felt products.\",\"breadcrumb\":{\"@id\":\"https:\/\/kecedunyasi.com\/es\/testimonios-de-clientes\/#breadcrumb\"},\"inLanguage\":\"es\",\"potentialAction\":[{\"@type\":\"ReadAction\",\"target\":[\"https:\/\/kecedunyasi.com\/es\/testimonios-de-clientes\/\"]}]},{\"@type\":\"ImageObject\",\"inLanguage\":\"es\",\"@id\":\"https:\/\/kecedunyasi.com\/es\/testimonios-de-clientes\/#primaryimage\",\"url\":\"https:\/\/kecedunyasi.com\/es\/wp-content\/uploads\/IK-scaled.webp\",\"contentUrl\":\"https:\/\/kecedunyasi.com\/es\/wp-content\/uploads\/IK-scaled.webp\",\"width\":2560,\"height\":600},{\"@type\":\"BreadcrumbList\",\"@id\":\"https:\/\/kecedunyasi.com\/es\/testimonios-de-clientes\/#breadcrumb\",\"itemListElement\":[{\"@type\":\"ListItem\",\"position\":1,\"name\":\"Home\",\"item\":\"https:\/\/kecedunyasi.com\/es\/\"},{\"@type\":\"ListItem\",\"position\":2,\"name\":\"Testimonios de Clientes\"}]},{\"@type\":\"WebSite\",\"@id\":\"https:\/\/kecedunyasi.com\/es\/#website\",\"url\":\"https:\/\/kecedunyasi.com\/es\/\",\"name\":\"Ke\u00e7e D\u00fcnyas\u0131\",\"description\":\"\",\"publisher\":{\"@id\":\"https:\/\/kecedunyasi.com\/es\/#organization\"},\"potentialAction\":[{\"@type\":\"SearchAction\",\"target\":{\"@type\":\"EntryPoint\",\"urlTemplate\":\"https:\/\/kecedunyasi.com\/es\/?s={search_term_string}\"},\"query-input\":{\"@type\":\"PropertyValueSpecification\",\"valueRequired\":true,\"valueName\":\"search_term_string\"}}],\"inLanguage\":\"es\"},{\"@type\":\"Organization\",\"@id\":\"https:\/\/kecedunyasi.com\/es\/#organization\",\"name\":\"Ke\u00e7e D\u00fcnyas\u0131\",\"url\":\"https:\/\/kecedunyasi.com\/es\/\",\"logo\":{\"@type\":\"ImageObject\",\"inLanguage\":\"es\",\"@id\":\"https:\/\/kecedunyasi.com\/es\/#\/schema\/logo\/image\/\",\"url\":\"https:\/\/kecedunyasi.bootests.com\/wp-content\/uploads\/kece-dunyasi-og-image.webp\",\"contentUrl\":\"https:\/\/kecedunyasi.bootests.com\/wp-content\/uploads\/kece-dunyasi-og-image.webp\",\"width\":1200,\"height\":625,\"caption\":\"Ke\u00e7e D\u00fcnyas\u0131\"},\"image\":{\"@id\":\"https:\/\/kecedunyasi.com\/es\/#\/schema\/logo\/image\/\"},\"sameAs\":[\"https:\/\/www.facebook.com\/profile.php?id=100093286748515\",\"https:\/\/www.instagram.com\/tekspa.com.tr\/\"]}]}<\/script>\n<!-- \/ Yoast SEO plugin. -->","yoast_head_json":{"title":"Testimonios de Clientes - Ke\u00e7e D\u00fcnyas\u0131","description":"Thanks to their wide range of applications and practicality, our customers are extremely satisfied with our felt products.","robots":{"index":"noindex","follow":"nofollow"},"og_locale":"es_ES","og_type":"article","og_title":"Testimonios de Clientes - Ke\u00e7e D\u00fcnyas\u0131","og_description":"Thanks to their wide range of applications and practicality, our customers are extremely satisfied with our felt products.","og_url":"https:\/\/kecedunyasi.com\/es\/testimonios-de-clientes\/","og_site_name":"Ke\u00e7e D\u00fcnyas\u0131","article_publisher":"https:\/\/www.facebook.com\/profile.php?id=100093286748515","article_modified_time":"2026-02-04T14:21:04+00:00","og_image":[{"width":2560,"height":600,"url":"https:\/\/kecedunyasi.com\/es\/wp-content\/uploads\/IK-scaled.webp","type":"image\/webp"}],"twitter_card":"summary_large_image","twitter_misc":{"Tiempo de lectura":"1 minuto"},"schema":{"@context":"https:\/\/schema.org","@graph":[{"@type":"WebPage","@id":"https:\/\/kecedunyasi.com\/es\/testimonios-de-clientes\/","url":"https:\/\/kecedunyasi.com\/es\/testimonios-de-clientes\/","name":"Testimonios de Clientes - Ke\u00e7e D\u00fcnyas\u0131","isPartOf":{"@id":"https:\/\/kecedunyasi.com\/es\/#website"},"primaryImageOfPage":{"@id":"https:\/\/kecedunyasi.com\/es\/testimonios-de-clientes\/#primaryimage"},"image":{"@id":"https:\/\/kecedunyasi.com\/es\/testimonios-de-clientes\/#primaryimage"},"thumbnailUrl":"https:\/\/kecedunyasi.com\/es\/wp-content\/uploads\/IK-scaled.webp","datePublished":"2025-08-05T10:28:34+00:00","dateModified":"2026-02-04T14:21:04+00:00","description":"Thanks to their wide range of applications and practicality, our customers are extremely satisfied with our felt products.","breadcrumb":{"@id":"https:\/\/kecedunyasi.com\/es\/testimonios-de-clientes\/#breadcrumb"},"inLanguage":"es","potentialAction":[{"@type":"ReadAction","target":["https:\/\/kecedunyasi.com\/es\/testimonios-de-clientes\/"]}]},{"@type":"ImageObject","inLanguage":"es","@id":"https:\/\/kecedunyasi.com\/es\/testimonios-de-clientes\/#primaryimage","url":"https:\/\/kecedunyasi.com\/es\/wp-content\/uploads\/IK-scaled.webp","contentUrl":"https:\/\/kecedunyasi.com\/es\/wp-content\/uploads\/IK-scaled.webp","width":2560,"height":600},{"@type":"BreadcrumbList","@id":"https:\/\/kecedunyasi.com\/es\/testimonios-de-clientes\/#breadcrumb","itemListElement":[{"@type":"ListItem","position":1,"name":"Home","item":"https:\/\/kecedunyasi.com\/es\/"},{"@type":"ListItem","position":2,"name":"Testimonios de Clientes"}]},{"@type":"WebSite","@id":"https:\/\/kecedunyasi.com\/es\/#website","url":"https:\/\/kecedunyasi.com\/es\/","name":"Ke\u00e7e D\u00fcnyas\u0131","description":"","publisher":{"@id":"https:\/\/kecedunyasi.com\/es\/#organization"},"potentialAction":[{"@type":"SearchAction","target":{"@type":"EntryPoint","urlTemplate":"https:\/\/kecedunyasi.com\/es\/?s={search_term_string}"},"query-input":{"@type":"PropertyValueSpecification","valueRequired":true,"valueName":"search_term_string"}}],"inLanguage":"es"},{"@type":"Organization","@id":"https:\/\/kecedunyasi.com\/es\/#organization","name":"Ke\u00e7e D\u00fcnyas\u0131","url":"https:\/\/kecedunyasi.com\/es\/","logo":{"@type":"ImageObject","inLanguage":"es","@id":"https:\/\/kecedunyasi.com\/es\/#\/schema\/logo\/image\/","url":"https:\/\/kecedunyasi.bootests.com\/wp-content\/uploads\/kece-dunyasi-og-image.webp","contentUrl":"https:\/\/kecedunyasi.bootests.com\/wp-content\/uploads\/kece-dunyasi-og-image.webp","width":1200,"height":625,"caption":"Ke\u00e7e D\u00fcnyas\u0131"},"image":{"@id":"https:\/\/kecedunyasi.com\/es\/#\/schema\/logo\/image\/"},"sameAs":["https:\/\/www.facebook.com\/profile.php?id=100093286748515","https:\/\/www.instagram.com\/tekspa.com.tr\/"]}]}},"_links":{"self":[{"href":"https:\/\/kecedunyasi.com\/es\/wp-json\/wp\/v2\/pages\/450","targetHints":{"allow":["GET"]}}],"collection":[{"href":"https:\/\/kecedunyasi.com\/es\/wp-json\/wp\/v2\/pages"}],"about":[{"href":"https:\/\/kecedunyasi.com\/es\/wp-json\/wp\/v2\/types\/page"}],"author":[{"embeddable":true,"href":"https:\/\/kecedunyasi.com\/es\/wp-json\/wp\/v2\/users\/1"}],"replies":[{"embeddable":true,"href":"https:\/\/kecedunyasi.com\/es\/wp-json\/wp\/v2\/comments?post=450"}],"version-history":[{"count":10,"href":"https:\/\/kecedunyasi.com\/es\/wp-json\/wp\/v2\/pages\/450\/revisions"}],"predecessor-version":[{"id":13824,"href":"https:\/\/kecedunyasi.com\/es\/wp-json\/wp\/v2\/pages\/450\/revisions\/13824"}],"wp:featuredmedia":[{"embeddable":true,"href":"https:\/\/kecedunyasi.com\/es\/wp-json\/wp\/v2\/media\/418"}],"wp:attachment":[{"href":"https:\/\/kecedunyasi.com\/es\/wp-json\/wp\/v2\/media?parent=450"}],"curies":[{"name":"wp","href":"https:\/\/api.w.org\/{rel}","templated":true}]}}