{"id":482,"date":"2025-08-07T06:00:19","date_gmt":"2025-08-07T06:00:19","guid":{"rendered":"https:\/\/kecedunyasi.bootests.com\/?page_id=482"},"modified":"2026-02-04T14:18:09","modified_gmt":"2026-02-04T14:18:09","slug":"sectores","status":"publish","type":"page","link":"https:\/\/kecedunyasi.com\/es\/sectores\/","title":{"rendered":"Sectores"},"content":{"rendered":"<div class=\"container\">\r\n<section class=\"acftitledescription\">\r\n<div class=\"section-header  d-lg-flex\">\r\n\r\n                <h1 class=\"section-title wow animate__fadeInUp\" data-wow-delay=\"0.2s\">\u00c1reas de uso del fieltro<\/h1>\r\n                <p class=\"section-description-acf wow animate__fadeInUp\" data-wow-delay=\"0.3s\">     \u00bfCu\u00e1les son las \u00e1reas de uso m\u00e1s comunes del fieltro, que se prefiere con frecuencia desde las industrias del mueble y la automoci\u00f3n hasta la construcci\u00f3n y el sector sanitario?<\/p>\r\n     \r\n<\/section>\r\n       <\/div>\n\n<div class=\"container\">\r\n  <div class=\"sektorler-grid\" >\r\n          <div class=\"sektor-card wow animate__fadeInUp\" data-wow-delay=\"0s\">\r\n                  <div class=\"sektor-image\">\r\n            <img decoding=\"async\" src=\"https:\/\/kecedunyasi.com\/es\/wp-content\/uploads\/elektrikli-ev-aletleri.png\" alt=\"ELECTRODOM\u00c9STICOS\">\r\n          <\/div>\r\n                <div class=\"sektor-content\">\r\n                      <h3 class=\"sektor-title\">ELECTRODOM\u00c9STICOS<\/h3>\r\n                                <div class=\"sektor-desc\">En los electrodom\u00e9sticos, el fieltro act\u00faa como amortiguador de impactos. Adem\u00e1s, proporciona aislamiento y amortiguaci\u00f3n, ayudando a reducir vibraciones y ruido. El fieltro tambi\u00e9n se utiliza en la industria de los electrodom\u00e9sticos como material lubricante, elemento de sellado o mecanismo de junta.<\/div>\r\n                  <\/div>\r\n      <\/div>\r\n          <div class=\"sektor-card wow animate__fadeInUp\" data-wow-delay=\"0.1s\">\r\n                  <div class=\"sektor-image\">\r\n            <img decoding=\"async\" src=\"https:\/\/kecedunyasi.com\/es\/wp-content\/uploads\/FIRIN.png\" alt=\"INDUSTRIA DE HORNOS\">\r\n          <\/div>\r\n                <div class=\"sektor-content\">\r\n                      <h3 class=\"sektor-title\">INDUSTRIA DE HORNOS<\/h3>\r\n                                <div class=\"sektor-desc\">Dado que el fieltro es un material natural e inocuo, tambi\u00e9n se prefiere en la industria de hornos. En este sector, se utiliza para transportar pan tanto en cintas transportadoras como en cestas de transporte.<\/div>\r\n                  <\/div>\r\n      <\/div>\r\n          <div class=\"sektor-card wow animate__fadeInUp\" data-wow-delay=\"0.2s\">\r\n                  <div class=\"sektor-image\">\r\n            <img decoding=\"async\" src=\"https:\/\/kecedunyasi.com\/es\/wp-content\/uploads\/JUGUETES.png\" alt=\"JUGUETES\">\r\n          <\/div>\r\n                <div class=\"sektor-content\">\r\n                      <h3 class=\"sektor-title\">JUGUETES<\/h3>\r\n                                <div class=\"sektor-desc\">El fieltro se ha utilizado y se sigue utilizando para producir todo tipo de juguetes, desde mu\u00f1ecas y ropa hasta disfraces y juegos de mesa. Su estructura natural lo convierte en un material preferido en la industria del juguete.<\/div>\r\n                  <\/div>\r\n      <\/div>\r\n          <div class=\"sektor-card wow animate__fadeInUp\" data-wow-delay=\"0.3s\">\r\n                  <div class=\"sektor-image\">\r\n            <img decoding=\"async\" src=\"https:\/\/kecedunyasi.com\/es\/wp-content\/uploads\/MOBILIARIO.png\" alt=\"DISE\u00d1O DE INTERIORES Y DECORACI\u00d3\">\r\n          <\/div>\r\n                <div class=\"sektor-content\">\r\n                      <h3 class=\"sektor-title\">DISE\u00d1O DE INTERIORES Y DECORACI\u00d3<\/h3>\r\n                                <div class=\"sektor-desc\">Con decenas de variedades y opciones de color, el fieltro se prefiere con frecuencia en el dise\u00f1o de interiores y la decoraci\u00f3n. Adem\u00e1s, sus propiedades de absorci\u00f3n de impactos, aislamiento y amortiguaci\u00f3n, junto con su capacidad para reducir vibraciones y ruido, hacen del fieltro un material excelente para este sector.<\/div>\r\n                  <\/div>\r\n      <\/div>\r\n          <div class=\"sektor-card wow animate__fadeInUp\" data-wow-delay=\"0.4s\">\r\n                  <div class=\"sektor-image\">\r\n            <img decoding=\"async\" src=\"https:\/\/kecedunyasi.com\/es\/wp-content\/uploads\/EMBALAJE.png\" alt=\"EMBALAJE\">\r\n          <\/div>\r\n                <div class=\"sektor-content\">\r\n                      <h3 class=\"sektor-title\">EMBALAJE<\/h3>\r\n                                <div class=\"sektor-desc\">Su propiedad de absorci\u00f3n de impactos lo hace ideal para todo tipo de embalajes.<\/div>\r\n                  <\/div>\r\n      <\/div>\r\n          <div class=\"sektor-card wow animate__fadeInUp\" data-wow-delay=\"0.5s\">\r\n                  <div class=\"sektor-image\">\r\n            <img decoding=\"async\" src=\"https:\/\/kecedunyasi.com\/es\/wp-content\/uploads\/INS_MUSICAL.png\" alt=\"INSTRUMENTOS MUSICALES\">\r\n          <\/div>\r\n                <div class=\"sektor-content\">\r\n                      <h3 class=\"sektor-title\">INSTRUMENTOS MUSICALES<\/h3>\r\n                                <div class=\"sektor-desc\">Gracias a sus propiedades de absorci\u00f3n de impactos, el fieltro se prefiere con frecuencia en los instrumentos musicales. Se utiliza especialmente en tambores y mazas, as\u00ed como en las estructuras internas de ciertos instrumentos musicales, para reducir la vibraci\u00f3n.<\/div>\r\n                  <\/div>\r\n      <\/div>\r\n          <div class=\"sektor-card wow animate__fadeInUp\" data-wow-delay=\"0.6s\">\r\n                  <div class=\"sektor-image\">\r\n            <img decoding=\"async\" src=\"https:\/\/kecedunyasi.com\/es\/wp-content\/uploads\/AUTOMOCION.png\" alt=\"INDUSTRIA AUTOMOTRIZ\">\r\n          <\/div>\r\n                <div class=\"sektor-content\">\r\n                      <h3 class=\"sektor-title\">INDUSTRIA AUTOMOTRIZ<\/h3>\r\n                                <div class=\"sektor-desc\">En la fabricaci\u00f3n de autom\u00f3viles, el fieltro se utiliza para reducir la vibraci\u00f3n en los paneles interiores. Adem\u00e1s, se prefiere como componente de sistemas de aislamiento t\u00e9rmico y ac\u00fastico.<\/div>\r\n                  <\/div>\r\n      <\/div>\r\n          <div class=\"sektor-card wow animate__fadeInUp\" data-wow-delay=\"0.7s\">\r\n                  <div class=\"sektor-image\">\r\n            <img decoding=\"async\" src=\"https:\/\/kecedunyasi.com\/es\/wp-content\/uploads\/DECORACION.png\" alt=\"ARTESAN\u00cdAS\">\r\n          <\/div>\r\n                <div class=\"sektor-content\">\r\n                      <h3 class=\"sektor-title\">ARTESAN\u00cdAS<\/h3>\r\n                                <div class=\"sektor-desc\">Gracias a su facilidad de uso y a su amplia gama de colores, el fieltro es un material ideal para todo tipo de artes y manualidades, como carteras, sombreros, letras, n\u00fameros, collares, broches y mucho m\u00e1s. La infinidad de hermosos art\u00edculos hechos a mano producidos con fieltro lo convierten en un material indispensable para este sector.<\/div>\r\n                  <\/div>\r\n      <\/div>\r\n          <div class=\"sektor-card wow animate__fadeInUp\" data-wow-delay=\"0.8s\">\r\n                  <div class=\"sektor-image\">\r\n            <img decoding=\"async\" src=\"https:\/\/kecedunyasi.com\/es\/wp-content\/uploads\/IND_METALURGIA.png\" alt=\"INDUSTRIA\">\r\n          <\/div>\r\n                <div class=\"sektor-content\">\r\n                      <h3 class=\"sektor-title\">INDUSTRIA<\/h3>\r\n                                <div class=\"sektor-desc\">Como en muchos sectores, el fieltro es un material indispensable para la industria. Por ejemplo, en la metalurgia, se utiliza durante el procesamiento del aluminio y del acero como lubricante, capa protectora y aisl<\/div>\r\n                  <\/div>\r\n      <\/div>\r\n          <div class=\"sektor-card wow animate__fadeInUp\" data-wow-delay=\"0.9s\">\r\n                  <div class=\"sektor-image\">\r\n            <img decoding=\"async\" src=\"https:\/\/kecedunyasi.com\/es\/wp-content\/uploads\/CONFECCION-1.png\" alt=\"ORTOPEDIA\">\r\n          <\/div>\r\n                <div class=\"sektor-content\">\r\n                      <h3 class=\"sektor-title\">ORTOPEDIA<\/h3>\r\n                                <div class=\"sektor-desc\">En el sector sanitario, el fieltro se utiliza como elemento de acolchado y soporte en pr\u00f3tesis y productos ortop\u00e9dicos, mejorando la comodidad del paciente.<\/div>\r\n                  <\/div>\r\n      <\/div>\r\n          <div class=\"sektor-card wow animate__fadeInUp\" data-wow-delay=\"1s\">\r\n                  <div class=\"sektor-image\">\r\n            <img decoding=\"async\" src=\"https:\/\/kecedunyasi.com\/es\/wp-content\/uploads\/CONSTRUCCION-1.png\" alt=\"CONSTRUCCI\u00d3N\">\r\n          <\/div>\r\n                <div class=\"sektor-content\">\r\n                      <h3 class=\"sektor-title\">CONSTRUCCI\u00d3N<\/h3>\r\n                                <div class=\"sektor-desc\">Gracias a su facilidad de uso y a su amplia gama de opciones de color, el fieltro es un material ideal para todo tipo de artes y manualidades, como carteras, sombreros, letras, n\u00fameros, collares, broches y mucho m\u00e1s. La gran cantidad de hermosos art\u00edculos hechos a mano producidos con fieltro lo convierte en un material indispensable para este sector.<\/div>\r\n                  <\/div>\r\n      <\/div>\r\n          <div class=\"sektor-card wow animate__fadeInUp\" data-wow-delay=\"1.1s\">\r\n                  <div class=\"sektor-image\">\r\n            <img decoding=\"async\" src=\"https:\/\/kecedunyasi.com\/es\/wp-content\/uploads\/CALZADO-1.png\" alt=\"CALZADO\">\r\n          <\/div>\r\n                <div class=\"sektor-content\">\r\n                      <h3 class=\"sektor-title\">CALZADO<\/h3>\r\n                                <div class=\"sektor-desc\">Gracias a su suavidad y flexibilidad, el uso del fieltro es indispensable en la industria del calzado. Se utiliza como plantilla en los zapatos y como relleno de la suela en las zapatillas, donde proporciona tanto protecci\u00f3n como refuerzo.<\/div>\r\n                  <\/div>\r\n      <\/div>\r\n          <div class=\"sektor-card wow animate__fadeInUp\" data-wow-delay=\"1.2s\">\r\n                  <div class=\"sektor-image\">\r\n            <img decoding=\"async\" src=\"https:\/\/kecedunyasi.com\/es\/wp-content\/uploads\/SILLA_MONTAR.png\" alt=\"SILLA DE MONTAR\">\r\n          <\/div>\r\n                <div class=\"sektor-content\">\r\n                      <h3 class=\"sektor-title\">SILLA DE MONTAR<\/h3>\r\n                                <div class=\"sektor-desc\">Gracias a su estructura natural y a su variedad de opciones de color, el fieltro se utiliza como componente en las sillas de montar dentro de la industria ecuestre.<\/div>\r\n                  <\/div>\r\n      <\/div>\r\n          <div class=\"sektor-card wow animate__fadeInUp\" data-wow-delay=\"1.3s\">\r\n                  <div class=\"sektor-image\">\r\n            <img decoding=\"async\" src=\"https:\/\/kecedunyasi.com\/es\/wp-content\/uploads\/MOBILIARIO-1.png\" alt=\"MUEBLES\">\r\n          <\/div>\r\n                <div class=\"sektor-content\">\r\n                      <h3 class=\"sektor-title\">MUEBLES<\/h3>\r\n                                <div class=\"sektor-desc\">El fieltro, uno de los elementos indispensables de la industria del mueble, se prefiere especialmente para aplicaciones de protecci\u00f3n, amortiguaci\u00f3n y acolchado del mobiliario. Tambi\u00e9n se utiliza en sof\u00e1s, sillones y camas, y en ocasiones se elige como elemento decorati<\/div>\r\n                  <\/div>\r\n      <\/div>\r\n          <div class=\"sektor-card wow animate__fadeInUp\" data-wow-delay=\"1.4s\">\r\n                  <div class=\"sektor-image\">\r\n            <img decoding=\"async\" src=\"https:\/\/kecedunyasi.com\/es\/wp-content\/uploads\/MANUALIDADES.png\" alt=\"SASTRER\u00cdA\">\r\n          <\/div>\r\n                <div class=\"sektor-content\">\r\n                      <h3 class=\"sektor-title\">SASTRER\u00cdA<\/h3>\r\n                                <div class=\"sektor-desc\">En este sector, las principales aplicaciones del fieltro son como capa base para proporcionar estructura y rigidez a prendas como chaquetas. Adem\u00e1s, el fieltro es un material ideal para la fabricaci\u00f3n de ribetes y bandas decorativas.<\/div>\r\n                  <\/div>\r\n      <\/div>\r\n      <\/div>\r\n<\/div>\r\n\r\n","protected":false},"excerpt":{"rendered":"","protected":false},"author":1,"featured_media":420,"parent":0,"menu_order":0,"comment_status":"closed","ping_status":"closed","template":"","meta":{"_acf_changed":false,"footnotes":""},"class_list":["post-482","page","type-page","status-publish","has-post-thumbnail","hentry"],"acf":[],"yoast_head":"<!-- This site is optimized with the Yoast SEO plugin v26.9 - https:\/\/yoast.com\/product\/yoast-seo-wordpress\/ -->\n<title>Sectores - Ke\u00e7e D\u00fcnyas\u0131<\/title>\n<meta name=\"description\" content=\"\u00bfCu\u00e1les son las \u00e1reas de uso m\u00e1s comunes del fieltro, que se prefiere con frecuencia desde las industrias del mueble y la automoci\u00f3n hasta la construcci\u00f3n y el sector sanitario?\" \/>\n<meta name=\"robots\" content=\"index, follow, max-snippet:-1, max-image-preview:large, max-video-preview:-1\" \/>\n<link rel=\"canonical\" href=\"https:\/\/kecedunyasi.com\/es\/sectores\/\" \/>\n<meta property=\"og:locale\" content=\"es_ES\" \/>\n<meta property=\"og:type\" content=\"article\" \/>\n<meta property=\"og:title\" content=\"Sectores - Ke\u00e7e D\u00fcnyas\u0131\" \/>\n<meta property=\"og:description\" content=\"\u00bfCu\u00e1les son las \u00e1reas de uso m\u00e1s comunes del fieltro, que se prefiere con frecuencia desde las industrias del mueble y la automoci\u00f3n hasta la construcci\u00f3n y el sector sanitario?\" \/>\n<meta property=\"og:url\" content=\"https:\/\/kecedunyasi.com\/es\/sectores\/\" \/>\n<meta property=\"og:site_name\" content=\"Ke\u00e7e D\u00fcnyas\u0131\" \/>\n<meta property=\"article:publisher\" content=\"https:\/\/www.facebook.com\/profile.php?id=100093286748515\" \/>\n<meta property=\"article:modified_time\" content=\"2026-02-04T14:18:09+00:00\" \/>\n<meta property=\"og:image\" content=\"https:\/\/kecedunyasi.com\/es\/wp-content\/uploads\/urunler-scaled.webp\" \/>\n\t<meta property=\"og:image:width\" content=\"2560\" \/>\n\t<meta property=\"og:image:height\" content=\"600\" \/>\n\t<meta property=\"og:image:type\" content=\"image\/webp\" \/>\n<meta name=\"twitter:card\" content=\"summary_large_image\" \/>\n<meta name=\"twitter:label1\" content=\"Tiempo de lectura\" \/>\n\t<meta name=\"twitter:data1\" content=\"1 minuto\" \/>\n<script type=\"application\/ld+json\" class=\"yoast-schema-graph\">{\"@context\":\"https:\/\/schema.org\",\"@graph\":[{\"@type\":\"WebPage\",\"@id\":\"https:\/\/kecedunyasi.com\/es\/sectores\/\",\"url\":\"https:\/\/kecedunyasi.com\/es\/sectores\/\",\"name\":\"Sectores - Ke\u00e7e D\u00fcnyas\u0131\",\"isPartOf\":{\"@id\":\"https:\/\/kecedunyasi.com\/es\/#website\"},\"primaryImageOfPage\":{\"@id\":\"https:\/\/kecedunyasi.com\/es\/sectores\/#primaryimage\"},\"image\":{\"@id\":\"https:\/\/kecedunyasi.com\/es\/sectores\/#primaryimage\"},\"thumbnailUrl\":\"https:\/\/kecedunyasi.com\/es\/wp-content\/uploads\/urunler-scaled.webp\",\"datePublished\":\"2025-08-07T06:00:19+00:00\",\"dateModified\":\"2026-02-04T14:18:09+00:00\",\"description\":\"\u00bfCu\u00e1les son las \u00e1reas de uso m\u00e1s comunes del fieltro, que se prefiere con frecuencia desde las industrias del mueble y la automoci\u00f3n hasta la construcci\u00f3n y el sector sanitario?\",\"breadcrumb\":{\"@id\":\"https:\/\/kecedunyasi.com\/es\/sectores\/#breadcrumb\"},\"inLanguage\":\"es\",\"potentialAction\":[{\"@type\":\"ReadAction\",\"target\":[\"https:\/\/kecedunyasi.com\/es\/sectores\/\"]}]},{\"@type\":\"ImageObject\",\"inLanguage\":\"es\",\"@id\":\"https:\/\/kecedunyasi.com\/es\/sectores\/#primaryimage\",\"url\":\"https:\/\/kecedunyasi.com\/es\/wp-content\/uploads\/urunler-scaled.webp\",\"contentUrl\":\"https:\/\/kecedunyasi.com\/es\/wp-content\/uploads\/urunler-scaled.webp\",\"width\":2560,\"height\":600},{\"@type\":\"BreadcrumbList\",\"@id\":\"https:\/\/kecedunyasi.com\/es\/sectores\/#breadcrumb\",\"itemListElement\":[{\"@type\":\"ListItem\",\"position\":1,\"name\":\"Home\",\"item\":\"https:\/\/kecedunyasi.com\/es\/\"},{\"@type\":\"ListItem\",\"position\":2,\"name\":\"Sectores\"}]},{\"@type\":\"WebSite\",\"@id\":\"https:\/\/kecedunyasi.com\/es\/#website\",\"url\":\"https:\/\/kecedunyasi.com\/es\/\",\"name\":\"Ke\u00e7e D\u00fcnyas\u0131\",\"description\":\"\",\"publisher\":{\"@id\":\"https:\/\/kecedunyasi.com\/es\/#organization\"},\"potentialAction\":[{\"@type\":\"SearchAction\",\"target\":{\"@type\":\"EntryPoint\",\"urlTemplate\":\"https:\/\/kecedunyasi.com\/es\/?s={search_term_string}\"},\"query-input\":{\"@type\":\"PropertyValueSpecification\",\"valueRequired\":true,\"valueName\":\"search_term_string\"}}],\"inLanguage\":\"es\"},{\"@type\":\"Organization\",\"@id\":\"https:\/\/kecedunyasi.com\/es\/#organization\",\"name\":\"Ke\u00e7e D\u00fcnyas\u0131\",\"url\":\"https:\/\/kecedunyasi.com\/es\/\",\"logo\":{\"@type\":\"ImageObject\",\"inLanguage\":\"es\",\"@id\":\"https:\/\/kecedunyasi.com\/es\/#\/schema\/logo\/image\/\",\"url\":\"https:\/\/kecedunyasi.bootests.com\/wp-content\/uploads\/kece-dunyasi-og-image.webp\",\"contentUrl\":\"https:\/\/kecedunyasi.bootests.com\/wp-content\/uploads\/kece-dunyasi-og-image.webp\",\"width\":1200,\"height\":625,\"caption\":\"Ke\u00e7e D\u00fcnyas\u0131\"},\"image\":{\"@id\":\"https:\/\/kecedunyasi.com\/es\/#\/schema\/logo\/image\/\"},\"sameAs\":[\"https:\/\/www.facebook.com\/profile.php?id=100093286748515\",\"https:\/\/www.instagram.com\/tekspa.com.tr\/\"]}]}<\/script>\n<!-- \/ Yoast SEO plugin. -->","yoast_head_json":{"title":"Sectores - Ke\u00e7e D\u00fcnyas\u0131","description":"\u00bfCu\u00e1les son las \u00e1reas de uso m\u00e1s comunes del fieltro, que se prefiere con frecuencia desde las industrias del mueble y la automoci\u00f3n hasta la construcci\u00f3n y el sector sanitario?","robots":{"index":"index","follow":"follow","max-snippet":"max-snippet:-1","max-image-preview":"max-image-preview:large","max-video-preview":"max-video-preview:-1"},"canonical":"https:\/\/kecedunyasi.com\/es\/sectores\/","og_locale":"es_ES","og_type":"article","og_title":"Sectores - Ke\u00e7e D\u00fcnyas\u0131","og_description":"\u00bfCu\u00e1les son las \u00e1reas de uso m\u00e1s comunes del fieltro, que se prefiere con frecuencia desde las industrias del mueble y la automoci\u00f3n hasta la construcci\u00f3n y el sector sanitario?","og_url":"https:\/\/kecedunyasi.com\/es\/sectores\/","og_site_name":"Ke\u00e7e D\u00fcnyas\u0131","article_publisher":"https:\/\/www.facebook.com\/profile.php?id=100093286748515","article_modified_time":"2026-02-04T14:18:09+00:00","og_image":[{"width":2560,"height":600,"url":"https:\/\/kecedunyasi.com\/es\/wp-content\/uploads\/urunler-scaled.webp","type":"image\/webp"}],"twitter_card":"summary_large_image","twitter_misc":{"Tiempo de lectura":"1 minuto"},"schema":{"@context":"https:\/\/schema.org","@graph":[{"@type":"WebPage","@id":"https:\/\/kecedunyasi.com\/es\/sectores\/","url":"https:\/\/kecedunyasi.com\/es\/sectores\/","name":"Sectores - Ke\u00e7e D\u00fcnyas\u0131","isPartOf":{"@id":"https:\/\/kecedunyasi.com\/es\/#website"},"primaryImageOfPage":{"@id":"https:\/\/kecedunyasi.com\/es\/sectores\/#primaryimage"},"image":{"@id":"https:\/\/kecedunyasi.com\/es\/sectores\/#primaryimage"},"thumbnailUrl":"https:\/\/kecedunyasi.com\/es\/wp-content\/uploads\/urunler-scaled.webp","datePublished":"2025-08-07T06:00:19+00:00","dateModified":"2026-02-04T14:18:09+00:00","description":"\u00bfCu\u00e1les son las \u00e1reas de uso m\u00e1s comunes del fieltro, que se prefiere con frecuencia desde las industrias del mueble y la automoci\u00f3n hasta la construcci\u00f3n y el sector sanitario?","breadcrumb":{"@id":"https:\/\/kecedunyasi.com\/es\/sectores\/#breadcrumb"},"inLanguage":"es","potentialAction":[{"@type":"ReadAction","target":["https:\/\/kecedunyasi.com\/es\/sectores\/"]}]},{"@type":"ImageObject","inLanguage":"es","@id":"https:\/\/kecedunyasi.com\/es\/sectores\/#primaryimage","url":"https:\/\/kecedunyasi.com\/es\/wp-content\/uploads\/urunler-scaled.webp","contentUrl":"https:\/\/kecedunyasi.com\/es\/wp-content\/uploads\/urunler-scaled.webp","width":2560,"height":600},{"@type":"BreadcrumbList","@id":"https:\/\/kecedunyasi.com\/es\/sectores\/#breadcrumb","itemListElement":[{"@type":"ListItem","position":1,"name":"Home","item":"https:\/\/kecedunyasi.com\/es\/"},{"@type":"ListItem","position":2,"name":"Sectores"}]},{"@type":"WebSite","@id":"https:\/\/kecedunyasi.com\/es\/#website","url":"https:\/\/kecedunyasi.com\/es\/","name":"Ke\u00e7e D\u00fcnyas\u0131","description":"","publisher":{"@id":"https:\/\/kecedunyasi.com\/es\/#organization"},"potentialAction":[{"@type":"SearchAction","target":{"@type":"EntryPoint","urlTemplate":"https:\/\/kecedunyasi.com\/es\/?s={search_term_string}"},"query-input":{"@type":"PropertyValueSpecification","valueRequired":true,"valueName":"search_term_string"}}],"inLanguage":"es"},{"@type":"Organization","@id":"https:\/\/kecedunyasi.com\/es\/#organization","name":"Ke\u00e7e D\u00fcnyas\u0131","url":"https:\/\/kecedunyasi.com\/es\/","logo":{"@type":"ImageObject","inLanguage":"es","@id":"https:\/\/kecedunyasi.com\/es\/#\/schema\/logo\/image\/","url":"https:\/\/kecedunyasi.bootests.com\/wp-content\/uploads\/kece-dunyasi-og-image.webp","contentUrl":"https:\/\/kecedunyasi.bootests.com\/wp-content\/uploads\/kece-dunyasi-og-image.webp","width":1200,"height":625,"caption":"Ke\u00e7e D\u00fcnyas\u0131"},"image":{"@id":"https:\/\/kecedunyasi.com\/es\/#\/schema\/logo\/image\/"},"sameAs":["https:\/\/www.facebook.com\/profile.php?id=100093286748515","https:\/\/www.instagram.com\/tekspa.com.tr\/"]}]}},"_links":{"self":[{"href":"https:\/\/kecedunyasi.com\/es\/wp-json\/wp\/v2\/pages\/482","targetHints":{"allow":["GET"]}}],"collection":[{"href":"https:\/\/kecedunyasi.com\/es\/wp-json\/wp\/v2\/pages"}],"about":[{"href":"https:\/\/kecedunyasi.com\/es\/wp-json\/wp\/v2\/types\/page"}],"author":[{"embeddable":true,"href":"https:\/\/kecedunyasi.com\/es\/wp-json\/wp\/v2\/users\/1"}],"replies":[{"embeddable":true,"href":"https:\/\/kecedunyasi.com\/es\/wp-json\/wp\/v2\/comments?post=482"}],"version-history":[{"count":8,"href":"https:\/\/kecedunyasi.com\/es\/wp-json\/wp\/v2\/pages\/482\/revisions"}],"predecessor-version":[{"id":13821,"href":"https:\/\/kecedunyasi.com\/es\/wp-json\/wp\/v2\/pages\/482\/revisions\/13821"}],"wp:featuredmedia":[{"embeddable":true,"href":"https:\/\/kecedunyasi.com\/es\/wp-json\/wp\/v2\/media\/420"}],"wp:attachment":[{"href":"https:\/\/kecedunyasi.com\/es\/wp-json\/wp\/v2\/media?parent=482"}],"curies":[{"name":"wp","href":"https:\/\/api.w.org\/{rel}","templated":true}]}}